{"id":6143,"date":"2022-03-29T09:29:54","date_gmt":"2022-03-29T07:29:54","guid":{"rendered":"https:\/\/equasens.com\/wettelijke-informatie\/"},"modified":"2022-10-28T16:03:41","modified_gmt":"2022-10-28T14:03:41","slug":"wettelijke-informatie","status":"publish","type":"page","link":"https:\/\/equasens.com\/nl\/wettelijke-informatie\/","title":{"rendered":"Wettelijke informatie"},"content":{"rendered":"<div class=\"container\" data-aos=\"fade-right\"><div class=\"row\"><div class=\"medium-large-full\" >\n<p>Het hoofdkantoor is gevestigd in 5 all\u00e9e de Saint-Cloud in Villers-L\u00e8s-Nancy.<\/p>\n<\/div><\/div><\/div><div class=\"container\" data-aos=\"fade-right\"><div class=\"row\"><div class=\"medium-large-full\" >\n<p><strong>E-mail: <\/strong><a href=\"mailto:contact@equasens.com\">contact@equasens.com<\/a>&#13;\n<strong>Tel. <\/strong>0820 90 81 00<\/p>\n<\/div><\/div><\/div><div class=\"container\" data-aos=\"fade-right\"><div class=\"row\"><div class=\"medium-large-full\" >\n<p><strong>RCS <\/strong>Nancy B 403 561 137&#13;\n<strong>BTW NUMMER FR : <\/strong>39403561137&#13;\n<strong>Siret : <\/strong>403 561 137 002 05<\/p>\n<\/div><\/div><\/div><div class=\"container\" data-aos=\"fade-right\"><div class=\"row\"><div class=\"medium-large-full\" >\n<p><strong>Verantwoordelijke utigever: <\/strong>Denis SUPPLISSON<\/p>\n<\/div><\/div><\/div><div class=\"container\" data-aos=\"fade-right\"><div class=\"row\"><div class=\"medium-large-full\" >\n<h2 class=\"wp-block-heading\">Hosting<\/h2>\n<\/div><\/div><\/div><div class=\"container\" data-aos=\"fade-right\"><div class=\"row\"><div class=\"medium-large-full\" >\n<p>Equasens&#13;\n&#13;\n5 All\u00e9e de Saint-Cloud54600&#13;\nVILLERS-L\u00c8S-NANCY<\/p>\n<\/div><\/div><\/div><div class=\"container\" data-aos=\"fade-right\"><div class=\"row\"><div class=\"medium-large-full\" >\n<h2 class=\"wp-block-heading\">Gebruiksvoorwaarden<\/h2>\n<\/div><\/div><\/div><div class=\"container\" data-aos=\"fade-right\"><div class=\"row\"><div class=\"medium-large-full\" >\n<p>Deze dienst is louter bestemd voor persoonlijk gebruik.<\/p>\n<\/div><\/div><\/div><div class=\"container\" data-aos=\"fade-right\"><div class=\"row\"><div class=\"medium-large-full\" >\n<p>Elke gehele of gedeeltelijke reproductie of weergave voor enig ander doel op welke drager dan ook is verboden zonder de uitdrukkelijke voorafgaande toestemming van de Equasens Groep en zou een inbreuk vormen in de zin van de artikelen L 335-2 en volgende van het Wetboek Intellectuele Eigendom.<\/p>\n<\/div><\/div><\/div><div class=\"container\" data-aos=\"fade-right\"><div class=\"row\"><div class=\"medium-large-full\" >\n<p>Niet-naleving van dit verbod vormt een inbreuk die de burgerlijke en strafrechtelijke aansprakelijkheid van de overtreder in het geding kan brengen.<\/p>\n<\/div><\/div><\/div><div class=\"container\" data-aos=\"fade-right\"><div class=\"row\"><div class=\"medium-large-full\" >\n<p>De informatie in deze dienst is niet-bindend en kan zonder voorafgaande kennisgeving worden gewijzigd.<\/p>\n<\/div><\/div><\/div><div class=\"container\" data-aos=\"fade-right\"><div class=\"row\"><div class=\"medium-large-full\" >\n<p>De hyperlinks op de Equasens website naar andere websites en, in het algemeen, naar alle bestaande bronnen op het internet vallen niet onder de verantwoordelijkheid van het agentschap.<\/p>\n<\/div><\/div><\/div><div class=\"container\" data-aos=\"fade-right\"><div class=\"row\"><div class=\"medium-large-full\" >\n<h2 class=\"wp-block-heading\">Reproductie op papier<\/h2>\n<\/div><\/div><\/div><div class=\"container\" data-aos=\"fade-right\"><div class=\"row\"><div class=\"medium-large-full\" >\n<p>Met uitzondering van het beeldmateriaal is de reproductie op papier van de pagina&#8217;s van deze site toegestaan onder de volgende drie voorwaarden&#13;\n:- de informatie wordt gratis verspreid&#13;\n,- de integriteit van de gereproduceerde documenten wordt gewaarborgd (geen wijzigingen of veranderingen van welke aard dan ook)&#13;\n,- de website www.equasens.com wordt uitdrukkelijk als bron vermeld, samen met de vermelding dat de reproductierechten voorbehouden en strikt beperkt zijn.<\/p>\n<\/div><\/div><\/div><div class=\"container\" data-aos=\"fade-right\"><div class=\"row\"><div class=\"medium-large-full\" >\n<h2 class=\"wp-block-heading\">Reproductie op elektronische media<\/h2>\n<\/div><\/div><\/div><div class=\"container\" data-aos=\"fade-right\"><div class=\"row\"><div class=\"medium-large-full\" >\n<p>Reproductie van het geheel of een gedeelte van deze site op een elektronische drager is toegestaan op voorwaarde dat de bron www.equasens.com en de woorden &#8220;Alle rechten voorbehouden&#8221; duidelijk leesbaar worden toegevoegd.&#13;\nDe gebruikte informatie mag uitsluitend worden gebruikt voor persoonlijke of professionele doeleinden of voor het doel van een vereniging; elk gebruik voor commerci\u00eble of reclamedoeleinden is uitgesloten.&#13;\n<\/p>\n<\/div><\/div><\/div><div class=\"container\" data-aos=\"fade-right\"><div class=\"row\"><div class=\"medium-large-full\" >\n<p>De gebruikte informatie mag uitsluitend worden gebruikt voor persoonlijke of professionele doeleinden of voor het doel van een vereniging; ieder gebruik voor commerci\u00eble of reclamedoeleinden is uitgesloten.<\/p>\n<\/div><\/div><\/div><div class=\"container\" data-aos=\"fade-right\"><div class=\"row\"><div class=\"medium-large-full\" >\n<h2 class=\"wp-block-heading\">Het cre\u00ebren van links naar de website www.equasens.com<\/h2>\n<\/div><\/div><\/div><div class=\"container\" data-aos=\"fade-right\"><div class=\"row\"><div class=\"medium-large-full\" >\n<p>Equasens geeft toestemming voor het maken van een hypertext link naar haar content, onder voorbehoud van :<\/p>\n<\/div><\/div><\/div><div class=\"container\" data-aos=\"fade-right\"><div class=\"row\"><div class=\"medium-large-full\" >\n<p>Er mag geen gebruik gemaakt worden van de techniek van deep linking, d.w.z. dat de pagina&#8217;s van de website (equasens.com) niet in de pagina&#8217;s van een andere website mogen worden genest, maar toegankelijk moeten zijn door een venster te openen.<\/p>\n<\/div><\/div><\/div><div class=\"container\" data-aos=\"fade-right\"><div class=\"row\"><div class=\"medium-large-full\" >\n<p>De bron moet worden vermeld, waarbij door middel van een hypertextlink rechtstreeks naar de inhoud in kwestie wordt verwezen.<\/p>\n<\/div><\/div><\/div><div class=\"container\" data-aos=\"fade-right\"><div class=\"row\"><div class=\"medium-large-full\" >\n<p>De gebruikte informatie mag uitsluitend worden gebruikt voor persoonlijke of professionele doeleinden of voor het doel van een vereniging; ieder gebruik voor commerci\u00eble of reclamedoeleinden is uitgesloten.<\/p>\n<\/div><\/div><\/div><div class=\"container\" data-aos=\"fade-right\"><div class=\"row\"><div class=\"medium-large-full\" >\n<p>Opgelet! Deze machtiging geldt niet voor websites die informatie verspreiden van polemische, pornografische of xenofobe aard of die, in meer of mindere mate, de gevoeligheden van het grote publiek kunnen kwetsen.<\/p>\n<\/div><\/div><\/div><div class=\"container\" data-aos=\"fade-right\"><div class=\"row\"><div class=\"medium-large-full\" >\n<p>Gelieve voor ieder ander gebruik met ons contact op te nemen.<\/p>\n<\/div><\/div><\/div><div class=\"container\" data-aos=\"fade-right\"><div class=\"row\"><div class=\"medium-large-full\" >\n<h2 class=\"wp-block-heading\">Beeldmateriaal<\/h2>\n<\/div><\/div><\/div><div class=\"container\" data-aos=\"fade-right\"><div class=\"row\"><div class=\"medium-large-full\" >\n<p><strong>Foto credits: <\/strong>Equasens<\/p>\n<\/div><\/div><\/div><div class=\"container\" data-aos=\"fade-right\"><div class=\"row\"><div class=\"medium-large-full\" >\n<h2 class=\"wp-block-heading\">Vertrouwelijkheid en bescherming van persoonsgegevens<\/h2>\n<\/div><\/div><\/div><div class=\"container\" data-aos=\"fade-right\"><div class=\"row\"><div class=\"medium-large-full\" >\n<p>Overeenkomstig de Franse wet op de bescherming van persoonsgegevens nr. 78-17 van 6 januari 1978 kunt u uw inschrijvingsgegevens op elk moment wijzigen of verwijderen. Aangezien deze informatie vertrouwelijk is, verbindt de Equasens Groep zich ertoe ze te beschermen. Wij nodigen u uit <a href=\"https:\/\/equasens.com\/donnees-personnelles\/\">de pagina met persoonsgegevens<\/a> te raadplegen voor meer informatie.<\/p>\n<\/div><\/div><\/div><div class=\"container\" data-aos=\"fade-right\"><div class=\"row\"><div class=\"medium-large-full\" >\n<p>U hebt recht op toegang tot, wijziging, rechtzetting en verwijdering van de gegevens die op u betrekking hebben (art. 34 van de wet &#8220;Informatique et Libert\u00e9s&#8221; \u2013 Informatica en Vrijheden). U kunt dit recht rechtstreeks op de site uitoefenen of door contact met ons op te nemen:<\/p>\n<\/div><\/div><\/div><div class=\"container\" data-aos=\"fade-right\"><div class=\"row\"><div class=\"medium-large-full\" >\n<p>Equasens<strong>&#13;\n<\/strong>5 All\u00e9e de Saint-Cloud54600&#13;\nVILLERS-L\u00c8S-NANCY<\/p>\n<\/div><\/div><\/div><div class=\"container\" data-aos=\"fade-right\"><div class=\"row\"><div class=\"medium-large-full\" >\n<p><strong>E-mail : <\/strong><a href=\"mailto:bienvenue@billiotte.fr\">contact@equasens.com<\/a><\/p>\n<\/div><\/div><\/div><div class=\"container\" data-aos=\"fade-right\"><div class=\"row\"><div class=\"medium-large-full\" >\n<p><\/p>\n<\/div><\/div><\/div>","protected":false},"excerpt":{"rendered":"<p>Het hoofdkantoor is gevestigd in 5 all\u00e9e de Saint-Cloud in Villers-L\u00e8s-Nancy. E-mail: contact@equasens.com&#13; Tel. 0820 90 81 00 RCS Nancy B 403 561 137&#13; BTW NUMMER FR : 39403561137&#13; Siret : 403 561 137 002 05 Verantwoordelijke utigever: Denis SUPPLISSON Hosting Equasens&#13; &#13; 5 All\u00e9e de Saint-Cloud54600&#13; VILLERS-L\u00c8S-NANCY Gebruiksvoorwaarden Deze dienst is louter bestemd voor [&hellip;]<\/p>\n","protected":false},"author":1,"featured_media":0,"parent":0,"menu_order":0,"comment_status":"closed","ping_status":"closed","template":"","meta":{"_acf_changed":false,"footnotes":""},"class_list":["post-6143","page","type-page","status-publish","hentry"],"acf":[],"yoast_head":"<!-- This site is optimized with the Yoast SEO plugin v27.3 - https:\/\/yoast.com\/product\/yoast-seo-wordpress\/ -->\n<title>Wettelijke informatie - Equasens - Acteur structurant de solutions pour les professionnels de sant\u00e9<\/title>\n<meta name=\"robots\" content=\"index, follow, max-snippet:-1, max-image-preview:large, max-video-preview:-1\" \/>\n<link rel=\"canonical\" href=\"https:\/\/equasens.com\/nl\/wettelijke-informatie\/\" \/>\n<meta property=\"og:locale\" content=\"nl_NL\" \/>\n<meta property=\"og:type\" content=\"article\" \/>\n<meta property=\"og:title\" content=\"Wettelijke informatie - Equasens - Acteur structurant de solutions pour les professionnels de sant\u00e9\" \/>\n<meta property=\"og:description\" content=\"Het hoofdkantoor is gevestigd in 5 all\u00e9e de Saint-Cloud in Villers-L\u00e8s-Nancy. E-mail: contact@equasens.com&#013; Tel. 0820 90 81 00 RCS Nancy B 403 561 137&#013; BTW NUMMER FR : 39403561137&#013; Siret : 403 561 137 002 05 Verantwoordelijke utigever: Denis SUPPLISSON Hosting Equasens&#013; &#013; 5 All\u00e9e de Saint-Cloud54600&#013; VILLERS-L\u00c8S-NANCY Gebruiksvoorwaarden Deze dienst is louter bestemd voor [&hellip;]\" \/>\n<meta property=\"og:url\" content=\"https:\/\/equasens.com\/nl\/wettelijke-informatie\/\" \/>\n<meta property=\"og:site_name\" content=\"Equasens - Acteur structurant de solutions pour les professionnels de sant\u00e9\" \/>\n<meta property=\"article:modified_time\" content=\"2022-10-28T14:03:41+00:00\" \/>\n<meta name=\"twitter:card\" content=\"summary_large_image\" \/>\n<meta name=\"twitter:label1\" content=\"Geschatte leestijd\" \/>\n\t<meta name=\"twitter:data1\" content=\"3 minuten\" \/>\n<script type=\"application\/ld+json\" class=\"yoast-schema-graph\">{\"@context\":\"https:\\\/\\\/schema.org\",\"@graph\":[{\"@type\":\"WebPage\",\"@id\":\"https:\\\/\\\/equasens.com\\\/nl\\\/wettelijke-informatie\\\/\",\"url\":\"https:\\\/\\\/equasens.com\\\/nl\\\/wettelijke-informatie\\\/\",\"name\":\"Wettelijke informatie - Equasens - Acteur structurant de solutions pour les professionnels de sant\u00e9\",\"isPartOf\":{\"@id\":\"https:\\\/\\\/equasens.com\\\/nl\\\/#website\"},\"datePublished\":\"2022-03-29T07:29:54+00:00\",\"dateModified\":\"2022-10-28T14:03:41+00:00\",\"breadcrumb\":{\"@id\":\"https:\\\/\\\/equasens.com\\\/nl\\\/wettelijke-informatie\\\/#breadcrumb\"},\"inLanguage\":\"nl-NL\",\"potentialAction\":[{\"@type\":\"ReadAction\",\"target\":[\"https:\\\/\\\/equasens.com\\\/nl\\\/wettelijke-informatie\\\/\"]}]},{\"@type\":\"BreadcrumbList\",\"@id\":\"https:\\\/\\\/equasens.com\\\/nl\\\/wettelijke-informatie\\\/#breadcrumb\",\"itemListElement\":[{\"@type\":\"ListItem\",\"position\":1,\"name\":\"Accueil\",\"item\":\"https:\\\/\\\/equasens.com\\\/nl\\\/\"},{\"@type\":\"ListItem\",\"position\":2,\"name\":\"Wettelijke informatie\"}]},{\"@type\":\"WebSite\",\"@id\":\"https:\\\/\\\/equasens.com\\\/nl\\\/#website\",\"url\":\"https:\\\/\\\/equasens.com\\\/nl\\\/\",\"name\":\"Equasens - Acteur structurant de solutions pour les professionnels de sant\u00e9\",\"description\":\"Plus de technologie pour plus d&#039;humain\",\"publisher\":{\"@id\":\"https:\\\/\\\/equasens.com\\\/nl\\\/#organization\"},\"potentialAction\":[{\"@type\":\"SearchAction\",\"target\":{\"@type\":\"EntryPoint\",\"urlTemplate\":\"https:\\\/\\\/equasens.com\\\/nl\\\/?s={search_term_string}\"},\"query-input\":{\"@type\":\"PropertyValueSpecification\",\"valueRequired\":true,\"valueName\":\"search_term_string\"}}],\"inLanguage\":\"nl-NL\"},{\"@type\":\"Organization\",\"@id\":\"https:\\\/\\\/equasens.com\\\/nl\\\/#organization\",\"name\":\"Equasens - Acteur structurant de solutions pour les professionnels de sant\u00e9\",\"url\":\"https:\\\/\\\/equasens.com\\\/nl\\\/\",\"logo\":{\"@type\":\"ImageObject\",\"inLanguage\":\"nl-NL\",\"@id\":\"https:\\\/\\\/equasens.com\\\/nl\\\/#\\\/schema\\\/logo\\\/image\\\/\",\"url\":\"https:\\\/\\\/equasens.com\\\/wp-content\\\/uploads\\\/2022\\\/05\\\/cropped-logoequasens.png\",\"contentUrl\":\"https:\\\/\\\/equasens.com\\\/wp-content\\\/uploads\\\/2022\\\/05\\\/cropped-logoequasens.png\",\"width\":385,\"height\":226,\"caption\":\"Equasens - Acteur structurant de solutions pour les professionnels de sant\u00e9\"},\"image\":{\"@id\":\"https:\\\/\\\/equasens.com\\\/nl\\\/#\\\/schema\\\/logo\\\/image\\\/\"}}]}<\/script>\n<!-- \/ Yoast SEO plugin. -->","yoast_head_json":{"title":"Wettelijke informatie - Equasens - Acteur structurant de solutions pour les professionnels de sant\u00e9","robots":{"index":"index","follow":"follow","max-snippet":"max-snippet:-1","max-image-preview":"max-image-preview:large","max-video-preview":"max-video-preview:-1"},"canonical":"https:\/\/equasens.com\/nl\/wettelijke-informatie\/","og_locale":"nl_NL","og_type":"article","og_title":"Wettelijke informatie - Equasens - Acteur structurant de solutions pour les professionnels de sant\u00e9","og_description":"Het hoofdkantoor is gevestigd in 5 all\u00e9e de Saint-Cloud in Villers-L\u00e8s-Nancy. E-mail: contact@equasens.com&#13; Tel. 0820 90 81 00 RCS Nancy B 403 561 137&#13; BTW NUMMER FR : 39403561137&#13; Siret : 403 561 137 002 05 Verantwoordelijke utigever: Denis SUPPLISSON Hosting Equasens&#13; &#13; 5 All\u00e9e de Saint-Cloud54600&#13; VILLERS-L\u00c8S-NANCY Gebruiksvoorwaarden Deze dienst is louter bestemd voor [&hellip;]","og_url":"https:\/\/equasens.com\/nl\/wettelijke-informatie\/","og_site_name":"Equasens - Acteur structurant de solutions pour les professionnels de sant\u00e9","article_modified_time":"2022-10-28T14:03:41+00:00","twitter_card":"summary_large_image","twitter_misc":{"Geschatte leestijd":"3 minuten"},"schema":{"@context":"https:\/\/schema.org","@graph":[{"@type":"WebPage","@id":"https:\/\/equasens.com\/nl\/wettelijke-informatie\/","url":"https:\/\/equasens.com\/nl\/wettelijke-informatie\/","name":"Wettelijke informatie - Equasens - Acteur structurant de solutions pour les professionnels de sant\u00e9","isPartOf":{"@id":"https:\/\/equasens.com\/nl\/#website"},"datePublished":"2022-03-29T07:29:54+00:00","dateModified":"2022-10-28T14:03:41+00:00","breadcrumb":{"@id":"https:\/\/equasens.com\/nl\/wettelijke-informatie\/#breadcrumb"},"inLanguage":"nl-NL","potentialAction":[{"@type":"ReadAction","target":["https:\/\/equasens.com\/nl\/wettelijke-informatie\/"]}]},{"@type":"BreadcrumbList","@id":"https:\/\/equasens.com\/nl\/wettelijke-informatie\/#breadcrumb","itemListElement":[{"@type":"ListItem","position":1,"name":"Accueil","item":"https:\/\/equasens.com\/nl\/"},{"@type":"ListItem","position":2,"name":"Wettelijke informatie"}]},{"@type":"WebSite","@id":"https:\/\/equasens.com\/nl\/#website","url":"https:\/\/equasens.com\/nl\/","name":"Equasens - Acteur structurant de solutions pour les professionnels de sant\u00e9","description":"Plus de technologie pour plus d&#039;humain","publisher":{"@id":"https:\/\/equasens.com\/nl\/#organization"},"potentialAction":[{"@type":"SearchAction","target":{"@type":"EntryPoint","urlTemplate":"https:\/\/equasens.com\/nl\/?s={search_term_string}"},"query-input":{"@type":"PropertyValueSpecification","valueRequired":true,"valueName":"search_term_string"}}],"inLanguage":"nl-NL"},{"@type":"Organization","@id":"https:\/\/equasens.com\/nl\/#organization","name":"Equasens - Acteur structurant de solutions pour les professionnels de sant\u00e9","url":"https:\/\/equasens.com\/nl\/","logo":{"@type":"ImageObject","inLanguage":"nl-NL","@id":"https:\/\/equasens.com\/nl\/#\/schema\/logo\/image\/","url":"https:\/\/equasens.com\/wp-content\/uploads\/2022\/05\/cropped-logoequasens.png","contentUrl":"https:\/\/equasens.com\/wp-content\/uploads\/2022\/05\/cropped-logoequasens.png","width":385,"height":226,"caption":"Equasens - Acteur structurant de solutions pour les professionnels de sant\u00e9"},"image":{"@id":"https:\/\/equasens.com\/nl\/#\/schema\/logo\/image\/"}}]}},"rttpg_featured_image_url":null,"rttpg_author":{"display_name":"adminbilliotte","author_link":"https:\/\/equasens.com\/nl\/author\/adminbilliotte\/"},"rttpg_comment":0,"rttpg_category":" <a href=\"https:\/\/equasens.com\/nl\/?taxonomy=translation_priority&#038;term=optioneel\" rel=\"tag\">Optioneel<\/a>","rttpg_excerpt":"Het hoofdkantoor is gevestigd in 5 all\u00e9e de Saint-Cloud in Villers-L\u00e8s-Nancy. E-mail: contact@equasens.com&#13; Tel. 0820 90 81 00 RCS Nancy B 403 561 137&#13; BTW NUMMER FR : 39403561137&#13; Siret : 403 561 137 002 05 Verantwoordelijke utigever: Denis SUPPLISSON Hosting Equasens&#13; &#13; 5 All\u00e9e de Saint-Cloud54600&#13; VILLERS-L\u00c8S-NANCY Gebruiksvoorwaarden Deze dienst is louter bestemd voor&hellip;","_links":{"self":[{"href":"https:\/\/equasens.com\/nl\/wp-json\/wp\/v2\/pages\/6143","targetHints":{"allow":["GET"]}}],"collection":[{"href":"https:\/\/equasens.com\/nl\/wp-json\/wp\/v2\/pages"}],"about":[{"href":"https:\/\/equasens.com\/nl\/wp-json\/wp\/v2\/types\/page"}],"author":[{"embeddable":true,"href":"https:\/\/equasens.com\/nl\/wp-json\/wp\/v2\/users\/1"}],"replies":[{"embeddable":true,"href":"https:\/\/equasens.com\/nl\/wp-json\/wp\/v2\/comments?post=6143"}],"version-history":[{"count":3,"href":"https:\/\/equasens.com\/nl\/wp-json\/wp\/v2\/pages\/6143\/revisions"}],"predecessor-version":[{"id":6146,"href":"https:\/\/equasens.com\/nl\/wp-json\/wp\/v2\/pages\/6143\/revisions\/6146"}],"wp:attachment":[{"href":"https:\/\/equasens.com\/nl\/wp-json\/wp\/v2\/media?parent=6143"}],"curies":[{"name":"wp","href":"https:\/\/api.w.org\/{rel}","templated":true}]}}