{"id":6139,"date":"2022-05-19T10:54:19","date_gmt":"2022-05-19T08:54:19","guid":{"rendered":"https:\/\/equasens.com\/de-equasens-groep\/onze-verbintenissen\/"},"modified":"2023-12-20T16:27:16","modified_gmt":"2023-12-20T15:27:16","slug":"onze-verbintenissen","status":"publish","type":"page","link":"https:\/\/equasens.com\/nl\/de-equasens-groep\/onze-verbintenissen\/","title":{"rendered":"Onze verbintenissen"},"content":{"rendered":"\n<div class=\"wp-block-cover has-custom-content-position is-position-bottom-left\" style=\"min-height:430px;aspect-ratio:unset;\"><span aria-hidden=\"true\" class=\"wp-block-cover__background has-background-dim-0 has-background-dim\"><\/span><img loading=\"lazy\" decoding=\"async\" width=\"2560\" height=\"1707\" class=\"wp-block-cover__image-background wp-image-1140\" alt=\"\" src=\"https:\/\/equasens.com\/wp-content\/uploads\/2022\/05\/axigate-link-scaled.jpg\" style=\"object-position:100% 0%\" data-object-fit=\"cover\" data-object-position=\"100% 0%\"\/><div class=\"wp-block-cover__inner-container is-layout-flow wp-block-cover-is-layout-flow\"><div class=\"container\" data-aos=\"fade-right\"><div class=\"row\"><div class=\"medium-large-full\" >\n<p class=\"has-text-align-left has-text-color has-background has-x-large-font-size\" style=\"background-color:#ffffff00;color:#fefefe\"><strong>Expert in IT-oplossingen voor de gezondheidszorg in Europa<\/strong><\/p>\n<\/div><\/div><\/div><\/div><\/div>\n<div class=\"container\" data-aos=\"fade-right\"><div class=\"row\"><div class=\"medium-large-full\" >\n<div style=\"height:100px\" aria-hidden=\"true\" class=\"wp-block-spacer\"><\/div>\n<\/div><\/div><\/div><div class=\"container\" data-aos=\"fade-right\"><div class=\"row\"><div class=\"medium-large-full\" >\n<div class=\"wp-block-columns is-layout-flex wp-container-core-columns-is-layout-9d6595d7 wp-block-columns-is-layout-flex\">\n<div class=\"wp-block-column is-layout-flow wp-block-column-is-layout-flow\"><div class=\"container\" data-aos=\"fade-right\"><div class=\"row\"><div class=\"medium-large-full\" >\n<h4 class=\"wp-block-heading\">Bewezen kennis van uw bedrijf<\/h4>\n<\/div><\/div><\/div>\n\n<div class=\"container\" data-aos=\"fade-right\"><div class=\"row\"><div class=\"medium-large-full\" >\n<p><em>Met meer dan 35 jaar ervaring in elk van de beroepen in de gezondheidszorg weet de Equasens Groep hoe het diensten en oplossingen moet ontwikkelen die perfect zijn afgestemd op de behoeften van de verschillende professionele zorgverleners.<\/em><\/p>\n<\/div><\/div><\/div><\/div>\n\n\n\n<div class=\"wp-block-column is-layout-flow wp-block-column-is-layout-flow\"><div class=\"container\" data-aos=\"fade-right\"><div class=\"row\"><div class=\"medium-large-full\" >\n<h4 class=\"wp-block-heading\">Ondersteuning op maat<\/h4>\n<\/div><\/div><\/div>\n\n<div class=\"container\" data-aos=\"fade-right\"><div class=\"row\"><div class=\"medium-large-full\" >\n<p><em>Wij werken in projectvorm, voor private of overheidsinstellingen, en wij luisteren naar onze stakeholders. Wij begeleiden ook zelfstandige zorgverleners, via &#8220;industri\u00eble&#8221; processen, auditing en gepersonaliseerde begeleiding, opleiding en ondersteuning.<\/em><\/p>\n<\/div><\/div><\/div><\/div>\n\n\n\n<div class=\"wp-block-column is-layout-flow wp-block-column-is-layout-flow\"><div class=\"container\" data-aos=\"fade-right\"><div class=\"row\"><div class=\"medium-large-full\" >\n<h4 class=\"wp-block-heading\">Naleving van de regelgeving<\/h4>\n<\/div><\/div><\/div>\n\n<div class=\"container\" data-aos=\"fade-right\"><div class=\"row\"><div class=\"medium-large-full\" >\n<p><em>De Equasens Groep ziet er voortdurend op toe dat de regelgeving wordt nageleefd. Wij hebben het hoogste accreditatieniveau en laten onze systemen regelmatig op hun naleving van de wetgeving controleren.&#13;\nDe gegevensverwerking is in overeenstemming met de Europese GDPR-verordening waarin een nieuwe manier om om te gaan met gezondheidsgegevens is vastgelegd.<\/em><\/p>\n<\/div><\/div><\/div><\/div>\n<\/div>\n<\/div><\/div><\/div><div class=\"container\" data-aos=\"fade-right\"><div class=\"row\"><div class=\"medium-large-full\" >\n<div class=\"wp-block-columns is-layout-flex wp-container-core-columns-is-layout-9d6595d7 wp-block-columns-is-layout-flex\">\n<div class=\"wp-block-column is-layout-flow wp-block-column-is-layout-flow\"><div class=\"container\" data-aos=\"fade-right\"><div class=\"row\"><div class=\"medium-large-full\" >\n<h4 class=\"wp-block-heading\">Voor de gezondheid en het welzijn van onze pati\u00ebnten<\/h4>\n<\/div><\/div><\/div>\n\n<div class=\"container\" data-aos=\"fade-right\"><div class=\"row\"><div class=\"medium-large-full\" >\n<p><em>De Equasens Groep is zich ervan bewust dat onze software-oplossingen een impact kunnen hebben op de gezondheid van pati\u00ebnten. Daarom werkt het elke dag aan de verdere verbetering van zijn oplossingen om de zorgverleners een 360\u00b0 zicht te geven op hun pati\u00ebnten zodat zij hen zo een effici\u00ebntere zorg kunnen verlenen.<\/em><\/p>\n<\/div><\/div><\/div><\/div>\n\n\n\n<div class=\"wp-block-column is-layout-flow wp-block-column-is-layout-flow\"><div class=\"container\" data-aos=\"fade-right\"><div class=\"row\"><div class=\"medium-large-full\" >\n<h4 class=\"wp-block-heading\">Voor de co\u00f6rdinatie van het zorgtraject, naar het zorgsysteem van morgen<\/h4>\n<\/div><\/div><\/div>\n\n<div class=\"container\" data-aos=\"fade-right\"><div class=\"row\"><div class=\"medium-large-full\" >\n<p><em>Ons doel is de co\u00f6rdinatie van de diverse gezondheidsactoren en de gegevensuitwisseling rond de pati\u00ebnt te verbeteren, maar ook de effici\u00ebntie van de gezondheidsstelsels te verhogen. De juiste informatie, aan de juiste zorgverlener, op het juiste moment, voor de juiste pati\u00ebnt. Zo versterken wij onze positionering en onze pati\u00ebntgerichte strategie, die wij al meer dan 10 jaar als onze leidraad hanteren.<\/em>&#13;\n&#13;\n\u00a0<\/p>\n<\/div><\/div><\/div><\/div>\n\n\n\n<div class=\"wp-block-column is-layout-flow wp-block-column-is-layout-flow\"><\/div>\n<\/div>\n<\/div><\/div><\/div><div class=\"container\" data-aos=\"fade-right\"><div class=\"row\"><div class=\"medium-large-full\" >\n<div style=\"height:100px\" aria-hidden=\"true\" class=\"wp-block-spacer\"><\/div>\n<\/div><\/div><\/div>","protected":false},"excerpt":{"rendered":"<p>Bewezen kennis van uw bedrijf Met meer dan 35 jaar ervaring in elk van de beroepen in de gezondheidszorg weet de Equasens Groep hoe het diensten en oplossingen moet ontwikkelen die perfect zijn afgestemd op de behoeften van de verschillende professionele zorgverleners. Ondersteuning op maat Wij werken in projectvorm, voor private of overheidsinstellingen, en wij [&hellip;]<\/p>\n","protected":false},"author":1,"featured_media":0,"parent":6131,"menu_order":20,"comment_status":"closed","ping_status":"closed","template":"","meta":{"_acf_changed":false,"footnotes":""},"class_list":["post-6139","page","type-page","status-publish","hentry"],"acf":[],"yoast_head":"<!-- This site is optimized with the Yoast SEO plugin v27.3 - https:\/\/yoast.com\/product\/yoast-seo-wordpress\/ -->\n<title>Onze verbintenissen - Equasens - Acteur structurant de solutions pour les professionnels de sant\u00e9<\/title>\n<meta name=\"robots\" content=\"index, follow, max-snippet:-1, max-image-preview:large, max-video-preview:-1\" \/>\n<link rel=\"canonical\" href=\"https:\/\/equasens.com\/nl\/de-equasens-groep\/onze-verbintenissen\/\" \/>\n<meta property=\"og:locale\" content=\"nl_NL\" \/>\n<meta property=\"og:type\" content=\"article\" \/>\n<meta property=\"og:title\" content=\"Onze verbintenissen - Equasens - Acteur structurant de solutions pour les professionnels de sant\u00e9\" \/>\n<meta property=\"og:description\" content=\"Bewezen kennis van uw bedrijf Met meer dan 35 jaar ervaring in elk van de beroepen in de gezondheidszorg weet de Equasens Groep hoe het diensten en oplossingen moet ontwikkelen die perfect zijn afgestemd op de behoeften van de verschillende professionele zorgverleners. Ondersteuning op maat Wij werken in projectvorm, voor private of overheidsinstellingen, en wij [&hellip;]\" \/>\n<meta property=\"og:url\" content=\"https:\/\/equasens.com\/nl\/de-equasens-groep\/onze-verbintenissen\/\" \/>\n<meta property=\"og:site_name\" content=\"Equasens - Acteur structurant de solutions pour les professionnels de sant\u00e9\" \/>\n<meta property=\"article:modified_time\" content=\"2023-12-20T15:27:16+00:00\" \/>\n<meta property=\"og:image\" content=\"https:\/\/equasens.com\/wp-content\/uploads\/2022\/05\/axigate-link-scaled.jpg\" \/>\n<meta name=\"twitter:card\" content=\"summary_large_image\" \/>\n<meta name=\"twitter:label1\" content=\"Geschatte leestijd\" \/>\n\t<meta name=\"twitter:data1\" content=\"2 minuten\" \/>\n<script type=\"application\/ld+json\" class=\"yoast-schema-graph\">{\"@context\":\"https:\\\/\\\/schema.org\",\"@graph\":[{\"@type\":\"WebPage\",\"@id\":\"https:\\\/\\\/equasens.com\\\/nl\\\/de-equasens-groep\\\/onze-verbintenissen\\\/\",\"url\":\"https:\\\/\\\/equasens.com\\\/nl\\\/de-equasens-groep\\\/onze-verbintenissen\\\/\",\"name\":\"Onze verbintenissen - Equasens - Acteur structurant de solutions pour les professionnels de sant\u00e9\",\"isPartOf\":{\"@id\":\"https:\\\/\\\/equasens.com\\\/nl\\\/#website\"},\"primaryImageOfPage\":{\"@id\":\"https:\\\/\\\/equasens.com\\\/nl\\\/de-equasens-groep\\\/onze-verbintenissen\\\/#primaryimage\"},\"image\":{\"@id\":\"https:\\\/\\\/equasens.com\\\/nl\\\/de-equasens-groep\\\/onze-verbintenissen\\\/#primaryimage\"},\"thumbnailUrl\":\"https:\\\/\\\/equasens.com\\\/wp-content\\\/uploads\\\/2022\\\/05\\\/axigate-link-scaled.jpg\",\"datePublished\":\"2022-05-19T08:54:19+00:00\",\"dateModified\":\"2023-12-20T15:27:16+00:00\",\"breadcrumb\":{\"@id\":\"https:\\\/\\\/equasens.com\\\/nl\\\/de-equasens-groep\\\/onze-verbintenissen\\\/#breadcrumb\"},\"inLanguage\":\"nl-NL\",\"potentialAction\":[{\"@type\":\"ReadAction\",\"target\":[\"https:\\\/\\\/equasens.com\\\/nl\\\/de-equasens-groep\\\/onze-verbintenissen\\\/\"]}]},{\"@type\":\"ImageObject\",\"inLanguage\":\"nl-NL\",\"@id\":\"https:\\\/\\\/equasens.com\\\/nl\\\/de-equasens-groep\\\/onze-verbintenissen\\\/#primaryimage\",\"url\":\"https:\\\/\\\/equasens.com\\\/wp-content\\\/uploads\\\/2022\\\/05\\\/axigate-link-scaled.jpg\",\"contentUrl\":\"https:\\\/\\\/equasens.com\\\/wp-content\\\/uploads\\\/2022\\\/05\\\/axigate-link-scaled.jpg\"},{\"@type\":\"BreadcrumbList\",\"@id\":\"https:\\\/\\\/equasens.com\\\/nl\\\/de-equasens-groep\\\/onze-verbintenissen\\\/#breadcrumb\",\"itemListElement\":[{\"@type\":\"ListItem\",\"position\":1,\"name\":\"Accueil\",\"item\":\"https:\\\/\\\/equasens.com\\\/nl\\\/\"},{\"@type\":\"ListItem\",\"position\":2,\"name\":\"Groep\",\"item\":\"https:\\\/\\\/equasens.com\\\/nl\\\/de-equasens-groep\\\/\"},{\"@type\":\"ListItem\",\"position\":3,\"name\":\"Onze verbintenissen\"}]},{\"@type\":\"WebSite\",\"@id\":\"https:\\\/\\\/equasens.com\\\/nl\\\/#website\",\"url\":\"https:\\\/\\\/equasens.com\\\/nl\\\/\",\"name\":\"Equasens - Acteur structurant de solutions pour les professionnels de sant\u00e9\",\"description\":\"Plus de technologie pour plus d&#039;humain\",\"publisher\":{\"@id\":\"https:\\\/\\\/equasens.com\\\/nl\\\/#organization\"},\"potentialAction\":[{\"@type\":\"SearchAction\",\"target\":{\"@type\":\"EntryPoint\",\"urlTemplate\":\"https:\\\/\\\/equasens.com\\\/nl\\\/?s={search_term_string}\"},\"query-input\":{\"@type\":\"PropertyValueSpecification\",\"valueRequired\":true,\"valueName\":\"search_term_string\"}}],\"inLanguage\":\"nl-NL\"},{\"@type\":\"Organization\",\"@id\":\"https:\\\/\\\/equasens.com\\\/nl\\\/#organization\",\"name\":\"Equasens - Acteur structurant de solutions pour les professionnels de sant\u00e9\",\"url\":\"https:\\\/\\\/equasens.com\\\/nl\\\/\",\"logo\":{\"@type\":\"ImageObject\",\"inLanguage\":\"nl-NL\",\"@id\":\"https:\\\/\\\/equasens.com\\\/nl\\\/#\\\/schema\\\/logo\\\/image\\\/\",\"url\":\"https:\\\/\\\/equasens.com\\\/wp-content\\\/uploads\\\/2022\\\/05\\\/cropped-logoequasens.png\",\"contentUrl\":\"https:\\\/\\\/equasens.com\\\/wp-content\\\/uploads\\\/2022\\\/05\\\/cropped-logoequasens.png\",\"width\":385,\"height\":226,\"caption\":\"Equasens - Acteur structurant de solutions pour les professionnels de sant\u00e9\"},\"image\":{\"@id\":\"https:\\\/\\\/equasens.com\\\/nl\\\/#\\\/schema\\\/logo\\\/image\\\/\"}}]}<\/script>\n<!-- \/ Yoast SEO plugin. -->","yoast_head_json":{"title":"Onze verbintenissen - Equasens - Acteur structurant de solutions pour les professionnels de sant\u00e9","robots":{"index":"index","follow":"follow","max-snippet":"max-snippet:-1","max-image-preview":"max-image-preview:large","max-video-preview":"max-video-preview:-1"},"canonical":"https:\/\/equasens.com\/nl\/de-equasens-groep\/onze-verbintenissen\/","og_locale":"nl_NL","og_type":"article","og_title":"Onze verbintenissen - Equasens - Acteur structurant de solutions pour les professionnels de sant\u00e9","og_description":"Bewezen kennis van uw bedrijf Met meer dan 35 jaar ervaring in elk van de beroepen in de gezondheidszorg weet de Equasens Groep hoe het diensten en oplossingen moet ontwikkelen die perfect zijn afgestemd op de behoeften van de verschillende professionele zorgverleners. Ondersteuning op maat Wij werken in projectvorm, voor private of overheidsinstellingen, en wij [&hellip;]","og_url":"https:\/\/equasens.com\/nl\/de-equasens-groep\/onze-verbintenissen\/","og_site_name":"Equasens - Acteur structurant de solutions pour les professionnels de sant\u00e9","article_modified_time":"2023-12-20T15:27:16+00:00","og_image":[{"url":"https:\/\/equasens.com\/wp-content\/uploads\/2022\/05\/axigate-link-scaled.jpg","type":"","width":"","height":""}],"twitter_card":"summary_large_image","twitter_misc":{"Geschatte leestijd":"2 minuten"},"schema":{"@context":"https:\/\/schema.org","@graph":[{"@type":"WebPage","@id":"https:\/\/equasens.com\/nl\/de-equasens-groep\/onze-verbintenissen\/","url":"https:\/\/equasens.com\/nl\/de-equasens-groep\/onze-verbintenissen\/","name":"Onze verbintenissen - Equasens - Acteur structurant de solutions pour les professionnels de sant\u00e9","isPartOf":{"@id":"https:\/\/equasens.com\/nl\/#website"},"primaryImageOfPage":{"@id":"https:\/\/equasens.com\/nl\/de-equasens-groep\/onze-verbintenissen\/#primaryimage"},"image":{"@id":"https:\/\/equasens.com\/nl\/de-equasens-groep\/onze-verbintenissen\/#primaryimage"},"thumbnailUrl":"https:\/\/equasens.com\/wp-content\/uploads\/2022\/05\/axigate-link-scaled.jpg","datePublished":"2022-05-19T08:54:19+00:00","dateModified":"2023-12-20T15:27:16+00:00","breadcrumb":{"@id":"https:\/\/equasens.com\/nl\/de-equasens-groep\/onze-verbintenissen\/#breadcrumb"},"inLanguage":"nl-NL","potentialAction":[{"@type":"ReadAction","target":["https:\/\/equasens.com\/nl\/de-equasens-groep\/onze-verbintenissen\/"]}]},{"@type":"ImageObject","inLanguage":"nl-NL","@id":"https:\/\/equasens.com\/nl\/de-equasens-groep\/onze-verbintenissen\/#primaryimage","url":"https:\/\/equasens.com\/wp-content\/uploads\/2022\/05\/axigate-link-scaled.jpg","contentUrl":"https:\/\/equasens.com\/wp-content\/uploads\/2022\/05\/axigate-link-scaled.jpg"},{"@type":"BreadcrumbList","@id":"https:\/\/equasens.com\/nl\/de-equasens-groep\/onze-verbintenissen\/#breadcrumb","itemListElement":[{"@type":"ListItem","position":1,"name":"Accueil","item":"https:\/\/equasens.com\/nl\/"},{"@type":"ListItem","position":2,"name":"Groep","item":"https:\/\/equasens.com\/nl\/de-equasens-groep\/"},{"@type":"ListItem","position":3,"name":"Onze verbintenissen"}]},{"@type":"WebSite","@id":"https:\/\/equasens.com\/nl\/#website","url":"https:\/\/equasens.com\/nl\/","name":"Equasens - Acteur structurant de solutions pour les professionnels de sant\u00e9","description":"Plus de technologie pour plus d&#039;humain","publisher":{"@id":"https:\/\/equasens.com\/nl\/#organization"},"potentialAction":[{"@type":"SearchAction","target":{"@type":"EntryPoint","urlTemplate":"https:\/\/equasens.com\/nl\/?s={search_term_string}"},"query-input":{"@type":"PropertyValueSpecification","valueRequired":true,"valueName":"search_term_string"}}],"inLanguage":"nl-NL"},{"@type":"Organization","@id":"https:\/\/equasens.com\/nl\/#organization","name":"Equasens - Acteur structurant de solutions pour les professionnels de sant\u00e9","url":"https:\/\/equasens.com\/nl\/","logo":{"@type":"ImageObject","inLanguage":"nl-NL","@id":"https:\/\/equasens.com\/nl\/#\/schema\/logo\/image\/","url":"https:\/\/equasens.com\/wp-content\/uploads\/2022\/05\/cropped-logoequasens.png","contentUrl":"https:\/\/equasens.com\/wp-content\/uploads\/2022\/05\/cropped-logoequasens.png","width":385,"height":226,"caption":"Equasens - Acteur structurant de solutions pour les professionnels de sant\u00e9"},"image":{"@id":"https:\/\/equasens.com\/nl\/#\/schema\/logo\/image\/"}}]}},"rttpg_featured_image_url":null,"rttpg_author":{"display_name":"adminbilliotte","author_link":"https:\/\/equasens.com\/nl\/author\/adminbilliotte\/"},"rttpg_comment":0,"rttpg_category":" <a href=\"https:\/\/equasens.com\/nl\/?taxonomy=translation_priority&#038;term=optioneel\" rel=\"tag\">Optioneel<\/a>","rttpg_excerpt":"Bewezen kennis van uw bedrijf Met meer dan 35 jaar ervaring in elk van de beroepen in de gezondheidszorg weet de Equasens Groep hoe het diensten en oplossingen moet ontwikkelen die perfect zijn afgestemd op de behoeften van de verschillende professionele zorgverleners. Ondersteuning op maat Wij werken in projectvorm, voor private of overheidsinstellingen, en wij&hellip;","_links":{"self":[{"href":"https:\/\/equasens.com\/nl\/wp-json\/wp\/v2\/pages\/6139","targetHints":{"allow":["GET"]}}],"collection":[{"href":"https:\/\/equasens.com\/nl\/wp-json\/wp\/v2\/pages"}],"about":[{"href":"https:\/\/equasens.com\/nl\/wp-json\/wp\/v2\/types\/page"}],"author":[{"embeddable":true,"href":"https:\/\/equasens.com\/nl\/wp-json\/wp\/v2\/users\/1"}],"replies":[{"embeddable":true,"href":"https:\/\/equasens.com\/nl\/wp-json\/wp\/v2\/comments?post=6139"}],"version-history":[{"count":7,"href":"https:\/\/equasens.com\/nl\/wp-json\/wp\/v2\/pages\/6139\/revisions"}],"predecessor-version":[{"id":10280,"href":"https:\/\/equasens.com\/nl\/wp-json\/wp\/v2\/pages\/6139\/revisions\/10280"}],"up":[{"embeddable":true,"href":"https:\/\/equasens.com\/nl\/wp-json\/wp\/v2\/pages\/6131"}],"wp:attachment":[{"href":"https:\/\/equasens.com\/nl\/wp-json\/wp\/v2\/media?parent=6139"}],"curies":[{"name":"wp","href":"https:\/\/api.w.org\/{rel}","templated":true}]}}