{"id":11701,"date":"2022-05-19T10:54:40","date_gmt":"2022-05-19T08:54:40","guid":{"rendered":"https:\/\/equasens.com\/de-equasens-groep\/onze-strategie\/"},"modified":"2023-12-20T14:41:44","modified_gmt":"2023-12-20T13:41:44","slug":"onze-strategie","status":"publish","type":"page","link":"https:\/\/equasens.com\/nl\/de-equasens-groep\/onze-strategie\/","title":{"rendered":"Onze strategie"},"content":{"rendered":"\n<div class=\"wp-block-cover is-light has-custom-content-position is-position-bottom-left\" style=\"min-height:430px;aspect-ratio:unset;\"><span aria-hidden=\"true\" class=\"wp-block-cover__background has-dark-blue-background-color has-background-dim-20 has-background-dim\"><\/span><img loading=\"lazy\" decoding=\"async\" width=\"2560\" height=\"1707\" class=\"wp-block-cover__image-background wp-image-6480\" alt=\"\" src=\"http:\/\/equasens.com\/wp-content\/uploads\/2022\/11\/88A7110-1-scaled-1.jpg\" style=\"object-position:56% 13%\" data-object-fit=\"cover\" data-object-position=\"56% 13%\"\/><div class=\"wp-block-cover__inner-container is-layout-flow wp-block-cover-is-layout-flow\"><div class=\"container\" data-aos=\"fade-right\"><div class=\"row\"><div class=\"medium-large-full\" >\n<p class=\"has-text-align-left has-text-color\" style=\"color:#fefefe;font-size:30px\"><p>Digitale gezondheid en interoperabiliteit<br\/>staan centraal in de projecten en innovaties van de Equasens Groep<\/p><\/p>\n<\/div><\/div><\/div><\/div><\/div>\n<div class=\"container\" data-aos=\"fade-right\"><div class=\"row\"><div class=\"medium-large-full\" >\n<div class=\"wp-block-columns is-layout-flex wp-container-core-columns-is-layout-9d6595d7 wp-block-columns-is-layout-flex\">\n<div class=\"wp-block-column is-layout-flow wp-block-column-is-layout-flow\" style=\"flex-basis:10%\"><\/div>\n\n\n\n<div class=\"wp-block-column is-layout-flow wp-block-column-is-layout-flow\" style=\"flex-basis:80%\"><div class=\"container\" data-aos=\"fade-right\"><div class=\"row\"><div class=\"medium-large-full\" >\n<div style=\"height:60px\" aria-hidden=\"true\" class=\"wp-block-spacer\"><\/div>\n<\/div><\/div><\/div>\n\n<div class=\"container\" data-aos=\"fade-right\"><div class=\"row\"><div class=\"medium-large-full\" >\n<p><p><strong>De Equasens Groep ondersteunt professionele zorgverleners bij de transformatie van hun beroepsactiviteit.<\/strong><\/p><\/p>\n<\/div><\/div><\/div>\n\n<div class=\"container\" data-aos=\"fade-right\"><div class=\"row\"><div class=\"medium-large-full\" >\n<p class=\"has-text-align-left\"><p>De zorgsector moet vandaag zowat overal in Europa een antwoord zien te vinden gelijkaardige uitdagingen: de coronacrisis, de vergrijzing en de toenemende vraag naar zorg, nieuwe markten, de digitale gezondheid, digitalisering van het zorgtraject, lokale regelgeving, almaar hogere eisen van de pati\u00ebnt, rentabiliteits- en prestatiedoelstellingen, nieuwe beveiligingsvereisten, enz.<\/p><p>De zorgsector ondergaat dan ook ingrijpende veranderingen en staat voor een grote, welbekende uitdaging: garanties bieden op een goed geco\u00f6rdineerd, continu en traceerbaar zorgtraject om zo ons zorgsysteem nog effici\u00ebnter te maken. Met name op het gebied van e-gezondheidszorg ontstaan er nieuwe initiatieven die op deze veranderingen inspelen.<\/p><\/p>\n<\/div><\/div><\/div><\/div>\n\n\n\n<div class=\"wp-block-column is-layout-flow wp-block-column-is-layout-flow\" style=\"flex-basis:10%\"><\/div>\n<\/div>\n<\/div><\/div><\/div><section id=\"fullwidth-block_67a05f1b6d3dacb6e5edd4cf7ceaaaf1\" class=\"block-fullwidth is-style-background-dark-blue \"   data-aos=\"fade-down\">\n    \n<div class=\"container\" data-aos=\"fade-right\"><div class=\"row\"><div class=\"medium-large-full\" >\n<div class=\"wp-block-columns are-vertically-aligned-center is-layout-flex wp-container-core-columns-is-layout-9d6595d7 wp-block-columns-is-layout-flex\">\n<div class=\"wp-block-column is-vertically-aligned-center is-layout-flow wp-block-column-is-layout-flow\" style=\"flex-basis:33.33%\"><div class=\"wp-block-image is-style-default\"><div class=\"container\" data-aos=\"fade-right\"><div class=\"row\"><div class=\"medium-large-full\" >\n<figure class=\"alignright size-full is-resized\"><img loading=\"lazy\" decoding=\"async\" src=\"http:\/\/equasens.com\/wp-content\/uploads\/2022\/06\/denis-supplisson.png\" alt=\"\" class=\"wp-image-3094\" width=\"388\" height=\"388\"\/><\/figure>\n<\/div><\/div><\/div><\/div><\/div>\n\n\n\n<div class=\"wp-block-column is-vertically-aligned-center is-layout-flow wp-block-column-is-layout-flow\" style=\"flex-basis:66.66%\"><div class=\"container\" data-aos=\"fade-right\"><div class=\"row\"><div class=\"medium-large-full\" >\n<blockquote class=\"wp-block-quote is-style-equasens is-layout-flow wp-block-quote-is-layout-flow\" style=\"font-size:14px\"><div class=\"container\" data-aos=\"fade-right\"><div class=\"row\"><div class=\"medium-large-full\" >\n<p>Onze innovatieve oplossingen om gezondheidsgegevens te delen en te beveiligen zorgen ervoor dat gezondheidswerkers makkelijker informatie met elkaar uitwisselen, de pati\u00ebnten medisch beter worden opgevolgd, en oudere pati\u00ebnten langer gezond, zelfstandig thuis kunnen blijven wonen, dankzij verbonden, veilige, gebruiksvriendelijke oplossingen op maat van ieders omgeving.<\/p>\n<\/div><\/div><\/div><cite>Denis SUPPLISSON<br>Directeur G\u00e9n\u00e9ral du Groupe Equasens <\/cite><\/blockquote>\n<\/div><\/div><\/div><\/div>\n<\/div>\n<\/div><\/div><\/div>\n\n<\/section>\n<div class=\"container\" data-aos=\"fade-right\"><div class=\"row\"><div class=\"medium-large-full\" >\n<div style=\"height:38px\" aria-hidden=\"true\" class=\"wp-block-spacer\"><\/div>\n<\/div><\/div><\/div><div class=\"container\" data-aos=\"fade-right\"><div class=\"row\"><div class=\"medium-large-full\" >\n<div class=\"wp-block-columns is-layout-flex wp-container-core-columns-is-layout-9d6595d7 wp-block-columns-is-layout-flex\">\n<div class=\"wp-block-column is-vertically-aligned-center is-layout-flow wp-block-column-is-layout-flow\"><div class=\"wp-block-image is-style-default\"><div class=\"container\" data-aos=\"fade-right\"><div class=\"row\"><div class=\"medium-large-full\" >\n<figure class=\"aligncenter size-large is-resized\"><img loading=\"lazy\" decoding=\"async\" src=\"http:\/\/equasens.com\/wp-content\/uploads\/2022\/11\/EQUASENS_2022_RoueMAJ2-e1667485614273.png\" alt=\"\" class=\"wp-image-6204\" width=\"661\" height=\"372\"\/><\/figure>\n<\/div><\/div><\/div><\/div><\/div>\n\n\n\n<div class=\"wp-block-column is-layout-flow wp-block-column-is-layout-flow\"><div class=\"container\" data-aos=\"fade-right\"><div class=\"row\"><div class=\"medium-large-full\" >\n<p><\/p>\n<\/div><\/div><\/div>\n\n<div class=\"container\" data-aos=\"fade-right\"><div class=\"row\"><div class=\"medium-large-full\" >\n<p>Elke pati\u00ebnt ontmoet regelmatig een brede waaier aan gezondheidswerkers en paramedici, in verschillende omgevingen: in de apotheek, de dokterspraktijk, paramedische praktijk, thuis, in het ziekenhuis of in het woon- en zorgcentrum.<\/p>\n<\/div><\/div><\/div>\n\n<div class=\"container\" data-aos=\"fade-right\"><div class=\"row\"><div class=\"medium-large-full\" >\n<p style=\"font-size:17px\">Een goede interactie tussen al deze professionele zorgverleners is van essentieel belang: om veilige zorgverlening te garanderen of de naleving van doktersvoorschriften te bevorderen, om de uitwisseling en analyse van gezondheidsgegevens te vergemakkelijken, maar ook om de toegang tot zorg, vaccinatie of preventie te vergemakkelijken, om onderbrekingen in de zorg voor de pati\u00ebnt te vermijden of om problemen die het moeilijk maken om de pati\u00ebnt langer thuis te laten wonen, te voorkomen, of om een beroep op spoedeisende hulp of op een ziekenhuisopname te vermijden of uit te stellen.<\/p>\n<\/div><\/div><\/div>\n\n<div class=\"container\" data-aos=\"fade-right\"><div class=\"row\"><div class=\"medium-large-full\" >\n<p><p><strong>Gewoonweg voor een betere gezondheid en een beter welzijn van de pati\u00ebnt<\/strong><\/p><\/p>\n<\/div><\/div><\/div><\/div>\n<\/div>\n<\/div><\/div><\/div><div class=\"container\" data-aos=\"fade-right\"><div class=\"row\"><div class=\"medium-large-full\" >\n<div style=\"height:42px\" aria-hidden=\"true\" class=\"wp-block-spacer\"><\/div>\n<\/div><\/div><\/div><section id=\"fullwidth-block_67a05f1b6d3dacb6e5edd4cf7ceaaaf1\" class=\"block-fullwidth is-style-background-dark-blue \"   data-aos=\"fade-down\">\n    \n<div class=\"container\" data-aos=\"fade-right\"><div class=\"row\"><div class=\"medium-large-full\" >\n<div class=\"wp-block-columns is-layout-flex wp-container-core-columns-is-layout-9d6595d7 wp-block-columns-is-layout-flex\">\n<div class=\"wp-block-column is-vertically-aligned-center is-layout-flow wp-block-column-is-layout-flow\" style=\"flex-basis:33.33%\"><div class=\"wp-block-image is-style-default\"><div class=\"container\" data-aos=\"fade-right\"><div class=\"row\"><div class=\"medium-large-full\" >\n<figure class=\"alignright size-large is-resized\"><img loading=\"lazy\" decoding=\"async\" src=\"http:\/\/equasens.com\/wp-content\/uploads\/2022\/11\/BJ_5661_BD-1018x1024.png\" alt=\"\" class=\"wp-image-6356\" width=\"388\" height=\"256\"\/><\/figure>\n<\/div><\/div><\/div><\/div><\/div>\n\n\n\n<div class=\"wp-block-column is-vertically-aligned-center is-layout-flow wp-block-column-is-layout-flow\" style=\"flex-basis:66.66%\"><div class=\"container\" data-aos=\"fade-right\"><div class=\"row\"><div class=\"medium-large-full\" >\n<blockquote class=\"wp-block-quote is-style-equasens is-layout-flow wp-block-quote-is-layout-flow\" style=\"font-size:14px\"><div class=\"container\" data-aos=\"fade-right\"><div class=\"row\"><div class=\"medium-large-full\" >\n<p>We zien het als onze taak om gezondheidswerkers, pati\u00ebnten, gebruikers, klanten, partners of medewerkers m\u00e9\u00e9r technologie te bieden en hun leven zo gemakkelijker te maken.&#13;\n&#13;\nElke dag brengen onze teams dit engagement in de praktijk door mee te werken aan volksgezondheidsprogramma&#8217;s, door het de spelers in de zorg makkelijker te maken informatie met elkaar uit te wisselen en door gebruikers en pati\u00ebnten innovatieve oplossingen te bieden binnen een beveiligd technisch kader dat voortdurend met zijn tijd mee evolueert.<\/p>\n<\/div><\/div><\/div><cite>Gr\u00e9goire de Rotalier<br>Directeur G\u00e9n\u00e9ral D\u00e9l\u00e9gu\u00e9 du Groupe Equasens<\/cite><\/blockquote>\n<\/div><\/div><\/div><\/div>\n<\/div>\n<\/div><\/div><\/div>\n\n<\/section>\n<div class=\"container\" data-aos=\"fade-right\"><div class=\"row\"><div class=\"medium-large-full\" >\n<div style=\"height:67px\" aria-hidden=\"true\" class=\"wp-block-spacer\"><\/div>\n<\/div><\/div><\/div><div class=\"container\" data-aos=\"fade-right\"><div class=\"row\"><div class=\"medium-large-full\" >\n<h2 class=\"wp-block-heading\">PandaLab : een compleet ecosysteem<\/h2>\n<\/div><\/div><\/div><div class=\"container\" data-aos=\"fade-right\"><div class=\"row\"><div class=\"medium-large-full\" >\n<p><p>PandaLab biedt een brede waaier van software en diensten aan voor professionele zorgverleners, zorginstellingen en pati\u00ebnten.<br\/>PandaLab beoogt de uitwisseling en betere co\u00f6rdinatie tussen de gezondheidsactoren te bevorderen.<br\/>PandaLab is een open ecosysteem dat een antwoord biedt op verschillende uitdagingen: een vlottere toegang tot zorg, een betere zorg voor de pati\u00ebnt in alle stadia van zijn zorgtraject, een sterkere co\u00f6rdinatie tussen alle spelers, met name tussen de zorgverlening buiten en in het ziekenhuis, en een sterkere inzet op preventie.<\/p><\/p>\n<\/div><\/div><\/div><div class=\"container\" data-aos=\"fade-right\"><div class=\"row\"><div class=\"medium-large-full\" >\n<p>Deze diensten dragen de merknaam PandaLab, en het gaat onder meer om:&#13;\n&#8211; een toepassing voor pati\u00ebnten: PandaLab Mijn gezondheid&#13;\n&#8211; interprofessionele instant messaging: PandaLab Pro,&#13;\n&#8211; een beveiligd uitwisselingsplatform waarmee alle toepassingen in de gezondheidszorg eenvoudig kunnen samenwerken: PandaLab Hub.<\/p>\n<\/div><\/div><\/div>","protected":false},"excerpt":{"rendered":"<p>De Equasens Groep ondersteunt professionele zorgverleners bij de transformatie van hun beroepsactiviteit. De zorgsector moet vandaag zowat overal in Europa een antwoord zien te vinden gelijkaardige uitdagingen: de coronacrisis, de vergrijzing en de toenemende vraag naar zorg, nieuwe markten, de digitale gezondheid, digitalisering van het zorgtraject, lokale regelgeving, almaar hogere eisen van de pati\u00ebnt, rentabiliteits- [&hellip;]<\/p>\n","protected":false},"author":1,"featured_media":0,"parent":6131,"menu_order":19,"comment_status":"closed","ping_status":"closed","template":"","meta":{"_acf_changed":false,"footnotes":""},"class_list":["post-11701","page","type-page","status-publish","hentry"],"acf":[],"yoast_head":"<!-- This site is optimized with the Yoast SEO plugin v27.3 - https:\/\/yoast.com\/product\/yoast-seo-wordpress\/ -->\n<title>Onze strategie - Equasens - Acteur structurant de solutions pour les professionnels de sant\u00e9<\/title>\n<meta name=\"robots\" content=\"index, follow, max-snippet:-1, max-image-preview:large, max-video-preview:-1\" \/>\n<link rel=\"canonical\" href=\"https:\/\/equasens.com\/nl\/de-equasens-groep\/onze-strategie\/\" \/>\n<meta property=\"og:locale\" content=\"nl_NL\" \/>\n<meta property=\"og:type\" content=\"article\" \/>\n<meta property=\"og:title\" content=\"Onze strategie - Equasens - Acteur structurant de solutions pour les professionnels de sant\u00e9\" \/>\n<meta property=\"og:description\" content=\"De Equasens Groep ondersteunt professionele zorgverleners bij de transformatie van hun beroepsactiviteit. De zorgsector moet vandaag zowat overal in Europa een antwoord zien te vinden gelijkaardige uitdagingen: de coronacrisis, de vergrijzing en de toenemende vraag naar zorg, nieuwe markten, de digitale gezondheid, digitalisering van het zorgtraject, lokale regelgeving, almaar hogere eisen van de pati\u00ebnt, rentabiliteits- [&hellip;]\" \/>\n<meta property=\"og:url\" content=\"https:\/\/equasens.com\/nl\/de-equasens-groep\/onze-strategie\/\" \/>\n<meta property=\"og:site_name\" content=\"Equasens - Acteur structurant de solutions pour les professionnels de sant\u00e9\" \/>\n<meta property=\"article:modified_time\" content=\"2023-12-20T13:41:44+00:00\" \/>\n<meta property=\"og:image\" content=\"https:\/\/equasens.com\/wp-content\/uploads\/2022\/11\/88A7110-1-scaled-1.jpg\" \/>\n<meta name=\"twitter:card\" content=\"summary_large_image\" \/>\n<meta name=\"twitter:label1\" content=\"Geschatte leestijd\" \/>\n\t<meta name=\"twitter:data1\" content=\"3 minuten\" \/>\n<script type=\"application\/ld+json\" class=\"yoast-schema-graph\">{\"@context\":\"https:\\\/\\\/schema.org\",\"@graph\":[{\"@type\":\"WebPage\",\"@id\":\"https:\\\/\\\/equasens.com\\\/nl\\\/de-equasens-groep\\\/onze-strategie\\\/\",\"url\":\"https:\\\/\\\/equasens.com\\\/nl\\\/de-equasens-groep\\\/onze-strategie\\\/\",\"name\":\"Onze strategie - Equasens - Acteur structurant de solutions pour les professionnels de sant\u00e9\",\"isPartOf\":{\"@id\":\"https:\\\/\\\/equasens.com\\\/nl\\\/#website\"},\"primaryImageOfPage\":{\"@id\":\"https:\\\/\\\/equasens.com\\\/nl\\\/de-equasens-groep\\\/onze-strategie\\\/#primaryimage\"},\"image\":{\"@id\":\"https:\\\/\\\/equasens.com\\\/nl\\\/de-equasens-groep\\\/onze-strategie\\\/#primaryimage\"},\"thumbnailUrl\":\"http:\\\/\\\/equasens.com\\\/wp-content\\\/uploads\\\/2022\\\/11\\\/88A7110-1-scaled-1.jpg\",\"datePublished\":\"2022-05-19T08:54:40+00:00\",\"dateModified\":\"2023-12-20T13:41:44+00:00\",\"breadcrumb\":{\"@id\":\"https:\\\/\\\/equasens.com\\\/nl\\\/de-equasens-groep\\\/onze-strategie\\\/#breadcrumb\"},\"inLanguage\":\"nl-NL\",\"potentialAction\":[{\"@type\":\"ReadAction\",\"target\":[\"https:\\\/\\\/equasens.com\\\/nl\\\/de-equasens-groep\\\/onze-strategie\\\/\"]}]},{\"@type\":\"ImageObject\",\"inLanguage\":\"nl-NL\",\"@id\":\"https:\\\/\\\/equasens.com\\\/nl\\\/de-equasens-groep\\\/onze-strategie\\\/#primaryimage\",\"url\":\"http:\\\/\\\/equasens.com\\\/wp-content\\\/uploads\\\/2022\\\/11\\\/88A7110-1-scaled-1.jpg\",\"contentUrl\":\"http:\\\/\\\/equasens.com\\\/wp-content\\\/uploads\\\/2022\\\/11\\\/88A7110-1-scaled-1.jpg\"},{\"@type\":\"BreadcrumbList\",\"@id\":\"https:\\\/\\\/equasens.com\\\/nl\\\/de-equasens-groep\\\/onze-strategie\\\/#breadcrumb\",\"itemListElement\":[{\"@type\":\"ListItem\",\"position\":1,\"name\":\"Accueil\",\"item\":\"https:\\\/\\\/equasens.com\\\/nl\\\/\"},{\"@type\":\"ListItem\",\"position\":2,\"name\":\"Groep\",\"item\":\"https:\\\/\\\/equasens.com\\\/nl\\\/de-equasens-groep\\\/\"},{\"@type\":\"ListItem\",\"position\":3,\"name\":\"Onze strategie\"}]},{\"@type\":\"WebSite\",\"@id\":\"https:\\\/\\\/equasens.com\\\/nl\\\/#website\",\"url\":\"https:\\\/\\\/equasens.com\\\/nl\\\/\",\"name\":\"Equasens - Acteur structurant de solutions pour les professionnels de sant\u00e9\",\"description\":\"Plus de technologie pour plus d&#039;humain\",\"publisher\":{\"@id\":\"https:\\\/\\\/equasens.com\\\/nl\\\/#organization\"},\"potentialAction\":[{\"@type\":\"SearchAction\",\"target\":{\"@type\":\"EntryPoint\",\"urlTemplate\":\"https:\\\/\\\/equasens.com\\\/nl\\\/?s={search_term_string}\"},\"query-input\":{\"@type\":\"PropertyValueSpecification\",\"valueRequired\":true,\"valueName\":\"search_term_string\"}}],\"inLanguage\":\"nl-NL\"},{\"@type\":\"Organization\",\"@id\":\"https:\\\/\\\/equasens.com\\\/nl\\\/#organization\",\"name\":\"Equasens - Acteur structurant de solutions pour les professionnels de sant\u00e9\",\"url\":\"https:\\\/\\\/equasens.com\\\/nl\\\/\",\"logo\":{\"@type\":\"ImageObject\",\"inLanguage\":\"nl-NL\",\"@id\":\"https:\\\/\\\/equasens.com\\\/nl\\\/#\\\/schema\\\/logo\\\/image\\\/\",\"url\":\"https:\\\/\\\/equasens.com\\\/wp-content\\\/uploads\\\/2022\\\/05\\\/cropped-logoequasens.png\",\"contentUrl\":\"https:\\\/\\\/equasens.com\\\/wp-content\\\/uploads\\\/2022\\\/05\\\/cropped-logoequasens.png\",\"width\":385,\"height\":226,\"caption\":\"Equasens - Acteur structurant de solutions pour les professionnels de sant\u00e9\"},\"image\":{\"@id\":\"https:\\\/\\\/equasens.com\\\/nl\\\/#\\\/schema\\\/logo\\\/image\\\/\"}}]}<\/script>\n<!-- \/ Yoast SEO plugin. -->","yoast_head_json":{"title":"Onze strategie - Equasens - Acteur structurant de solutions pour les professionnels de sant\u00e9","robots":{"index":"index","follow":"follow","max-snippet":"max-snippet:-1","max-image-preview":"max-image-preview:large","max-video-preview":"max-video-preview:-1"},"canonical":"https:\/\/equasens.com\/nl\/de-equasens-groep\/onze-strategie\/","og_locale":"nl_NL","og_type":"article","og_title":"Onze strategie - Equasens - Acteur structurant de solutions pour les professionnels de sant\u00e9","og_description":"De Equasens Groep ondersteunt professionele zorgverleners bij de transformatie van hun beroepsactiviteit. De zorgsector moet vandaag zowat overal in Europa een antwoord zien te vinden gelijkaardige uitdagingen: de coronacrisis, de vergrijzing en de toenemende vraag naar zorg, nieuwe markten, de digitale gezondheid, digitalisering van het zorgtraject, lokale regelgeving, almaar hogere eisen van de pati\u00ebnt, rentabiliteits- [&hellip;]","og_url":"https:\/\/equasens.com\/nl\/de-equasens-groep\/onze-strategie\/","og_site_name":"Equasens - Acteur structurant de solutions pour les professionnels de sant\u00e9","article_modified_time":"2023-12-20T13:41:44+00:00","og_image":[{"url":"https:\/\/equasens.com\/wp-content\/uploads\/2022\/11\/88A7110-1-scaled-1.jpg","type":"","width":"","height":""}],"twitter_card":"summary_large_image","twitter_misc":{"Geschatte leestijd":"3 minuten"},"schema":{"@context":"https:\/\/schema.org","@graph":[{"@type":"WebPage","@id":"https:\/\/equasens.com\/nl\/de-equasens-groep\/onze-strategie\/","url":"https:\/\/equasens.com\/nl\/de-equasens-groep\/onze-strategie\/","name":"Onze strategie - Equasens - Acteur structurant de solutions pour les professionnels de sant\u00e9","isPartOf":{"@id":"https:\/\/equasens.com\/nl\/#website"},"primaryImageOfPage":{"@id":"https:\/\/equasens.com\/nl\/de-equasens-groep\/onze-strategie\/#primaryimage"},"image":{"@id":"https:\/\/equasens.com\/nl\/de-equasens-groep\/onze-strategie\/#primaryimage"},"thumbnailUrl":"http:\/\/equasens.com\/wp-content\/uploads\/2022\/11\/88A7110-1-scaled-1.jpg","datePublished":"2022-05-19T08:54:40+00:00","dateModified":"2023-12-20T13:41:44+00:00","breadcrumb":{"@id":"https:\/\/equasens.com\/nl\/de-equasens-groep\/onze-strategie\/#breadcrumb"},"inLanguage":"nl-NL","potentialAction":[{"@type":"ReadAction","target":["https:\/\/equasens.com\/nl\/de-equasens-groep\/onze-strategie\/"]}]},{"@type":"ImageObject","inLanguage":"nl-NL","@id":"https:\/\/equasens.com\/nl\/de-equasens-groep\/onze-strategie\/#primaryimage","url":"http:\/\/equasens.com\/wp-content\/uploads\/2022\/11\/88A7110-1-scaled-1.jpg","contentUrl":"http:\/\/equasens.com\/wp-content\/uploads\/2022\/11\/88A7110-1-scaled-1.jpg"},{"@type":"BreadcrumbList","@id":"https:\/\/equasens.com\/nl\/de-equasens-groep\/onze-strategie\/#breadcrumb","itemListElement":[{"@type":"ListItem","position":1,"name":"Accueil","item":"https:\/\/equasens.com\/nl\/"},{"@type":"ListItem","position":2,"name":"Groep","item":"https:\/\/equasens.com\/nl\/de-equasens-groep\/"},{"@type":"ListItem","position":3,"name":"Onze strategie"}]},{"@type":"WebSite","@id":"https:\/\/equasens.com\/nl\/#website","url":"https:\/\/equasens.com\/nl\/","name":"Equasens - Acteur structurant de solutions pour les professionnels de sant\u00e9","description":"Plus de technologie pour plus d&#039;humain","publisher":{"@id":"https:\/\/equasens.com\/nl\/#organization"},"potentialAction":[{"@type":"SearchAction","target":{"@type":"EntryPoint","urlTemplate":"https:\/\/equasens.com\/nl\/?s={search_term_string}"},"query-input":{"@type":"PropertyValueSpecification","valueRequired":true,"valueName":"search_term_string"}}],"inLanguage":"nl-NL"},{"@type":"Organization","@id":"https:\/\/equasens.com\/nl\/#organization","name":"Equasens - Acteur structurant de solutions pour les professionnels de sant\u00e9","url":"https:\/\/equasens.com\/nl\/","logo":{"@type":"ImageObject","inLanguage":"nl-NL","@id":"https:\/\/equasens.com\/nl\/#\/schema\/logo\/image\/","url":"https:\/\/equasens.com\/wp-content\/uploads\/2022\/05\/cropped-logoequasens.png","contentUrl":"https:\/\/equasens.com\/wp-content\/uploads\/2022\/05\/cropped-logoequasens.png","width":385,"height":226,"caption":"Equasens - Acteur structurant de solutions pour les professionnels de sant\u00e9"},"image":{"@id":"https:\/\/equasens.com\/nl\/#\/schema\/logo\/image\/"}}]}},"rttpg_featured_image_url":null,"rttpg_author":{"display_name":"adminbilliotte","author_link":"https:\/\/equasens.com\/nl\/author\/adminbilliotte\/"},"rttpg_comment":0,"rttpg_category":" <a href=\"https:\/\/equasens.com\/nl\/?taxonomy=translation_priority&#038;term=optioneel\" rel=\"tag\">Optioneel<\/a>","rttpg_excerpt":"De Equasens Groep ondersteunt professionele zorgverleners bij de transformatie van hun beroepsactiviteit. De zorgsector moet vandaag zowat overal in Europa een antwoord zien te vinden gelijkaardige uitdagingen: de coronacrisis, de vergrijzing en de toenemende vraag naar zorg, nieuwe markten, de digitale gezondheid, digitalisering van het zorgtraject, lokale regelgeving, almaar hogere eisen van de pati\u00ebnt, rentabiliteits-&hellip;","_links":{"self":[{"href":"https:\/\/equasens.com\/nl\/wp-json\/wp\/v2\/pages\/11701","targetHints":{"allow":["GET"]}}],"collection":[{"href":"https:\/\/equasens.com\/nl\/wp-json\/wp\/v2\/pages"}],"about":[{"href":"https:\/\/equasens.com\/nl\/wp-json\/wp\/v2\/types\/page"}],"author":[{"embeddable":true,"href":"https:\/\/equasens.com\/nl\/wp-json\/wp\/v2\/users\/1"}],"replies":[{"embeddable":true,"href":"https:\/\/equasens.com\/nl\/wp-json\/wp\/v2\/comments?post=11701"}],"version-history":[{"count":3,"href":"https:\/\/equasens.com\/nl\/wp-json\/wp\/v2\/pages\/11701\/revisions"}],"predecessor-version":[{"id":11704,"href":"https:\/\/equasens.com\/nl\/wp-json\/wp\/v2\/pages\/11701\/revisions\/11704"}],"up":[{"embeddable":true,"href":"https:\/\/equasens.com\/nl\/wp-json\/wp\/v2\/pages\/6131"}],"wp:attachment":[{"href":"https:\/\/equasens.com\/nl\/wp-json\/wp\/v2\/media?parent=11701"}],"curies":[{"name":"wp","href":"https:\/\/api.w.org\/{rel}","templated":true}]}}