{"id":6123,"date":"2022-05-19T10:54:40","date_gmt":"2022-05-19T08:54:40","guid":{"rendered":"https:\/\/equasens.com\/la-nostra-strategia\/"},"modified":"2024-02-20T16:32:18","modified_gmt":"2024-02-20T15:32:18","slug":"la-nostra-strategia","status":"publish","type":"page","link":"https:\/\/equasens.com\/it\/il-gruppo\/la-nostra-strategia\/","title":{"rendered":"La nostra strategia"},"content":{"rendered":"\n<div class=\"wp-block-cover is-light has-custom-content-position is-position-bottom-left\" style=\"min-height:430px;aspect-ratio:unset;\"><span aria-hidden=\"true\" class=\"wp-block-cover__background has-dark-blue-background-color has-background-dim-20 has-background-dim\"><\/span><img loading=\"lazy\" decoding=\"async\" width=\"2560\" height=\"1707\" class=\"wp-block-cover__image-background wp-image-6480\" alt=\"\" src=\"http:\/\/equasens.com\/wp-content\/uploads\/2022\/11\/88A7110-1-scaled-1.jpg\" style=\"object-position:56% 13%\" data-object-fit=\"cover\" data-object-position=\"56% 13%\"\/><div class=\"wp-block-cover__inner-container is-layout-flow wp-block-cover-is-layout-flow\"><div class=\"container\" data-aos=\"fade-right\"><div class=\"row\"><div class=\"medium-large-full\" >\n<p class=\"has-text-align-left has-text-color\" style=\"color:#fefefe;font-size:30px\"><strong>La digitalizzazione del settore sanitario e l&#8217;interoperabilit\u00e0 al centro dei progetti e delle innovazioni del Gruppo Equasens<\/strong><\/p>\n<\/div><\/div><\/div><\/div><\/div>\n<div class=\"container\" data-aos=\"fade-right\"><div class=\"row\"><div class=\"medium-large-full\" >\n<div class=\"wp-block-columns is-layout-flex wp-container-core-columns-is-layout-9d6595d7 wp-block-columns-is-layout-flex\">\n<div class=\"wp-block-column is-layout-flow wp-block-column-is-layout-flow\" style=\"flex-basis:10%\"><\/div>\n\n\n\n<div class=\"wp-block-column is-layout-flow wp-block-column-is-layout-flow\" style=\"flex-basis:80%\"><div class=\"container\" data-aos=\"fade-right\"><div class=\"row\"><div class=\"medium-large-full\" >\n<div style=\"height:60px\" aria-hidden=\"true\" class=\"wp-block-spacer\"><\/div>\n<\/div><\/div><\/div>\n\n<div class=\"container\" data-aos=\"fade-right\"><div class=\"row\"><div class=\"medium-large-full\" >\n<p><strong>Il Gruppo Equasens assiste le professioni sanitarie nella trasformazione del loro lavoro.<\/strong><\/p>\n<\/div><\/div><\/div>\n\n<div class=\"container\" data-aos=\"fade-right\"><div class=\"row\"><div class=\"medium-large-full\" >\n<p class=\"has-text-align-left\">I Paesi europei presentano una situazione sanitaria simile: crisi epidemica, invecchiamento della popolazione e aumento della domanda assistenziale, nuove necessit\u00e0, sanit\u00e0 digitale, digitalizzazione del percorso sanitario, normative locali, incremento delle esigenze dei pazienti, obiettivi di redditivit\u00e0 e di ricerca della performance, nuovi requisiti di sicurezza, ecc.&#13;\n&#13;\nIl mondo della sanit\u00e0 subisce profondi cambiamenti, ma la sfida \u00e8 chiara: garantire il coordinamento, la continuit\u00e0 e la tracciabilit\u00e0 del percorso assistenziale per una migliore efficienza del sistema sanitario. La risposta a questi sviluppi \u00e8 la creazione di nuovi servizi, in particolare nel campo della sanit\u00e0 elettronica.<\/p>\n<\/div><\/div><\/div><\/div>\n\n\n\n<div class=\"wp-block-column is-layout-flow wp-block-column-is-layout-flow\" style=\"flex-basis:10%\"><\/div>\n<\/div>\n<\/div><\/div><\/div><section id=\"fullwidth-block_c9f45fb17a15a3185d64ede48276e0a1\" class=\"block-fullwidth is-style-background-dark-blue \"   data-aos=\"fade-down\">\n    \n<div class=\"container\" data-aos=\"fade-right\"><div class=\"row\"><div class=\"medium-large-full\" >\n<div class=\"wp-block-columns are-vertically-aligned-center is-layout-flex wp-container-core-columns-is-layout-9d6595d7 wp-block-columns-is-layout-flex\">\n<div class=\"wp-block-column is-vertically-aligned-center is-layout-flow wp-block-column-is-layout-flow\" style=\"flex-basis:33.33%\"><div class=\"wp-block-image is-style-default\"><div class=\"container\" data-aos=\"fade-right\"><div class=\"row\"><div class=\"medium-large-full\" >\n<figure class=\"alignright size-full is-resized\"><img loading=\"lazy\" decoding=\"async\" src=\"http:\/\/equasens.com\/wp-content\/uploads\/2022\/06\/denis-supplisson.png\" alt=\"\" class=\"wp-image-3094\" width=\"388\" height=\"388\"\/><\/figure>\n<\/div><\/div><\/div><\/div><\/div>\n\n\n\n<div class=\"wp-block-column is-vertically-aligned-center is-layout-flow wp-block-column-is-layout-flow\" style=\"flex-basis:66.66%\"><div class=\"container\" data-aos=\"fade-right\"><div class=\"row\"><div class=\"medium-large-full\" >\n<blockquote class=\"wp-block-quote is-style-equasens is-layout-flow wp-block-quote-is-layout-flow\" style=\"font-size:14px\"><div class=\"container\" data-aos=\"fade-right\"><div class=\"row\"><div class=\"medium-large-full\" >\n<p>Oggi siamo in grado di agevolare gli scambi tra le professioni sanitarie, di ottimizzare il follow-up dei pazienti grazie alle nostre soluzioni innovative, alla condivisione e alla messa in sicurezza dei dati sanitari. Aiutiamo i pazienti anziani a vivere pi\u00f9 a lungo nelle proprie case, in migliori condizioni di salute e con una maggiore autonomia, grazie a soluzioni connesse, sicure e facili da usare, adatte all&#8217;ambiente di ciascuno.<\/p>\n<\/div><\/div><\/div><cite>Denis SUPPLISSON<br>Directeur G\u00e9n\u00e9ral du Groupe Equasens <\/cite><\/blockquote>\n<\/div><\/div><\/div><\/div>\n<\/div>\n<\/div><\/div><\/div>\n\n<\/section>\n<div class=\"container\" data-aos=\"fade-right\"><div class=\"row\"><div class=\"medium-large-full\" >\n<div style=\"height:38px\" aria-hidden=\"true\" class=\"wp-block-spacer\"><\/div>\n<\/div><\/div><\/div><div class=\"container\" data-aos=\"fade-right\"><div class=\"row\"><div class=\"medium-large-full\" >\n<div class=\"wp-block-columns is-layout-flex wp-container-core-columns-is-layout-9d6595d7 wp-block-columns-is-layout-flex\">\n<div class=\"wp-block-column is-vertically-aligned-center is-layout-flow wp-block-column-is-layout-flow\"><div class=\"wp-block-image is-style-default\"><div class=\"container\" data-aos=\"fade-right\"><div class=\"row\"><div class=\"medium-large-full\" >\n<figure class=\"aligncenter size-large is-resized\"><img loading=\"lazy\" decoding=\"async\" src=\"http:\/\/equasens.com\/wp-content\/uploads\/2022\/11\/EQUASENS_2022_RoueMAJ2-e1667485614273.png\" alt=\"\" class=\"wp-image-6204\" width=\"661\" height=\"372\"\/><\/figure>\n<\/div><\/div><\/div><\/div><\/div>\n\n\n\n<div class=\"wp-block-column is-layout-flow wp-block-column-is-layout-flow\"><div class=\"container\" data-aos=\"fade-right\"><div class=\"row\"><div class=\"medium-large-full\" >\n<p><\/p>\n<\/div><\/div><\/div>\n\n<div class=\"container\" data-aos=\"fade-right\"><div class=\"row\"><div class=\"medium-large-full\" >\n<p>I pazienti incontrano regolarmente molti medici e paramedici in luoghi diversi: in farmacia, in studi professionali, a domicilio, in ospedale o in RSA.<\/p>\n<\/div><\/div><\/div>\n\n<div class=\"container\" data-aos=\"fade-right\"><div class=\"row\"><div class=\"medium-large-full\" >\n<p style=\"font-size:17px\">Una buona interazione tra tutti attori della salute \u00e8 essenziale per garantire la sicurezza nella dispensazione dei farmaci e per favorire l&#8217;aderenza terapeutica, per agevolare lo scambio e l&#8217;analisi dei dati sanitari, per semplificare l&#8217;accesso alle cure, alle vaccinazioni e alla prevenzione, per evitare discontinuit\u00e0 nell&#8217;assistenza ai pazienti e difficolt\u00e0 nel mantenimento dei pazienti a domicilio, ma anche per evitare o ritardare il ricorso al pronto soccorso o al ricovero.<\/p>\n<\/div><\/div><\/div>\n\n<div class=\"container\" data-aos=\"fade-right\"><div class=\"row\"><div class=\"medium-large-full\" >\n<p><strong>Semplicemente per migliorare la salute e il benessere dei pazienti.<\/strong><\/p>\n<\/div><\/div><\/div><\/div>\n<\/div>\n<\/div><\/div><\/div><div class=\"container\" data-aos=\"fade-right\"><div class=\"row\"><div class=\"medium-large-full\" >\n<div style=\"height:42px\" aria-hidden=\"true\" class=\"wp-block-spacer\"><\/div>\n<\/div><\/div><\/div><section id=\"fullwidth-block_c9f45fb17a15a3185d64ede48276e0a1\" class=\"block-fullwidth is-style-background-dark-blue \"   data-aos=\"fade-down\">\n    \n<div class=\"container\" data-aos=\"fade-right\"><div class=\"row\"><div class=\"medium-large-full\" >\n<div class=\"wp-block-columns is-layout-flex wp-container-core-columns-is-layout-9d6595d7 wp-block-columns-is-layout-flex\">\n<div class=\"wp-block-column is-vertically-aligned-center is-layout-flow wp-block-column-is-layout-flow\" style=\"flex-basis:33.33%\"><div class=\"wp-block-image is-style-default\"><div class=\"container\" data-aos=\"fade-right\"><div class=\"row\"><div class=\"medium-large-full\" >\n<figure class=\"alignright size-large is-resized\"><img loading=\"lazy\" decoding=\"async\" src=\"http:\/\/equasens.com\/wp-content\/uploads\/2022\/11\/BJ_5661_BD-1018x1024.png\" alt=\"\" class=\"wp-image-6356\" width=\"388\" height=\"256\"\/><\/figure>\n<\/div><\/div><\/div><\/div><\/div>\n\n\n\n<div class=\"wp-block-column is-vertically-aligned-center is-layout-flow wp-block-column-is-layout-flow\" style=\"flex-basis:66.66%\"><div class=\"container\" data-aos=\"fade-right\"><div class=\"row\"><div class=\"medium-large-full\" >\n<blockquote class=\"wp-block-quote is-style-equasens is-layout-flow wp-block-quote-is-layout-flow\" style=\"font-size:14px\"><div class=\"container\" data-aos=\"fade-right\"><div class=\"row\"><div class=\"medium-large-full\" >\n<p>Ci impegniamo ad accompagnare operatori sanitari, pazienti, utenti, clienti, partner e collaboratori mettendo a loro disposizione sempre pi\u00f9 soluzioni tecnologiche.&#13;\n&#13;\n\u00c8 una promessa che le nostre risorse mantengono ogni giorno, partecipando a programmi di salute pubblica, favorendo gli scambi tra gli operatori del sistema salute e offrendo a utenti e pazienti soluzioni inedite in un contesto tecnico sicuro e scalabile.<\/p>\n<\/div><\/div><\/div><cite>Gr\u00e9goire de Rotalier<br>Directeur G\u00e9n\u00e9ral D\u00e9l\u00e9gu\u00e9 du Groupe Equasens<\/cite><\/blockquote>\n<\/div><\/div><\/div><\/div>\n<\/div>\n<\/div><\/div><\/div>\n\n<\/section>\n<div class=\"container\" data-aos=\"fade-right\"><div class=\"row\"><div class=\"medium-large-full\" >\n<div style=\"height:67px\" aria-hidden=\"true\" class=\"wp-block-spacer\"><\/div>\n<\/div><\/div><\/div><div class=\"container\" data-aos=\"fade-right\"><div class=\"row\"><div class=\"medium-large-full\" >\n<h2 class=\"wp-block-heading\">PandaLab: un ecosistema completo<\/h2>\n<\/div><\/div><\/div><div class=\"container\" data-aos=\"fade-right\"><div class=\"row\"><div class=\"medium-large-full\" >\n<p>PandaLab offre una serie di software e di servizi per strutture e professioni sanitarie e per pazienti.&#13;\nL&#8217;obiettivo \u00e8 agevolare i rapporti e favorire il coordinamento tra gli attori del sistema sanitario.&#13;\nPandaLab \u00e8 un ecosistema aperto che risponde alle seguenti sfide: promuovere l&#8217;accesso alle cure, migliorare l&#8217;assistenza ai pazienti in tutte le fasi del loro percorso, rafforzare il coordinamento tra tutti gli attori, soprattutto fuori e dentro l&#8217;ospedale, e favorire la prevenzione.<\/p>\n<\/div><\/div><\/div><div class=\"container\" data-aos=\"fade-right\"><div class=\"row\"><div class=\"medium-large-full\" >\n<p>Questi servizi sono riuniti sotto il marchio PandaLab e comprendono:&#13;\n\u2022 un&#8217;applicazione per il paziente:\u00a0<strong>PandaLab Ma Sant\u00e9<\/strong>&#13;\n\u2022 un sistema di messaggistica istantanea interprofessionale:\u00a0<strong>PandaLab Pro,<\/strong>&#13;\n\u2022 una piattaforma di intermediazione sicura per permettere a tutte le applicazioni sanitarie di dialogare facilmente tra loro:\u00a0<strong>PandaLab Hub.<\/strong><\/p>\n<\/div><\/div><\/div>","protected":false},"excerpt":{"rendered":"<p>Il Gruppo Equasens assiste le professioni sanitarie nella trasformazione del loro lavoro. I Paesi europei presentano una situazione sanitaria simile: crisi epidemica, invecchiamento della popolazione e aumento della domanda assistenziale, nuove necessit\u00e0, sanit\u00e0 digitale, digitalizzazione del percorso sanitario, normative locali, incremento delle esigenze dei pazienti, obiettivi di redditivit\u00e0 e di ricerca della performance, nuovi requisiti [&hellip;]<\/p>\n","protected":false},"author":1,"featured_media":0,"parent":12851,"menu_order":19,"comment_status":"closed","ping_status":"closed","template":"","meta":{"_acf_changed":false,"footnotes":""},"class_list":["post-6123","page","type-page","status-publish","hentry"],"acf":[],"yoast_head":"<!-- This site is optimized with the Yoast SEO plugin v27.3 - https:\/\/yoast.com\/product\/yoast-seo-wordpress\/ -->\n<title>La nostra strategia - Equasens - Acteur structurant de solutions pour les professionnels de sant\u00e9<\/title>\n<meta name=\"robots\" content=\"index, follow, max-snippet:-1, max-image-preview:large, max-video-preview:-1\" \/>\n<link rel=\"canonical\" href=\"https:\/\/equasens.com\/it\/il-gruppo\/la-nostra-strategia\/\" \/>\n<meta property=\"og:locale\" content=\"it_IT\" \/>\n<meta property=\"og:type\" content=\"article\" \/>\n<meta property=\"og:title\" content=\"La nostra strategia - Equasens - Acteur structurant de solutions pour les professionnels de sant\u00e9\" \/>\n<meta property=\"og:description\" content=\"Il Gruppo Equasens assiste le professioni sanitarie nella trasformazione del loro lavoro. I Paesi europei presentano una situazione sanitaria simile: crisi epidemica, invecchiamento della popolazione e aumento della domanda assistenziale, nuove necessit\u00e0, sanit\u00e0 digitale, digitalizzazione del percorso sanitario, normative locali, incremento delle esigenze dei pazienti, obiettivi di redditivit\u00e0 e di ricerca della performance, nuovi requisiti [&hellip;]\" \/>\n<meta property=\"og:url\" content=\"https:\/\/equasens.com\/it\/il-gruppo\/la-nostra-strategia\/\" \/>\n<meta property=\"og:site_name\" content=\"Equasens - Acteur structurant de solutions pour les professionnels de sant\u00e9\" \/>\n<meta property=\"article:modified_time\" content=\"2024-02-20T15:32:18+00:00\" \/>\n<meta property=\"og:image\" content=\"https:\/\/equasens.com\/wp-content\/uploads\/2022\/11\/88A7110-1-scaled-1.jpg\" \/>\n<meta name=\"twitter:card\" content=\"summary_large_image\" \/>\n<meta name=\"twitter:label1\" content=\"Tempo di lettura stimato\" \/>\n\t<meta name=\"twitter:data1\" content=\"2 minuti\" \/>\n<script type=\"application\/ld+json\" class=\"yoast-schema-graph\">{\"@context\":\"https:\\\/\\\/schema.org\",\"@graph\":[{\"@type\":\"WebPage\",\"@id\":\"https:\\\/\\\/equasens.com\\\/it\\\/il-gruppo\\\/la-nostra-strategia\\\/\",\"url\":\"https:\\\/\\\/equasens.com\\\/it\\\/il-gruppo\\\/la-nostra-strategia\\\/\",\"name\":\"La nostra strategia - Equasens - Acteur structurant de solutions pour les professionnels de sant\u00e9\",\"isPartOf\":{\"@id\":\"https:\\\/\\\/equasens.com\\\/it\\\/#website\"},\"primaryImageOfPage\":{\"@id\":\"https:\\\/\\\/equasens.com\\\/it\\\/il-gruppo\\\/la-nostra-strategia\\\/#primaryimage\"},\"image\":{\"@id\":\"https:\\\/\\\/equasens.com\\\/it\\\/il-gruppo\\\/la-nostra-strategia\\\/#primaryimage\"},\"thumbnailUrl\":\"http:\\\/\\\/equasens.com\\\/wp-content\\\/uploads\\\/2022\\\/11\\\/88A7110-1-scaled-1.jpg\",\"datePublished\":\"2022-05-19T08:54:40+00:00\",\"dateModified\":\"2024-02-20T15:32:18+00:00\",\"breadcrumb\":{\"@id\":\"https:\\\/\\\/equasens.com\\\/it\\\/il-gruppo\\\/la-nostra-strategia\\\/#breadcrumb\"},\"inLanguage\":\"it-IT\",\"potentialAction\":[{\"@type\":\"ReadAction\",\"target\":[\"https:\\\/\\\/equasens.com\\\/it\\\/il-gruppo\\\/la-nostra-strategia\\\/\"]}]},{\"@type\":\"ImageObject\",\"inLanguage\":\"it-IT\",\"@id\":\"https:\\\/\\\/equasens.com\\\/it\\\/il-gruppo\\\/la-nostra-strategia\\\/#primaryimage\",\"url\":\"http:\\\/\\\/equasens.com\\\/wp-content\\\/uploads\\\/2022\\\/11\\\/88A7110-1-scaled-1.jpg\",\"contentUrl\":\"http:\\\/\\\/equasens.com\\\/wp-content\\\/uploads\\\/2022\\\/11\\\/88A7110-1-scaled-1.jpg\"},{\"@type\":\"BreadcrumbList\",\"@id\":\"https:\\\/\\\/equasens.com\\\/it\\\/il-gruppo\\\/la-nostra-strategia\\\/#breadcrumb\",\"itemListElement\":[{\"@type\":\"ListItem\",\"position\":1,\"name\":\"Accueil\",\"item\":\"https:\\\/\\\/equasens.com\\\/it\\\/\"},{\"@type\":\"ListItem\",\"position\":2,\"name\":\"Il Gruppo\",\"item\":\"https:\\\/\\\/equasens.com\\\/it\\\/il-gruppo\\\/\"},{\"@type\":\"ListItem\",\"position\":3,\"name\":\"La nostra strategia\"}]},{\"@type\":\"WebSite\",\"@id\":\"https:\\\/\\\/equasens.com\\\/it\\\/#website\",\"url\":\"https:\\\/\\\/equasens.com\\\/it\\\/\",\"name\":\"Equasens - Acteur structurant de solutions pour les professionnels de sant\u00e9\",\"description\":\"Plus de technologie pour plus d&#039;humain\",\"publisher\":{\"@id\":\"https:\\\/\\\/equasens.com\\\/it\\\/#organization\"},\"potentialAction\":[{\"@type\":\"SearchAction\",\"target\":{\"@type\":\"EntryPoint\",\"urlTemplate\":\"https:\\\/\\\/equasens.com\\\/it\\\/?s={search_term_string}\"},\"query-input\":{\"@type\":\"PropertyValueSpecification\",\"valueRequired\":true,\"valueName\":\"search_term_string\"}}],\"inLanguage\":\"it-IT\"},{\"@type\":\"Organization\",\"@id\":\"https:\\\/\\\/equasens.com\\\/it\\\/#organization\",\"name\":\"Equasens - Acteur structurant de solutions pour les professionnels de sant\u00e9\",\"url\":\"https:\\\/\\\/equasens.com\\\/it\\\/\",\"logo\":{\"@type\":\"ImageObject\",\"inLanguage\":\"it-IT\",\"@id\":\"https:\\\/\\\/equasens.com\\\/it\\\/#\\\/schema\\\/logo\\\/image\\\/\",\"url\":\"https:\\\/\\\/equasens.com\\\/wp-content\\\/uploads\\\/2022\\\/05\\\/cropped-logoequasens.png\",\"contentUrl\":\"https:\\\/\\\/equasens.com\\\/wp-content\\\/uploads\\\/2022\\\/05\\\/cropped-logoequasens.png\",\"width\":385,\"height\":226,\"caption\":\"Equasens - Acteur structurant de solutions pour les professionnels de sant\u00e9\"},\"image\":{\"@id\":\"https:\\\/\\\/equasens.com\\\/it\\\/#\\\/schema\\\/logo\\\/image\\\/\"}}]}<\/script>\n<!-- \/ Yoast SEO plugin. -->","yoast_head_json":{"title":"La nostra strategia - Equasens - Acteur structurant de solutions pour les professionnels de sant\u00e9","robots":{"index":"index","follow":"follow","max-snippet":"max-snippet:-1","max-image-preview":"max-image-preview:large","max-video-preview":"max-video-preview:-1"},"canonical":"https:\/\/equasens.com\/it\/il-gruppo\/la-nostra-strategia\/","og_locale":"it_IT","og_type":"article","og_title":"La nostra strategia - Equasens - Acteur structurant de solutions pour les professionnels de sant\u00e9","og_description":"Il Gruppo Equasens assiste le professioni sanitarie nella trasformazione del loro lavoro. I Paesi europei presentano una situazione sanitaria simile: crisi epidemica, invecchiamento della popolazione e aumento della domanda assistenziale, nuove necessit\u00e0, sanit\u00e0 digitale, digitalizzazione del percorso sanitario, normative locali, incremento delle esigenze dei pazienti, obiettivi di redditivit\u00e0 e di ricerca della performance, nuovi requisiti [&hellip;]","og_url":"https:\/\/equasens.com\/it\/il-gruppo\/la-nostra-strategia\/","og_site_name":"Equasens - Acteur structurant de solutions pour les professionnels de sant\u00e9","article_modified_time":"2024-02-20T15:32:18+00:00","og_image":[{"url":"https:\/\/equasens.com\/wp-content\/uploads\/2022\/11\/88A7110-1-scaled-1.jpg","type":"","width":"","height":""}],"twitter_card":"summary_large_image","twitter_misc":{"Tempo di lettura stimato":"2 minuti"},"schema":{"@context":"https:\/\/schema.org","@graph":[{"@type":"WebPage","@id":"https:\/\/equasens.com\/it\/il-gruppo\/la-nostra-strategia\/","url":"https:\/\/equasens.com\/it\/il-gruppo\/la-nostra-strategia\/","name":"La nostra strategia - Equasens - Acteur structurant de solutions pour les professionnels de sant\u00e9","isPartOf":{"@id":"https:\/\/equasens.com\/it\/#website"},"primaryImageOfPage":{"@id":"https:\/\/equasens.com\/it\/il-gruppo\/la-nostra-strategia\/#primaryimage"},"image":{"@id":"https:\/\/equasens.com\/it\/il-gruppo\/la-nostra-strategia\/#primaryimage"},"thumbnailUrl":"http:\/\/equasens.com\/wp-content\/uploads\/2022\/11\/88A7110-1-scaled-1.jpg","datePublished":"2022-05-19T08:54:40+00:00","dateModified":"2024-02-20T15:32:18+00:00","breadcrumb":{"@id":"https:\/\/equasens.com\/it\/il-gruppo\/la-nostra-strategia\/#breadcrumb"},"inLanguage":"it-IT","potentialAction":[{"@type":"ReadAction","target":["https:\/\/equasens.com\/it\/il-gruppo\/la-nostra-strategia\/"]}]},{"@type":"ImageObject","inLanguage":"it-IT","@id":"https:\/\/equasens.com\/it\/il-gruppo\/la-nostra-strategia\/#primaryimage","url":"http:\/\/equasens.com\/wp-content\/uploads\/2022\/11\/88A7110-1-scaled-1.jpg","contentUrl":"http:\/\/equasens.com\/wp-content\/uploads\/2022\/11\/88A7110-1-scaled-1.jpg"},{"@type":"BreadcrumbList","@id":"https:\/\/equasens.com\/it\/il-gruppo\/la-nostra-strategia\/#breadcrumb","itemListElement":[{"@type":"ListItem","position":1,"name":"Accueil","item":"https:\/\/equasens.com\/it\/"},{"@type":"ListItem","position":2,"name":"Il Gruppo","item":"https:\/\/equasens.com\/it\/il-gruppo\/"},{"@type":"ListItem","position":3,"name":"La nostra strategia"}]},{"@type":"WebSite","@id":"https:\/\/equasens.com\/it\/#website","url":"https:\/\/equasens.com\/it\/","name":"Equasens - Acteur structurant de solutions pour les professionnels de sant\u00e9","description":"Plus de technologie pour plus d&#039;humain","publisher":{"@id":"https:\/\/equasens.com\/it\/#organization"},"potentialAction":[{"@type":"SearchAction","target":{"@type":"EntryPoint","urlTemplate":"https:\/\/equasens.com\/it\/?s={search_term_string}"},"query-input":{"@type":"PropertyValueSpecification","valueRequired":true,"valueName":"search_term_string"}}],"inLanguage":"it-IT"},{"@type":"Organization","@id":"https:\/\/equasens.com\/it\/#organization","name":"Equasens - Acteur structurant de solutions pour les professionnels de sant\u00e9","url":"https:\/\/equasens.com\/it\/","logo":{"@type":"ImageObject","inLanguage":"it-IT","@id":"https:\/\/equasens.com\/it\/#\/schema\/logo\/image\/","url":"https:\/\/equasens.com\/wp-content\/uploads\/2022\/05\/cropped-logoequasens.png","contentUrl":"https:\/\/equasens.com\/wp-content\/uploads\/2022\/05\/cropped-logoequasens.png","width":385,"height":226,"caption":"Equasens - Acteur structurant de solutions pour les professionnels de sant\u00e9"},"image":{"@id":"https:\/\/equasens.com\/it\/#\/schema\/logo\/image\/"}}]}},"rttpg_featured_image_url":null,"rttpg_author":{"display_name":"adminbilliotte","author_link":"https:\/\/equasens.com\/it\/author\/adminbilliotte\/"},"rttpg_comment":0,"rttpg_category":" <a href=\"https:\/\/equasens.com\/it\/?taxonomy=translation_priority&#038;term=opzionale\" rel=\"tag\">Opzionale<\/a>","rttpg_excerpt":"Il Gruppo Equasens assiste le professioni sanitarie nella trasformazione del loro lavoro. I Paesi europei presentano una situazione sanitaria simile: crisi epidemica, invecchiamento della popolazione e aumento della domanda assistenziale, nuove necessit\u00e0, sanit\u00e0 digitale, digitalizzazione del percorso sanitario, normative locali, incremento delle esigenze dei pazienti, obiettivi di redditivit\u00e0 e di ricerca della performance, nuovi requisiti&hellip;","_links":{"self":[{"href":"https:\/\/equasens.com\/it\/wp-json\/wp\/v2\/pages\/6123","targetHints":{"allow":["GET"]}}],"collection":[{"href":"https:\/\/equasens.com\/it\/wp-json\/wp\/v2\/pages"}],"about":[{"href":"https:\/\/equasens.com\/it\/wp-json\/wp\/v2\/types\/page"}],"author":[{"embeddable":true,"href":"https:\/\/equasens.com\/it\/wp-json\/wp\/v2\/users\/1"}],"replies":[{"embeddable":true,"href":"https:\/\/equasens.com\/it\/wp-json\/wp\/v2\/comments?post=6123"}],"version-history":[{"count":17,"href":"https:\/\/equasens.com\/it\/wp-json\/wp\/v2\/pages\/6123\/revisions"}],"predecessor-version":[{"id":12859,"href":"https:\/\/equasens.com\/it\/wp-json\/wp\/v2\/pages\/6123\/revisions\/12859"}],"up":[{"embeddable":true,"href":"https:\/\/equasens.com\/it\/wp-json\/wp\/v2\/pages\/12851"}],"wp:attachment":[{"href":"https:\/\/equasens.com\/it\/wp-json\/wp\/v2\/media?parent=6123"}],"curies":[{"name":"wp","href":"https:\/\/api.w.org\/{rel}","templated":true}]}}