{"id":12860,"date":"2022-05-19T10:54:19","date_gmt":"2022-05-19T08:54:19","guid":{"rendered":"https:\/\/equasens.com\/il-gruppo\/i-nostri-impegni\/"},"modified":"2024-02-20T16:32:56","modified_gmt":"2024-02-20T15:32:56","slug":"i-nostri-impegni","status":"publish","type":"page","link":"https:\/\/equasens.com\/it\/il-gruppo\/i-nostri-impegni\/","title":{"rendered":"I nostri impegni"},"content":{"rendered":"\n<div class=\"wp-block-cover has-custom-content-position is-position-bottom-left\" style=\"min-height:430px;aspect-ratio:unset;\"><span aria-hidden=\"true\" class=\"wp-block-cover__background has-background-dim-0 has-background-dim\"><\/span><img loading=\"lazy\" decoding=\"async\" width=\"2560\" height=\"1707\" class=\"wp-block-cover__image-background wp-image-1140\" alt=\"\" src=\"https:\/\/equasens.com\/wp-content\/uploads\/2022\/05\/axigate-link-scaled.jpg\" style=\"object-position:100% 0%\" data-object-fit=\"cover\" data-object-position=\"100% 0%\"\/><div class=\"wp-block-cover__inner-container is-layout-flow wp-block-cover-is-layout-flow\"><div class=\"container\" data-aos=\"fade-right\"><div class=\"row\"><div class=\"medium-large-full\" >\n<p class=\"has-text-align-left has-text-color has-background has-x-large-font-size\" style=\"background-color:#ffffff00;color:#fefefe\">Esperti in soluzioni e-health in Europa<\/p>\n<\/div><\/div><\/div><\/div><\/div>\n<div class=\"container\" data-aos=\"fade-right\"><div class=\"row\"><div class=\"medium-large-full\" >\n<div style=\"height:100px\" aria-hidden=\"true\" class=\"wp-block-spacer\"><\/div>\n<\/div><\/div><\/div><div class=\"container\" data-aos=\"fade-right\"><div class=\"row\"><div class=\"medium-large-full\" >\n<div class=\"wp-block-columns is-layout-flex wp-container-core-columns-is-layout-9d6595d7 wp-block-columns-is-layout-flex\">\n<div class=\"wp-block-column is-layout-flow wp-block-column-is-layout-flow\"><div class=\"container\" data-aos=\"fade-right\"><div class=\"row\"><div class=\"medium-large-full\" >\n<h4 class=\"wp-block-heading\">Una comprovata conoscenza delle vostra attivit\u00e0<\/h4>\n<\/div><\/div><\/div>\n\n<div class=\"container\" data-aos=\"fade-right\"><div class=\"row\"><div class=\"medium-large-full\" >\n<p><em>Con oltre 35 anni di esperienza in tutte le professioni sanitarie, il Gruppo Equasens \u00e8 in grado di offrire servizi e soluzioni che rispondono perfettamente alle esigenze dei sanitari.<\/em><\/p>\n<\/div><\/div><\/div><\/div>\n\n\n\n<div class=\"wp-block-column is-layout-flow wp-block-column-is-layout-flow\"><div class=\"container\" data-aos=\"fade-right\"><div class=\"row\"><div class=\"medium-large-full\" >\n<h4 class=\"wp-block-heading\">Un&#8217;assistenza su misura<\/h4>\n<\/div><\/div><\/div>\n\n<div class=\"container\" data-aos=\"fade-right\"><div class=\"row\"><div class=\"medium-large-full\" >\n<p><em>Lavoriamo in modalit\u00e0 progettuale sia per strutture pubbliche che private. Ascoltiamo i nostri interlocutori. Assistiamo i sanitari in libera professione con processi &#8220;industriali&#8221;, audit, assistenza personalizzata, formazione e supporto.<\/em><\/p>\n<\/div><\/div><\/div><\/div>\n\n\n\n<div class=\"wp-block-column is-layout-flow wp-block-column-is-layout-flow\"><div class=\"container\" data-aos=\"fade-right\"><div class=\"row\"><div class=\"medium-large-full\" >\n<h4 class=\"wp-block-heading\">Conformit\u00e0 normativa<\/h4>\n<\/div><\/div><\/div>\n\n<div class=\"container\" data-aos=\"fade-right\"><div class=\"row\"><div class=\"medium-large-full\" >\n<p><em>Il Gruppo Equasens monitora costantemente il rispetto dei requisiti normativi. Vantiamo il pi\u00f9 alto livello di accreditamento, e i nostri sistemi vengono controllati regolarmente per garantire la conformit\u00e0. Il trattamento dei dati \u00e8 conforme al regolamento europeo GDPR che stabilisce le nuove modalit\u00e0 di gestione delle informazioni sanitarie.<\/em><\/p>\n<\/div><\/div><\/div><\/div>\n<\/div>\n<\/div><\/div><\/div><div class=\"container\" data-aos=\"fade-right\"><div class=\"row\"><div class=\"medium-large-full\" >\n<div class=\"wp-block-columns is-layout-flex wp-container-core-columns-is-layout-9d6595d7 wp-block-columns-is-layout-flex\">\n<div class=\"wp-block-column is-layout-flow wp-block-column-is-layout-flow\"><div class=\"container\" data-aos=\"fade-right\"><div class=\"row\"><div class=\"medium-large-full\" >\n<h4 class=\"wp-block-heading\">Per la salute e il benessere dei nostri pazienti<\/h4>\n<\/div><\/div><\/div>\n\n<div class=\"container\" data-aos=\"fade-right\"><div class=\"row\"><div class=\"medium-large-full\" >\n<p><em>Consapevole che le sue soluzioni software possono incidere sulla salute dei pazienti, il Gruppo Equasens lavora costantemente al loro miglioramento, con l&#8217;obiettivo di offrire alle professioni sanitarie una visione a 360\u00b0 del paziente e quindi un&#8217;assistenza pi\u00f9 efficiente.\u00a0<\/em><\/p>\n<\/div><\/div><\/div><\/div>\n\n\n\n<div class=\"wp-block-column is-layout-flow wp-block-column-is-layout-flow\"><div class=\"container\" data-aos=\"fade-right\"><div class=\"row\"><div class=\"medium-large-full\" >\n<h4 class=\"wp-block-heading\">Per il coordinamento delle cure, verso il sistema sanitario di domani<\/h4>\n<\/div><\/div><\/div>\n\n<div class=\"container\" data-aos=\"fade-right\"><div class=\"row\"><div class=\"medium-large-full\" >\n<p><em>Il nostro obiettivo \u00e8 migliorare il coordinamento tra le professioni sanitari e lo scambio di informazioni sul paziente, ma anche innalzare il livello di efficienza dei sistemi sanitari. Fornire le informazioni giuste all&#8217;operatore giusto, al momento giusto e al paziente giusto. In questo modo consolidiamo il nostro posizionamento e la nostra strategia paziente-centrica avviata oltre dieci anni fa.<\/em><\/p>\n<\/div><\/div><\/div><\/div>\n\n\n\n<div class=\"wp-block-column is-layout-flow wp-block-column-is-layout-flow\"><\/div>\n<\/div>\n<\/div><\/div><\/div><div class=\"container\" data-aos=\"fade-right\"><div class=\"row\"><div class=\"medium-large-full\" >\n<div style=\"height:100px\" aria-hidden=\"true\" class=\"wp-block-spacer\"><\/div>\n<\/div><\/div><\/div>","protected":false},"excerpt":{"rendered":"<p>Una comprovata conoscenza delle vostra attivit\u00e0 Con oltre 35 anni di esperienza in tutte le professioni sanitarie, il Gruppo Equasens \u00e8 in grado di offrire servizi e soluzioni che rispondono perfettamente alle esigenze dei sanitari. Un&#8217;assistenza su misura Lavoriamo in modalit\u00e0 progettuale sia per strutture pubbliche che private. Ascoltiamo i nostri interlocutori. Assistiamo i sanitari [&hellip;]<\/p>\n","protected":false},"author":1,"featured_media":0,"parent":12851,"menu_order":20,"comment_status":"closed","ping_status":"closed","template":"","meta":{"_acf_changed":false,"footnotes":""},"class_list":["post-12860","page","type-page","status-publish","hentry"],"acf":[],"yoast_head":"<!-- This site is optimized with the Yoast SEO plugin v27.3 - https:\/\/yoast.com\/product\/yoast-seo-wordpress\/ -->\n<title>I nostri impegni - Equasens - Acteur structurant de solutions pour les professionnels de sant\u00e9<\/title>\n<meta name=\"robots\" content=\"index, follow, max-snippet:-1, max-image-preview:large, max-video-preview:-1\" \/>\n<link rel=\"canonical\" href=\"https:\/\/equasens.com\/it\/il-gruppo\/i-nostri-impegni\/\" \/>\n<meta property=\"og:locale\" content=\"it_IT\" \/>\n<meta property=\"og:type\" content=\"article\" \/>\n<meta property=\"og:title\" content=\"I nostri impegni - Equasens - Acteur structurant de solutions pour les professionnels de sant\u00e9\" \/>\n<meta property=\"og:description\" content=\"Una comprovata conoscenza delle vostra attivit\u00e0 Con oltre 35 anni di esperienza in tutte le professioni sanitarie, il Gruppo Equasens \u00e8 in grado di offrire servizi e soluzioni che rispondono perfettamente alle esigenze dei sanitari. Un&#8217;assistenza su misura Lavoriamo in modalit\u00e0 progettuale sia per strutture pubbliche che private. Ascoltiamo i nostri interlocutori. Assistiamo i sanitari [&hellip;]\" \/>\n<meta property=\"og:url\" content=\"https:\/\/equasens.com\/it\/il-gruppo\/i-nostri-impegni\/\" \/>\n<meta property=\"og:site_name\" content=\"Equasens - Acteur structurant de solutions pour les professionnels de sant\u00e9\" \/>\n<meta property=\"article:modified_time\" content=\"2024-02-20T15:32:56+00:00\" \/>\n<meta property=\"og:image\" content=\"https:\/\/equasens.com\/wp-content\/uploads\/2022\/05\/axigate-link-scaled.jpg\" \/>\n<meta name=\"twitter:card\" content=\"summary_large_image\" \/>\n<meta name=\"twitter:label1\" content=\"Tempo di lettura stimato\" \/>\n\t<meta name=\"twitter:data1\" content=\"1 minuto\" \/>\n<script type=\"application\/ld+json\" class=\"yoast-schema-graph\">{\"@context\":\"https:\\\/\\\/schema.org\",\"@graph\":[{\"@type\":\"WebPage\",\"@id\":\"https:\\\/\\\/equasens.com\\\/it\\\/il-gruppo\\\/i-nostri-impegni\\\/\",\"url\":\"https:\\\/\\\/equasens.com\\\/it\\\/il-gruppo\\\/i-nostri-impegni\\\/\",\"name\":\"I nostri impegni - Equasens - Acteur structurant de solutions pour les professionnels de sant\u00e9\",\"isPartOf\":{\"@id\":\"https:\\\/\\\/equasens.com\\\/it\\\/#website\"},\"primaryImageOfPage\":{\"@id\":\"https:\\\/\\\/equasens.com\\\/it\\\/il-gruppo\\\/i-nostri-impegni\\\/#primaryimage\"},\"image\":{\"@id\":\"https:\\\/\\\/equasens.com\\\/it\\\/il-gruppo\\\/i-nostri-impegni\\\/#primaryimage\"},\"thumbnailUrl\":\"https:\\\/\\\/equasens.com\\\/wp-content\\\/uploads\\\/2022\\\/05\\\/axigate-link-scaled.jpg\",\"datePublished\":\"2022-05-19T08:54:19+00:00\",\"dateModified\":\"2024-02-20T15:32:56+00:00\",\"breadcrumb\":{\"@id\":\"https:\\\/\\\/equasens.com\\\/it\\\/il-gruppo\\\/i-nostri-impegni\\\/#breadcrumb\"},\"inLanguage\":\"it-IT\",\"potentialAction\":[{\"@type\":\"ReadAction\",\"target\":[\"https:\\\/\\\/equasens.com\\\/it\\\/il-gruppo\\\/i-nostri-impegni\\\/\"]}]},{\"@type\":\"ImageObject\",\"inLanguage\":\"it-IT\",\"@id\":\"https:\\\/\\\/equasens.com\\\/it\\\/il-gruppo\\\/i-nostri-impegni\\\/#primaryimage\",\"url\":\"https:\\\/\\\/equasens.com\\\/wp-content\\\/uploads\\\/2022\\\/05\\\/axigate-link-scaled.jpg\",\"contentUrl\":\"https:\\\/\\\/equasens.com\\\/wp-content\\\/uploads\\\/2022\\\/05\\\/axigate-link-scaled.jpg\"},{\"@type\":\"BreadcrumbList\",\"@id\":\"https:\\\/\\\/equasens.com\\\/it\\\/il-gruppo\\\/i-nostri-impegni\\\/#breadcrumb\",\"itemListElement\":[{\"@type\":\"ListItem\",\"position\":1,\"name\":\"Accueil\",\"item\":\"https:\\\/\\\/equasens.com\\\/it\\\/\"},{\"@type\":\"ListItem\",\"position\":2,\"name\":\"Il Gruppo\",\"item\":\"https:\\\/\\\/equasens.com\\\/it\\\/il-gruppo\\\/\"},{\"@type\":\"ListItem\",\"position\":3,\"name\":\"I nostri impegni\"}]},{\"@type\":\"WebSite\",\"@id\":\"https:\\\/\\\/equasens.com\\\/it\\\/#website\",\"url\":\"https:\\\/\\\/equasens.com\\\/it\\\/\",\"name\":\"Equasens - Acteur structurant de solutions pour les professionnels de sant\u00e9\",\"description\":\"Plus de technologie pour plus d&#039;humain\",\"publisher\":{\"@id\":\"https:\\\/\\\/equasens.com\\\/it\\\/#organization\"},\"potentialAction\":[{\"@type\":\"SearchAction\",\"target\":{\"@type\":\"EntryPoint\",\"urlTemplate\":\"https:\\\/\\\/equasens.com\\\/it\\\/?s={search_term_string}\"},\"query-input\":{\"@type\":\"PropertyValueSpecification\",\"valueRequired\":true,\"valueName\":\"search_term_string\"}}],\"inLanguage\":\"it-IT\"},{\"@type\":\"Organization\",\"@id\":\"https:\\\/\\\/equasens.com\\\/it\\\/#organization\",\"name\":\"Equasens - Acteur structurant de solutions pour les professionnels de sant\u00e9\",\"url\":\"https:\\\/\\\/equasens.com\\\/it\\\/\",\"logo\":{\"@type\":\"ImageObject\",\"inLanguage\":\"it-IT\",\"@id\":\"https:\\\/\\\/equasens.com\\\/it\\\/#\\\/schema\\\/logo\\\/image\\\/\",\"url\":\"https:\\\/\\\/equasens.com\\\/wp-content\\\/uploads\\\/2022\\\/05\\\/cropped-logoequasens.png\",\"contentUrl\":\"https:\\\/\\\/equasens.com\\\/wp-content\\\/uploads\\\/2022\\\/05\\\/cropped-logoequasens.png\",\"width\":385,\"height\":226,\"caption\":\"Equasens - Acteur structurant de solutions pour les professionnels de sant\u00e9\"},\"image\":{\"@id\":\"https:\\\/\\\/equasens.com\\\/it\\\/#\\\/schema\\\/logo\\\/image\\\/\"}}]}<\/script>\n<!-- \/ Yoast SEO plugin. -->","yoast_head_json":{"title":"I nostri impegni - Equasens - Acteur structurant de solutions pour les professionnels de sant\u00e9","robots":{"index":"index","follow":"follow","max-snippet":"max-snippet:-1","max-image-preview":"max-image-preview:large","max-video-preview":"max-video-preview:-1"},"canonical":"https:\/\/equasens.com\/it\/il-gruppo\/i-nostri-impegni\/","og_locale":"it_IT","og_type":"article","og_title":"I nostri impegni - Equasens - Acteur structurant de solutions pour les professionnels de sant\u00e9","og_description":"Una comprovata conoscenza delle vostra attivit\u00e0 Con oltre 35 anni di esperienza in tutte le professioni sanitarie, il Gruppo Equasens \u00e8 in grado di offrire servizi e soluzioni che rispondono perfettamente alle esigenze dei sanitari. Un&#8217;assistenza su misura Lavoriamo in modalit\u00e0 progettuale sia per strutture pubbliche che private. Ascoltiamo i nostri interlocutori. Assistiamo i sanitari [&hellip;]","og_url":"https:\/\/equasens.com\/it\/il-gruppo\/i-nostri-impegni\/","og_site_name":"Equasens - Acteur structurant de solutions pour les professionnels de sant\u00e9","article_modified_time":"2024-02-20T15:32:56+00:00","og_image":[{"url":"https:\/\/equasens.com\/wp-content\/uploads\/2022\/05\/axigate-link-scaled.jpg","type":"","width":"","height":""}],"twitter_card":"summary_large_image","twitter_misc":{"Tempo di lettura stimato":"1 minuto"},"schema":{"@context":"https:\/\/schema.org","@graph":[{"@type":"WebPage","@id":"https:\/\/equasens.com\/it\/il-gruppo\/i-nostri-impegni\/","url":"https:\/\/equasens.com\/it\/il-gruppo\/i-nostri-impegni\/","name":"I nostri impegni - Equasens - Acteur structurant de solutions pour les professionnels de sant\u00e9","isPartOf":{"@id":"https:\/\/equasens.com\/it\/#website"},"primaryImageOfPage":{"@id":"https:\/\/equasens.com\/it\/il-gruppo\/i-nostri-impegni\/#primaryimage"},"image":{"@id":"https:\/\/equasens.com\/it\/il-gruppo\/i-nostri-impegni\/#primaryimage"},"thumbnailUrl":"https:\/\/equasens.com\/wp-content\/uploads\/2022\/05\/axigate-link-scaled.jpg","datePublished":"2022-05-19T08:54:19+00:00","dateModified":"2024-02-20T15:32:56+00:00","breadcrumb":{"@id":"https:\/\/equasens.com\/it\/il-gruppo\/i-nostri-impegni\/#breadcrumb"},"inLanguage":"it-IT","potentialAction":[{"@type":"ReadAction","target":["https:\/\/equasens.com\/it\/il-gruppo\/i-nostri-impegni\/"]}]},{"@type":"ImageObject","inLanguage":"it-IT","@id":"https:\/\/equasens.com\/it\/il-gruppo\/i-nostri-impegni\/#primaryimage","url":"https:\/\/equasens.com\/wp-content\/uploads\/2022\/05\/axigate-link-scaled.jpg","contentUrl":"https:\/\/equasens.com\/wp-content\/uploads\/2022\/05\/axigate-link-scaled.jpg"},{"@type":"BreadcrumbList","@id":"https:\/\/equasens.com\/it\/il-gruppo\/i-nostri-impegni\/#breadcrumb","itemListElement":[{"@type":"ListItem","position":1,"name":"Accueil","item":"https:\/\/equasens.com\/it\/"},{"@type":"ListItem","position":2,"name":"Il Gruppo","item":"https:\/\/equasens.com\/it\/il-gruppo\/"},{"@type":"ListItem","position":3,"name":"I nostri impegni"}]},{"@type":"WebSite","@id":"https:\/\/equasens.com\/it\/#website","url":"https:\/\/equasens.com\/it\/","name":"Equasens - Acteur structurant de solutions pour les professionnels de sant\u00e9","description":"Plus de technologie pour plus d&#039;humain","publisher":{"@id":"https:\/\/equasens.com\/it\/#organization"},"potentialAction":[{"@type":"SearchAction","target":{"@type":"EntryPoint","urlTemplate":"https:\/\/equasens.com\/it\/?s={search_term_string}"},"query-input":{"@type":"PropertyValueSpecification","valueRequired":true,"valueName":"search_term_string"}}],"inLanguage":"it-IT"},{"@type":"Organization","@id":"https:\/\/equasens.com\/it\/#organization","name":"Equasens - Acteur structurant de solutions pour les professionnels de sant\u00e9","url":"https:\/\/equasens.com\/it\/","logo":{"@type":"ImageObject","inLanguage":"it-IT","@id":"https:\/\/equasens.com\/it\/#\/schema\/logo\/image\/","url":"https:\/\/equasens.com\/wp-content\/uploads\/2022\/05\/cropped-logoequasens.png","contentUrl":"https:\/\/equasens.com\/wp-content\/uploads\/2022\/05\/cropped-logoequasens.png","width":385,"height":226,"caption":"Equasens - Acteur structurant de solutions pour les professionnels de sant\u00e9"},"image":{"@id":"https:\/\/equasens.com\/it\/#\/schema\/logo\/image\/"}}]}},"rttpg_featured_image_url":null,"rttpg_author":{"display_name":"adminbilliotte","author_link":"https:\/\/equasens.com\/it\/author\/adminbilliotte\/"},"rttpg_comment":0,"rttpg_category":" <a href=\"https:\/\/equasens.com\/it\/?taxonomy=translation_priority&#038;term=opzionale\" rel=\"tag\">Opzionale<\/a>","rttpg_excerpt":"Una comprovata conoscenza delle vostra attivit\u00e0 Con oltre 35 anni di esperienza in tutte le professioni sanitarie, il Gruppo Equasens \u00e8 in grado di offrire servizi e soluzioni che rispondono perfettamente alle esigenze dei sanitari. Un&#8217;assistenza su misura Lavoriamo in modalit\u00e0 progettuale sia per strutture pubbliche che private. Ascoltiamo i nostri interlocutori. Assistiamo i sanitari&hellip;","_links":{"self":[{"href":"https:\/\/equasens.com\/it\/wp-json\/wp\/v2\/pages\/12860","targetHints":{"allow":["GET"]}}],"collection":[{"href":"https:\/\/equasens.com\/it\/wp-json\/wp\/v2\/pages"}],"about":[{"href":"https:\/\/equasens.com\/it\/wp-json\/wp\/v2\/types\/page"}],"author":[{"embeddable":true,"href":"https:\/\/equasens.com\/it\/wp-json\/wp\/v2\/users\/1"}],"replies":[{"embeddable":true,"href":"https:\/\/equasens.com\/it\/wp-json\/wp\/v2\/comments?post=12860"}],"version-history":[{"count":3,"href":"https:\/\/equasens.com\/it\/wp-json\/wp\/v2\/pages\/12860\/revisions"}],"predecessor-version":[{"id":12863,"href":"https:\/\/equasens.com\/it\/wp-json\/wp\/v2\/pages\/12860\/revisions\/12863"}],"up":[{"embeddable":true,"href":"https:\/\/equasens.com\/it\/wp-json\/wp\/v2\/pages\/12851"}],"wp:attachment":[{"href":"https:\/\/equasens.com\/it\/wp-json\/wp\/v2\/media?parent=12860"}],"curies":[{"name":"wp","href":"https:\/\/api.w.org\/{rel}","templated":true}]}}