{"id":8300,"date":"2023-09-12T10:46:40","date_gmt":"2023-09-12T08:46:40","guid":{"rendered":"https:\/\/equasens.com\/?page_id=8300"},"modified":"2025-03-31T23:44:32","modified_gmt":"2025-03-31T21:44:32","slug":"investissors","status":"publish","type":"page","link":"https:\/\/equasens.com\/en\/investissors\/","title":{"rendered":"Investor Relations"},"content":{"rendered":"<div class=\"container\" data-aos=\"fade-right\"><div class=\"row\"><div class=\"medium-large-full\" >\n<div style=\"height:61px\" aria-hidden=\"true\" class=\"wp-block-spacer\"><\/div>\n<\/div><\/div><\/div>\n\n<div class=\"container\" data-aos=\"fade-right\"><div class=\"row\"><div class=\"medium-large-full\" >\n<div class=\"wp-block-columns is-layout-flex wp-container-core-columns-is-layout-9d6595d7 wp-block-columns-is-layout-flex\">\n<div class=\"wp-block-column is-layout-flow wp-block-column-is-layout-flow\"><div class=\"container\" data-aos=\"fade-right\"><div class=\"row\"><div class=\"medium-large-full\" >\n<h4 class=\"wp-block-heading\"><strong>EQUASENS<\/strong><\/h4>\n<\/div><\/div><\/div>\n\n<div class=\"container\" data-aos=\"fade-right\"><div class=\"row\"><div class=\"medium-large-full\" >\n<p>Listed on Euronext Paris\u2122 \u2013 Compartment B<br>Indexes : MSCI GLOBAL SMALL CAP \u2013 GA\u00cfA Index 2020 \u2013 CAC<sup>\u00ae<\/sup>&nbsp;SMALL et CAC<sup>\u00ae<\/sup>&nbsp;All-Tradable by inclusion<br>Included in the Euronext Tech Leaders segment and the European Rising Tech label<br>Eligible for the Deferred Settlement Service (\u201cService \u00e0 R\u00e9glement Diff\u00e9r\u00e9\u201d &#8211; SRD) and equity savings accounts invested in small and mid caps (PEA-PME).<br>ISIN : FR 0012882389 &#8211; Ticker Code : EQS<\/p>\n<\/div><\/div><\/div>\n\n<div class=\"container\" data-aos=\"fade-right\"><div class=\"row\"><div class=\"medium-large-full\" >\n<p><\/p>\n<\/div><\/div><\/div>\n\n<div class=\"container\" data-aos=\"fade-right\"><div class=\"row\"><div class=\"medium-large-full\" >\n<p><\/p>\n<\/div><\/div><\/div>\n\n<div class=\"container\" data-aos=\"fade-right\"><div class=\"row\"><div class=\"medium-large-full\" >\n<p><\/p>\n<\/div><\/div><\/div><\/div>\n\n\n\n<div class=\"wp-block-column is-layout-flow wp-block-column-is-layout-flow\"><div class=\"container\" data-aos=\"fade-right\"><div class=\"row\"><div class=\"medium-large-full\" >\n<h4 class=\"wp-block-heading has-medium-font-size\"><strong>News<\/strong><\/h4>\n<\/div><\/div><\/div>\n\n<div class=\"container\" data-aos=\"fade-right\"><div class=\"row\"><div class=\"medium-large-full\" >\n<p>Universal Registration Document 2023<\/p>\n<\/div><\/div><\/div>\n\n<div class=\"container\" data-aos=\"fade-right\"><div class=\"row\"><div class=\"medium-large-full\" >\n<ul class=\"wp-block-list\"><div class=\"container\" data-aos=\"fade-right\"><div class=\"row\"><div class=\"medium-large-full\" >\n<li class=\"has-small-font-size\"><a href=\"http:\/\/equasens.com\/wp-content\/uploads\/2024\/07\/URD_-_EQUASENS_2023_-_UK-1.pdf\">English version<\/a><a href=\"https:\/\/equasens.com\/en\/communique\/universal-registration-document-2023\/\"> <\/a><\/li>\n<\/div><\/div><\/div><\/ul>\n<\/div><\/div><\/div>\n\n<div class=\"container\" data-aos=\"fade-right\"><div class=\"row\"><div class=\"medium-large-full\" >\n<p>2024 FY results (presentation)<\/p>\n<\/div><\/div><\/div>\n\n<div class=\"container\" data-aos=\"fade-right\"><div class=\"row\"><div class=\"medium-large-full\" >\n<ul class=\"wp-block-list\"><div class=\"container\" data-aos=\"fade-right\"><div class=\"row\"><div class=\"medium-large-full\" >\n<li class=\"has-small-font-size\"><a href=\"http:\/\/equasens.com\/wp-content\/uploads\/2025\/03\/Equasens_SFAF_Resultats_2025_V5_EN_GB_def.pdf\">English version<\/a><\/li>\n<\/div><\/div><\/div><\/ul>\n<\/div><\/div><\/div>\n\n<div class=\"container\" data-aos=\"fade-right\"><div class=\"row\"><div class=\"medium-large-full\" >\n<p>Press releases<\/p>\n<\/div><\/div><\/div>\n\n<div class=\"container\" data-aos=\"fade-right\"><div class=\"row\"><div class=\"medium-large-full\" >\n<ul class=\"wp-block-list\"><div class=\"container\" data-aos=\"fade-right\"><div class=\"row\"><div class=\"medium-large-full\" >\n<li class=\"has-small-font-size\"><a href=\"http:\/\/equasens.com\/wp-content\/uploads\/2025\/03\/EQUASENS_PR_20250328_2024-FY-RESULTS_def.pdf\">28\/03\/2025 &#8211; 2024 FY Results<\/a><\/li>\n<\/div><\/div><\/div>\n\n<div class=\"container\" data-aos=\"fade-right\"><div class=\"row\"><div class=\"medium-large-full\" >\n<li class=\"has-small-font-size\"><a href=\"http:\/\/equasens.com\/wp-content\/uploads\/2025\/02\/EQUASENS_PR_20250206_2024-FY-revenue_EN.pdf\">06\/02\/2025 &#8211; 2024 FY Revenue<\/a><\/li>\n<\/div><\/div><\/div><\/ul>\n<\/div><\/div><\/div>\n\n<div class=\"container\" data-aos=\"fade-right\"><div class=\"row\"><div class=\"medium-large-full\" >\n<h2 class=\"wp-block-heading has-medium-font-size\"><strong>FINANCIAL ANALYSES<\/strong><\/h2>\n<\/div><\/div><\/div>\n\n<div class=\"container\" data-aos=\"fade-right\"><div class=\"row\"><div class=\"medium-large-full\" >\n<ul class=\"wp-block-list\"><div class=\"container\" data-aos=\"fade-right\"><div class=\"row\"><div class=\"medium-large-full\" >\n<li class=\"has-small-font-size\"><a href=\"http:\/\/equasens.com\/wp-content\/uploads\/2025\/03\/20250330_EQUASENS-EQS-2024-Annual-Results-GreenSome-Finance.pdf\">2024 FY Results<\/a> &#8211; (Greensome Finance Analysis)<\/li>\n<\/div><\/div><\/div>\n\n<div class=\"container\" data-aos=\"fade-right\"><div class=\"row\"><div class=\"medium-large-full\" >\n<li class=\"has-small-font-size\"><a href=\"http:\/\/equasens.com\/wp-content\/uploads\/2025\/02\/20250206_EQUASENS-EQS-2024-Annual-Sales-GreenSome-Finance.pdf\">2024 FY Revenues <\/a>(Greensome Finance Analysis)<\/li>\n<\/div><\/div><\/div><\/ul>\n<\/div><\/div><\/div>\n\n<div class=\"container\" data-aos=\"fade-right\"><div class=\"row\"><div class=\"medium-large-full\" >\n<div style=\"height:0px\" aria-hidden=\"true\" class=\"wp-block-spacer\"><\/div>\n<\/div><\/div><\/div>\n\n<div class=\"container\" data-aos=\"fade-right\"><div class=\"row\"><div class=\"medium-large-full\" >\n<h2 class=\"wp-block-heading has-medium-font-size\"><strong>DIVIS<\/strong>IONS NEWS<\/h2>\n<\/div><\/div><\/div>\n\n<div class=\"container\" data-aos=\"fade-right\"><div class=\"row\"><div class=\"medium-large-full\" >\n<h1 class=\"wp-block-heading has-small-font-size\">EXTERNAL GROWTH<\/h1>\n<\/div><\/div><\/div>\n\n<div class=\"container\" data-aos=\"fade-right\"><div class=\"row\"><div class=\"medium-large-full\" >\n<ul class=\"wp-block-list has-small-font-size\"><div class=\"container\" data-aos=\"fade-right\"><div class=\"row\"><div class=\"medium-large-full\" >\n<li><a href=\"http:\/\/equasens.com\/wp-content\/uploads\/2024\/12\/EQUASENS_PRESS-RELEASE_20241227_Acquisition-Calimed-EN_GB-1.pdf\">Acquisition of a majority stake in CALIMED<\/a>, a SaaS expert in software for private practitoners and surgeons<\/li>\n<\/div><\/div><\/div><\/ul>\n<\/div><\/div><\/div>\n\n<div class=\"container\" data-aos=\"fade-right\"><div class=\"row\"><div class=\"medium-large-full\" >\n<h1 class=\"wp-block-heading has-small-font-size\">REFERENCES AND CERTIFICATIONS<\/h1>\n<\/div><\/div><\/div>\n\n<div class=\"container\" data-aos=\"fade-right\"><div class=\"row\"><div class=\"medium-large-full\" >\n<ul class=\"wp-block-list\"><div class=\"container\" data-aos=\"fade-right\"><div class=\"row\"><div class=\"medium-large-full\" >\n<li class=\"has-small-font-size\"><a href=\"https:\/\/equasens.com\/wp-content\/uploads\/2022\/06\/EQUASENS_COMMUNIQUE_20220603_PROKOV-SEGUR_def.pdf\" target=\"_blank\" rel=\"noreferrer noopener\">M\u00e9diStory 4, Premier logiciel m\u00e9decin r\u00e9f\u00e9renc\u00e9 S\u00e9gur !<\/a><\/li>\n<\/div><\/div><\/div>\n\n<div class=\"container\" data-aos=\"fade-right\"><div class=\"row\"><div class=\"medium-large-full\" >\n<li class=\"has-small-font-size\"><a href=\"https:\/\/equasens.com\/wp-content\/uploads\/2022\/06\/EQUASENS_COMMUNIQUE_20220615_DICSIT-SEGUR_def.pdf\" target=\"_blank\" rel=\"noreferrer noopener\">DOMILINK HAD, Premier Dossier Patient Informatis\u00e9 destin\u00e9 aux services d\u2019Hospitalisation \u00e0 Domicile triplement r\u00e9f\u00e9renc\u00e9 SEGUR<\/a><\/li>\n<\/div><\/div><\/div>\n\n<div class=\"container\" data-aos=\"fade-right\"><div class=\"row\"><div class=\"medium-large-full\" >\n<li class=\"has-small-font-size\"><a href=\"https:\/\/equasens.com\/wp-content\/uploads\/2022\/10\/EQUASENS_COMMUNIQUE_20221018_PandaLab-Certifications-ISO-HDS_def.pdf\" target=\"_blank\" rel=\"noreferrer noopener\">PANDALAB certifi\u00e9 ISO 27001 et HDS<\/a><\/li>\n<\/div><\/div><\/div><\/ul>\n<\/div><\/div><\/div><\/div>\n<\/div>\n<\/div><\/div><\/div>\n\n<div class=\"container\" data-aos=\"fade-right\"><div class=\"row\"><div class=\"medium-large-full\" >\n<p><\/p>\n<\/div><\/div><\/div>\n\n\n<section id=\"pages-block_05d7ac41b86c4647ff3c9afd0b814127\" class=\"block-pages text-align-left\">\n\t<div class=\"container\">\n\t\t<div class=\"row medium-half large-fourth\">\n            \t\t<\/div>\n\t<\/div>\n<\/section>\n\n\n<div class=\"container\" data-aos=\"fade-right\"><div class=\"row\"><div class=\"medium-large-full\" >\n<div style=\"height:48px\" aria-hidden=\"true\" class=\"wp-block-spacer\"><\/div>\n<\/div><\/div><\/div>\n\n<div class=\"container\" data-aos=\"fade-right\"><div class=\"row\"><div class=\"medium-large-full\" >\n<h5 class=\"wp-block-heading has-text-align-center\"><\/h5>\n<\/div><\/div><\/div>\n\n<div class=\"container\" data-aos=\"fade-right\"><div class=\"row\"><div class=\"medium-large-full\" >\n<div style=\"height:48px\" aria-hidden=\"true\" class=\"wp-block-spacer\"><\/div>\n<\/div><\/div><\/div>\n\n<div class=\"container\" data-aos=\"fade-right\"><div class=\"row\"><div class=\"medium-large-full\" >\n<div style=\"height:48px\" aria-hidden=\"true\" class=\"wp-block-spacer\"><\/div>\n<\/div><\/div><\/div>","protected":false},"excerpt":{"rendered":"<p>EQUASENS Listed on Euronext Paris\u2122 \u2013 Compartment BIndexes : MSCI GLOBAL SMALL CAP \u2013 GA\u00cfA Index 2020 \u2013 CAC\u00ae&nbsp;SMALL et CAC\u00ae&nbsp;All-Tradable by inclusionIncluded in the Euronext Tech Leaders segment and the European Rising Tech labelEligible for the Deferred Settlement Service (\u201cService \u00e0 R\u00e9glement Diff\u00e9r\u00e9\u201d &#8211; SRD) and equity savings accounts invested in small and mid [&hellip;]<\/p>\n","protected":false},"author":9,"featured_media":0,"parent":0,"menu_order":0,"comment_status":"closed","ping_status":"closed","template":"","meta":{"_acf_changed":false,"footnotes":""},"class_list":["post-8300","page","type-page","status-publish","hentry"],"acf":[],"yoast_head":"<!-- This site is optimized with the Yoast SEO plugin v27.3 - https:\/\/yoast.com\/product\/yoast-seo-wordpress\/ -->\n<title>Investor Relations - Equasens - Acteur structurant de solutions pour les professionnels de sant\u00e9<\/title>\n<meta name=\"robots\" content=\"index, follow, max-snippet:-1, max-image-preview:large, max-video-preview:-1\" \/>\n<link rel=\"canonical\" href=\"https:\/\/equasens.com\/en\/investissors\/\" \/>\n<meta property=\"og:locale\" content=\"en_US\" \/>\n<meta property=\"og:type\" content=\"article\" \/>\n<meta property=\"og:title\" content=\"Investor Relations - Equasens - Acteur structurant de solutions pour les professionnels de sant\u00e9\" \/>\n<meta property=\"og:description\" content=\"EQUASENS Listed on Euronext Paris\u2122 \u2013 Compartment BIndexes : MSCI GLOBAL SMALL CAP \u2013 GA\u00cfA Index 2020 \u2013 CAC\u00ae&nbsp;SMALL et CAC\u00ae&nbsp;All-Tradable by inclusionIncluded in the Euronext Tech Leaders segment and the European Rising Tech labelEligible for the Deferred Settlement Service (\u201cService \u00e0 R\u00e9glement Diff\u00e9r\u00e9\u201d &#8211; SRD) and equity savings accounts invested in small and mid [&hellip;]\" \/>\n<meta property=\"og:url\" content=\"https:\/\/equasens.com\/en\/investissors\/\" \/>\n<meta property=\"og:site_name\" content=\"Equasens - Acteur structurant de solutions pour les professionnels de sant\u00e9\" \/>\n<meta property=\"article:modified_time\" content=\"2025-03-31T21:44:32+00:00\" \/>\n<meta name=\"twitter:card\" content=\"summary_large_image\" \/>\n<meta name=\"twitter:label1\" content=\"Est. reading time\" \/>\n\t<meta name=\"twitter:data1\" content=\"1 minute\" \/>\n<script type=\"application\/ld+json\" class=\"yoast-schema-graph\">{\"@context\":\"https:\\\/\\\/schema.org\",\"@graph\":[{\"@type\":\"WebPage\",\"@id\":\"https:\\\/\\\/equasens.com\\\/en\\\/investissors\\\/\",\"url\":\"https:\\\/\\\/equasens.com\\\/en\\\/investissors\\\/\",\"name\":\"Investor Relations - Equasens - Acteur structurant de solutions pour les professionnels de sant\u00e9\",\"isPartOf\":{\"@id\":\"https:\\\/\\\/equasens.com\\\/en\\\/#website\"},\"datePublished\":\"2023-09-12T08:46:40+00:00\",\"dateModified\":\"2025-03-31T21:44:32+00:00\",\"breadcrumb\":{\"@id\":\"https:\\\/\\\/equasens.com\\\/en\\\/investissors\\\/#breadcrumb\"},\"inLanguage\":\"en-US\",\"potentialAction\":[{\"@type\":\"ReadAction\",\"target\":[\"https:\\\/\\\/equasens.com\\\/en\\\/investissors\\\/\"]}]},{\"@type\":\"BreadcrumbList\",\"@id\":\"https:\\\/\\\/equasens.com\\\/en\\\/investissors\\\/#breadcrumb\",\"itemListElement\":[{\"@type\":\"ListItem\",\"position\":1,\"name\":\"Home\",\"item\":\"https:\\\/\\\/equasens.com\\\/en\\\/\"},{\"@type\":\"ListItem\",\"position\":2,\"name\":\"Investor Relations\"}]},{\"@type\":\"WebSite\",\"@id\":\"https:\\\/\\\/equasens.com\\\/en\\\/#website\",\"url\":\"https:\\\/\\\/equasens.com\\\/en\\\/\",\"name\":\"Equasens - Acteur structurant de solutions pour les professionnels de sant\u00e9\",\"description\":\"Plus de technologie pour plus d&#039;humain\",\"publisher\":{\"@id\":\"https:\\\/\\\/equasens.com\\\/en\\\/#organization\"},\"potentialAction\":[{\"@type\":\"SearchAction\",\"target\":{\"@type\":\"EntryPoint\",\"urlTemplate\":\"https:\\\/\\\/equasens.com\\\/en\\\/?s={search_term_string}\"},\"query-input\":{\"@type\":\"PropertyValueSpecification\",\"valueRequired\":true,\"valueName\":\"search_term_string\"}}],\"inLanguage\":\"en-US\"},{\"@type\":\"Organization\",\"@id\":\"https:\\\/\\\/equasens.com\\\/en\\\/#organization\",\"name\":\"Equasens - Acteur structurant de solutions pour les professionnels de sant\u00e9\",\"url\":\"https:\\\/\\\/equasens.com\\\/en\\\/\",\"logo\":{\"@type\":\"ImageObject\",\"inLanguage\":\"en-US\",\"@id\":\"https:\\\/\\\/equasens.com\\\/en\\\/#\\\/schema\\\/logo\\\/image\\\/\",\"url\":\"https:\\\/\\\/equasens.com\\\/wp-content\\\/uploads\\\/2022\\\/05\\\/cropped-logoequasens.png\",\"contentUrl\":\"https:\\\/\\\/equasens.com\\\/wp-content\\\/uploads\\\/2022\\\/05\\\/cropped-logoequasens.png\",\"width\":385,\"height\":226,\"caption\":\"Equasens - Acteur structurant de solutions pour les professionnels de sant\u00e9\"},\"image\":{\"@id\":\"https:\\\/\\\/equasens.com\\\/en\\\/#\\\/schema\\\/logo\\\/image\\\/\"}}]}<\/script>\n<!-- \/ Yoast SEO plugin. -->","yoast_head_json":{"title":"Investor Relations - Equasens - Acteur structurant de solutions pour les professionnels de sant\u00e9","robots":{"index":"index","follow":"follow","max-snippet":"max-snippet:-1","max-image-preview":"max-image-preview:large","max-video-preview":"max-video-preview:-1"},"canonical":"https:\/\/equasens.com\/en\/investissors\/","og_locale":"en_US","og_type":"article","og_title":"Investor Relations - Equasens - Acteur structurant de solutions pour les professionnels de sant\u00e9","og_description":"EQUASENS Listed on Euronext Paris\u2122 \u2013 Compartment BIndexes : MSCI GLOBAL SMALL CAP \u2013 GA\u00cfA Index 2020 \u2013 CAC\u00ae&nbsp;SMALL et CAC\u00ae&nbsp;All-Tradable by inclusionIncluded in the Euronext Tech Leaders segment and the European Rising Tech labelEligible for the Deferred Settlement Service (\u201cService \u00e0 R\u00e9glement Diff\u00e9r\u00e9\u201d &#8211; SRD) and equity savings accounts invested in small and mid [&hellip;]","og_url":"https:\/\/equasens.com\/en\/investissors\/","og_site_name":"Equasens - Acteur structurant de solutions pour les professionnels de sant\u00e9","article_modified_time":"2025-03-31T21:44:32+00:00","twitter_card":"summary_large_image","twitter_misc":{"Est. reading time":"1 minute"},"schema":{"@context":"https:\/\/schema.org","@graph":[{"@type":"WebPage","@id":"https:\/\/equasens.com\/en\/investissors\/","url":"https:\/\/equasens.com\/en\/investissors\/","name":"Investor Relations - Equasens - Acteur structurant de solutions pour les professionnels de sant\u00e9","isPartOf":{"@id":"https:\/\/equasens.com\/en\/#website"},"datePublished":"2023-09-12T08:46:40+00:00","dateModified":"2025-03-31T21:44:32+00:00","breadcrumb":{"@id":"https:\/\/equasens.com\/en\/investissors\/#breadcrumb"},"inLanguage":"en-US","potentialAction":[{"@type":"ReadAction","target":["https:\/\/equasens.com\/en\/investissors\/"]}]},{"@type":"BreadcrumbList","@id":"https:\/\/equasens.com\/en\/investissors\/#breadcrumb","itemListElement":[{"@type":"ListItem","position":1,"name":"Home","item":"https:\/\/equasens.com\/en\/"},{"@type":"ListItem","position":2,"name":"Investor Relations"}]},{"@type":"WebSite","@id":"https:\/\/equasens.com\/en\/#website","url":"https:\/\/equasens.com\/en\/","name":"Equasens - Acteur structurant de solutions pour les professionnels de sant\u00e9","description":"Plus de technologie pour plus d&#039;humain","publisher":{"@id":"https:\/\/equasens.com\/en\/#organization"},"potentialAction":[{"@type":"SearchAction","target":{"@type":"EntryPoint","urlTemplate":"https:\/\/equasens.com\/en\/?s={search_term_string}"},"query-input":{"@type":"PropertyValueSpecification","valueRequired":true,"valueName":"search_term_string"}}],"inLanguage":"en-US"},{"@type":"Organization","@id":"https:\/\/equasens.com\/en\/#organization","name":"Equasens - Acteur structurant de solutions pour les professionnels de sant\u00e9","url":"https:\/\/equasens.com\/en\/","logo":{"@type":"ImageObject","inLanguage":"en-US","@id":"https:\/\/equasens.com\/en\/#\/schema\/logo\/image\/","url":"https:\/\/equasens.com\/wp-content\/uploads\/2022\/05\/cropped-logoequasens.png","contentUrl":"https:\/\/equasens.com\/wp-content\/uploads\/2022\/05\/cropped-logoequasens.png","width":385,"height":226,"caption":"Equasens - Acteur structurant de solutions pour les professionnels de sant\u00e9"},"image":{"@id":"https:\/\/equasens.com\/en\/#\/schema\/logo\/image\/"}}]}},"rttpg_featured_image_url":null,"rttpg_author":{"display_name":"Juan CORREA","author_link":"https:\/\/equasens.com\/en\/author\/jcorrea\/"},"rttpg_comment":0,"rttpg_category":" <a href=\"https:\/\/equasens.com\/en\/?taxonomy=translation_priority&#038;term=required\" rel=\"tag\">Required<\/a>","rttpg_excerpt":"EQUASENS Listed on Euronext Paris\u2122 \u2013 Compartment BIndexes : MSCI GLOBAL SMALL CAP \u2013 GA\u00cfA Index 2020 \u2013 CAC\u00ae&nbsp;SMALL et CAC\u00ae&nbsp;All-Tradable by inclusionIncluded in the Euronext Tech Leaders segment and the European Rising Tech labelEligible for the Deferred Settlement Service (\u201cService \u00e0 R\u00e9glement Diff\u00e9r\u00e9\u201d &#8211; SRD) and equity savings accounts invested in small and mid&hellip;","_links":{"self":[{"href":"https:\/\/equasens.com\/en\/wp-json\/wp\/v2\/pages\/8300","targetHints":{"allow":["GET"]}}],"collection":[{"href":"https:\/\/equasens.com\/en\/wp-json\/wp\/v2\/pages"}],"about":[{"href":"https:\/\/equasens.com\/en\/wp-json\/wp\/v2\/types\/page"}],"author":[{"embeddable":true,"href":"https:\/\/equasens.com\/en\/wp-json\/wp\/v2\/users\/9"}],"replies":[{"embeddable":true,"href":"https:\/\/equasens.com\/en\/wp-json\/wp\/v2\/comments?post=8300"}],"version-history":[{"count":34,"href":"https:\/\/equasens.com\/en\/wp-json\/wp\/v2\/pages\/8300\/revisions"}],"predecessor-version":[{"id":19195,"href":"https:\/\/equasens.com\/en\/wp-json\/wp\/v2\/pages\/8300\/revisions\/19195"}],"wp:attachment":[{"href":"https:\/\/equasens.com\/en\/wp-json\/wp\/v2\/media?parent=8300"}],"curies":[{"name":"wp","href":"https:\/\/api.w.org\/{rel}","templated":true}]}}