{"id":6043,"date":"2022-03-29T09:29:54","date_gmt":"2022-03-29T07:29:54","guid":{"rendered":"https:\/\/equasens.com\/legal-information\/"},"modified":"2022-10-26T16:42:39","modified_gmt":"2022-10-26T14:42:39","slug":"legal-information","status":"publish","type":"page","link":"https:\/\/equasens.com\/en\/legal-information\/","title":{"rendered":"Legal information"},"content":{"rendered":"<div class=\"container\" data-aos=\"fade-right\"><div class=\"row\"><div class=\"medium-large-full\" >\n<p>The head office is located 5 All\u00e9e de Saint-Cloud \u00e0 Villers-L\u00e8s-Nancy.<\/p>\n<\/div><\/div><\/div><div class=\"container\" data-aos=\"fade-right\"><div class=\"row\"><div class=\"medium-large-full\" >\n<p><strong>Email:\u00a0<\/strong><a href=\"mailto:contact@equasens.com\">contact@equasens.com<\/a><strong>&#13;\nTel.<\/strong>\u00a00820 90 81 00<\/p>\n<\/div><\/div><\/div><div class=\"container\" data-aos=\"fade-right\"><div class=\"row\"><div class=\"medium-large-full\" >\n<p><strong>Company registry <\/strong>Nancy B 403 561 137&#13;\n<strong>French VAT No.:<\/strong>\u00a039403561137&#13;\n<strong>Siret:<\/strong>\u00a0403 561 137 002 05<\/p>\n<\/div><\/div><\/div><div class=\"container\" data-aos=\"fade-right\"><div class=\"row\"><div class=\"medium-large-full\" >\n<p><strong>Head of publication:<\/strong>\u00a0Denis Supplisson<\/p>\n<\/div><\/div><\/div><div class=\"container\" data-aos=\"fade-right\"><div class=\"row\"><div class=\"medium-large-full\" >\n<h2 class=\"wp-block-heading\">Hosting<\/h2>\n<\/div><\/div><\/div><div class=\"container\" data-aos=\"fade-right\"><div class=\"row\"><div class=\"medium-large-full\" >\n<p>Equasens&#13;\n5 All\u00e9e de Saint-Cloud&#13;\n54600 VILLERS-L\u00c8S-NANCY<\/p>\n<\/div><\/div><\/div><div class=\"container\" data-aos=\"fade-right\"><div class=\"row\"><div class=\"medium-large-full\" >\n<h2 class=\"wp-block-heading\">General conditions of use<\/h2>\n<\/div><\/div><\/div><div class=\"container\" data-aos=\"fade-right\"><div class=\"row\"><div class=\"medium-large-full\" >\n<p>This service is reserved for strictly personal use.<\/p>\n<\/div><\/div><\/div><div class=\"container\" data-aos=\"fade-right\"><div class=\"row\"><div class=\"medium-large-full\" >\n<p>Any reproduction or representation, in whole or in part, for other purposes is forbidden without the prior explicit approval of the Equasens Group and constitutes infringement within the meaning of Articles L 335-2 et seq of the intellectual property code.<\/p>\n<\/div><\/div><\/div><div class=\"container\" data-aos=\"fade-right\"><div class=\"row\"><div class=\"medium-large-full\" >\n<p>Non-compliance with this restriction constitutes infringement which could involve the civil or criminal liability of the perpetrator.<\/p>\n<\/div><\/div><\/div><div class=\"container\" data-aos=\"fade-right\"><div class=\"row\"><div class=\"medium-large-full\" >\n<p>Information contained in this service is non-contractual and subject to modification without notice.<\/p>\n<\/div><\/div><\/div><div class=\"container\" data-aos=\"fade-right\"><div class=\"row\"><div class=\"medium-large-full\" >\n<p>The hyperlinks used on the Equasens site leading to other sites and more generally to all existing internet resources do not engage the responsibility of the agency.<\/p>\n<\/div><\/div><\/div><div class=\"container\" data-aos=\"fade-right\"><div class=\"row\"><div class=\"medium-large-full\" >\n<h2 class=\"wp-block-heading\">Paper reproduction<\/h2>\n<\/div><\/div><\/div><div class=\"container\" data-aos=\"fade-right\"><div class=\"row\"><div class=\"medium-large-full\" >\n<p>Excluding logos, paper reproduction of the pages on this site is authorised, subject to compliance with the following three conditions:&#13;\n\u2013 dissemination free of charge,&#13;\n\u2013 respect of the integrity of documents reproduced (no modification, nor alteration of any kind),&#13;\n\u2013 explicit mention of the www.equasens.com website as the source and mention of reserved and strictly limited reproduction rights.<\/p>\n<\/div><\/div><\/div><div class=\"container\" data-aos=\"fade-right\"><div class=\"row\"><div class=\"medium-large-full\" >\n<h2 class=\"wp-block-heading\">Reproduction on electronic media<\/h2>\n<\/div><\/div><\/div><div class=\"container\" data-aos=\"fade-right\"><div class=\"row\"><div class=\"medium-large-full\" >\n<p>The reproduction of all of part of this site on electronic media is authorised subject to the clear and legible addition of the source www.equasens.com and the mention \u201cRights reserved\u201d.<\/p>\n<\/div><\/div><\/div><div class=\"container\" data-aos=\"fade-right\"><div class=\"row\"><div class=\"medium-large-full\" >\n<p>Information used should only be for personal, associative or professional usage; any usage for commercial or advertising purposes is strictly prohibited.<\/p>\n<\/div><\/div><\/div><div class=\"container\" data-aos=\"fade-right\"><div class=\"row\"><div class=\"medium-large-full\" >\n<h2 class=\"wp-block-heading\">Creation of links to the www.equasens.com site<\/h2>\n<\/div><\/div><\/div><div class=\"container\" data-aos=\"fade-right\"><div class=\"row\"><div class=\"medium-large-full\" >\n<p>Equasens authorises the creation of hypertext links to its content, subject to :<\/p>\n<\/div><\/div><\/div><div class=\"container\" data-aos=\"fade-right\"><div class=\"row\"><div class=\"medium-large-full\" >\n<p>No usage of deep linking techniques, in other words, the web pages (equasens.com) must not be embedded within pages of another site, but rather should be accessible via a pop-up window.<\/p>\n<\/div><\/div><\/div><div class=\"container\" data-aos=\"fade-right\"><div class=\"row\"><div class=\"medium-large-full\" >\n<p>Mention of the source which would, thanks to a hypertext link, lead directly to the relevant content.<\/p>\n<\/div><\/div><\/div><div class=\"container\" data-aos=\"fade-right\"><div class=\"row\"><div class=\"medium-large-full\" >\n<p>Information used should only be for personal, associative or professional usage; any usage for commercial or advertising purposes is strictly prohibited.<\/p>\n<\/div><\/div><\/div><div class=\"container\" data-aos=\"fade-right\"><div class=\"row\"><div class=\"medium-large-full\" >\n<p>Warning! This authorisation does not apply to internet sites disseminating information of a polemical, pornographic, or xenophobic nature or likely, in a broader sense, to offend the great majority of people.<\/p>\n<\/div><\/div><\/div><div class=\"container\" data-aos=\"fade-right\"><div class=\"row\"><div class=\"medium-large-full\" >\n<p>For all usage, please feel free to contact us.<\/p>\n<\/div><\/div><\/div><div class=\"container\" data-aos=\"fade-right\"><div class=\"row\"><div class=\"medium-large-full\" >\n<h2 class=\"wp-block-heading\">Iconography<\/h2>\n<\/div><\/div><\/div><div class=\"container\" data-aos=\"fade-right\"><div class=\"row\"><div class=\"medium-large-full\" >\n<p><strong>Photography credits:\u00a0<\/strong>Equasens<\/p>\n<\/div><\/div><\/div><div class=\"container\" data-aos=\"fade-right\"><div class=\"row\"><div class=\"medium-large-full\" >\n<h2 class=\"wp-block-heading\">Confidentiality and personal data protection<\/h2>\n<\/div><\/div><\/div><div class=\"container\" data-aos=\"fade-right\"><div class=\"row\"><div class=\"medium-large-full\" >\n<p>In compliance with the French Law on Information Technology and Freedoms No. 78-17 of 6 January 1978, you may, at any time, modify or delete the information relative to your inscription. As your personal information is confidential, the Equasens Group commits to protecting it. You may consult the <a href=\"https:\/\/equasens.com\/donnees-personnelles\/\">personal data page<\/a> for further information.<\/p>\n<\/div><\/div><\/div><div class=\"container\" data-aos=\"fade-right\"><div class=\"row\"><div class=\"medium-large-full\" >\n<p>You have a right of access, modification, rectification and deletion of your personal data (Article 34 of the \u201cLaw on Information Technology and Freedoms\u201d). You may exercise this right directly on the site or by contacting us:<\/p>\n<\/div><\/div><\/div><div class=\"container\" data-aos=\"fade-right\"><div class=\"row\"><div class=\"medium-large-full\" >\n<p>Equasens&#13;\n5 All\u00e9e de Saint-Cloud&#13;\n54600 VILLERS-L\u00c8S-NANCY<\/p>\n<\/div><\/div><\/div><div class=\"container\" data-aos=\"fade-right\"><div class=\"row\"><div class=\"medium-large-full\" >\n<p><strong>Email : <\/strong><a href=\"mailto:bienvenue@billiotte.fr\">contact@equasens.com<\/a><\/p>\n<\/div><\/div><\/div><div class=\"container\" data-aos=\"fade-right\"><div class=\"row\"><div class=\"medium-large-full\" >\n<p><\/p>\n<\/div><\/div><\/div>","protected":false},"excerpt":{"rendered":"<p>The head office is located 5 All\u00e9e de Saint-Cloud \u00e0 Villers-L\u00e8s-Nancy. Email:\u00a0contact@equasens.com&#13; Tel.\u00a00820 90 81 00 Company registry Nancy B 403 561 137&#13; French VAT No.:\u00a039403561137&#13; Siret:\u00a0403 561 137 002 05 Head of publication:\u00a0Denis Supplisson Hosting Equasens&#13; 5 All\u00e9e de Saint-Cloud&#13; 54600 VILLERS-L\u00c8S-NANCY General conditions of use This service is reserved for strictly personal use. [&hellip;]<\/p>\n","protected":false},"author":1,"featured_media":0,"parent":0,"menu_order":0,"comment_status":"closed","ping_status":"closed","template":"","meta":{"_acf_changed":false,"footnotes":""},"class_list":["post-6043","page","type-page","status-publish","hentry"],"acf":[],"yoast_head":"<!-- This site is optimized with the Yoast SEO plugin v27.3 - https:\/\/yoast.com\/product\/yoast-seo-wordpress\/ -->\n<title>Legal information - Equasens - Acteur structurant de solutions pour les professionnels de sant\u00e9<\/title>\n<meta name=\"robots\" content=\"index, follow, max-snippet:-1, max-image-preview:large, max-video-preview:-1\" \/>\n<link rel=\"canonical\" href=\"https:\/\/equasens.com\/en\/legal-information\/\" \/>\n<meta property=\"og:locale\" content=\"en_US\" \/>\n<meta property=\"og:type\" content=\"article\" \/>\n<meta property=\"og:title\" content=\"Legal information - Equasens - Acteur structurant de solutions pour les professionnels de sant\u00e9\" \/>\n<meta property=\"og:description\" content=\"The head office is located 5 All\u00e9e de Saint-Cloud \u00e0 Villers-L\u00e8s-Nancy. Email:\u00a0contact@equasens.com&#013; Tel.\u00a00820 90 81 00 Company registry Nancy B 403 561 137&#013; French VAT No.:\u00a039403561137&#013; Siret:\u00a0403 561 137 002 05 Head of publication:\u00a0Denis Supplisson Hosting Equasens&#013; 5 All\u00e9e de Saint-Cloud&#013; 54600 VILLERS-L\u00c8S-NANCY General conditions of use This service is reserved for strictly personal use. [&hellip;]\" \/>\n<meta property=\"og:url\" content=\"https:\/\/equasens.com\/en\/legal-information\/\" \/>\n<meta property=\"og:site_name\" content=\"Equasens - Acteur structurant de solutions pour les professionnels de sant\u00e9\" \/>\n<meta property=\"article:modified_time\" content=\"2022-10-26T14:42:39+00:00\" \/>\n<meta name=\"twitter:card\" content=\"summary_large_image\" \/>\n<meta name=\"twitter:label1\" content=\"Est. reading time\" \/>\n\t<meta name=\"twitter:data1\" content=\"3 minutes\" \/>\n<script type=\"application\/ld+json\" class=\"yoast-schema-graph\">{\"@context\":\"https:\\\/\\\/schema.org\",\"@graph\":[{\"@type\":\"WebPage\",\"@id\":\"https:\\\/\\\/equasens.com\\\/en\\\/legal-information\\\/\",\"url\":\"https:\\\/\\\/equasens.com\\\/en\\\/legal-information\\\/\",\"name\":\"Legal information - Equasens - Acteur structurant de solutions pour les professionnels de sant\u00e9\",\"isPartOf\":{\"@id\":\"https:\\\/\\\/equasens.com\\\/en\\\/#website\"},\"datePublished\":\"2022-03-29T07:29:54+00:00\",\"dateModified\":\"2022-10-26T14:42:39+00:00\",\"breadcrumb\":{\"@id\":\"https:\\\/\\\/equasens.com\\\/en\\\/legal-information\\\/#breadcrumb\"},\"inLanguage\":\"en-US\",\"potentialAction\":[{\"@type\":\"ReadAction\",\"target\":[\"https:\\\/\\\/equasens.com\\\/en\\\/legal-information\\\/\"]}]},{\"@type\":\"BreadcrumbList\",\"@id\":\"https:\\\/\\\/equasens.com\\\/en\\\/legal-information\\\/#breadcrumb\",\"itemListElement\":[{\"@type\":\"ListItem\",\"position\":1,\"name\":\"Home\",\"item\":\"https:\\\/\\\/equasens.com\\\/en\\\/\"},{\"@type\":\"ListItem\",\"position\":2,\"name\":\"Legal information\"}]},{\"@type\":\"WebSite\",\"@id\":\"https:\\\/\\\/equasens.com\\\/en\\\/#website\",\"url\":\"https:\\\/\\\/equasens.com\\\/en\\\/\",\"name\":\"Equasens - Acteur structurant de solutions pour les professionnels de sant\u00e9\",\"description\":\"Plus de technologie pour plus d&#039;humain\",\"publisher\":{\"@id\":\"https:\\\/\\\/equasens.com\\\/en\\\/#organization\"},\"potentialAction\":[{\"@type\":\"SearchAction\",\"target\":{\"@type\":\"EntryPoint\",\"urlTemplate\":\"https:\\\/\\\/equasens.com\\\/en\\\/?s={search_term_string}\"},\"query-input\":{\"@type\":\"PropertyValueSpecification\",\"valueRequired\":true,\"valueName\":\"search_term_string\"}}],\"inLanguage\":\"en-US\"},{\"@type\":\"Organization\",\"@id\":\"https:\\\/\\\/equasens.com\\\/en\\\/#organization\",\"name\":\"Equasens - Acteur structurant de solutions pour les professionnels de sant\u00e9\",\"url\":\"https:\\\/\\\/equasens.com\\\/en\\\/\",\"logo\":{\"@type\":\"ImageObject\",\"inLanguage\":\"en-US\",\"@id\":\"https:\\\/\\\/equasens.com\\\/en\\\/#\\\/schema\\\/logo\\\/image\\\/\",\"url\":\"https:\\\/\\\/equasens.com\\\/wp-content\\\/uploads\\\/2022\\\/05\\\/cropped-logoequasens.png\",\"contentUrl\":\"https:\\\/\\\/equasens.com\\\/wp-content\\\/uploads\\\/2022\\\/05\\\/cropped-logoequasens.png\",\"width\":385,\"height\":226,\"caption\":\"Equasens - Acteur structurant de solutions pour les professionnels de sant\u00e9\"},\"image\":{\"@id\":\"https:\\\/\\\/equasens.com\\\/en\\\/#\\\/schema\\\/logo\\\/image\\\/\"}}]}<\/script>\n<!-- \/ Yoast SEO plugin. -->","yoast_head_json":{"title":"Legal information - Equasens - Acteur structurant de solutions pour les professionnels de sant\u00e9","robots":{"index":"index","follow":"follow","max-snippet":"max-snippet:-1","max-image-preview":"max-image-preview:large","max-video-preview":"max-video-preview:-1"},"canonical":"https:\/\/equasens.com\/en\/legal-information\/","og_locale":"en_US","og_type":"article","og_title":"Legal information - Equasens - Acteur structurant de solutions pour les professionnels de sant\u00e9","og_description":"The head office is located 5 All\u00e9e de Saint-Cloud \u00e0 Villers-L\u00e8s-Nancy. Email:\u00a0contact@equasens.com&#13; Tel.\u00a00820 90 81 00 Company registry Nancy B 403 561 137&#13; French VAT No.:\u00a039403561137&#13; Siret:\u00a0403 561 137 002 05 Head of publication:\u00a0Denis Supplisson Hosting Equasens&#13; 5 All\u00e9e de Saint-Cloud&#13; 54600 VILLERS-L\u00c8S-NANCY General conditions of use This service is reserved for strictly personal use. [&hellip;]","og_url":"https:\/\/equasens.com\/en\/legal-information\/","og_site_name":"Equasens - Acteur structurant de solutions pour les professionnels de sant\u00e9","article_modified_time":"2022-10-26T14:42:39+00:00","twitter_card":"summary_large_image","twitter_misc":{"Est. reading time":"3 minutes"},"schema":{"@context":"https:\/\/schema.org","@graph":[{"@type":"WebPage","@id":"https:\/\/equasens.com\/en\/legal-information\/","url":"https:\/\/equasens.com\/en\/legal-information\/","name":"Legal information - Equasens - Acteur structurant de solutions pour les professionnels de sant\u00e9","isPartOf":{"@id":"https:\/\/equasens.com\/en\/#website"},"datePublished":"2022-03-29T07:29:54+00:00","dateModified":"2022-10-26T14:42:39+00:00","breadcrumb":{"@id":"https:\/\/equasens.com\/en\/legal-information\/#breadcrumb"},"inLanguage":"en-US","potentialAction":[{"@type":"ReadAction","target":["https:\/\/equasens.com\/en\/legal-information\/"]}]},{"@type":"BreadcrumbList","@id":"https:\/\/equasens.com\/en\/legal-information\/#breadcrumb","itemListElement":[{"@type":"ListItem","position":1,"name":"Home","item":"https:\/\/equasens.com\/en\/"},{"@type":"ListItem","position":2,"name":"Legal information"}]},{"@type":"WebSite","@id":"https:\/\/equasens.com\/en\/#website","url":"https:\/\/equasens.com\/en\/","name":"Equasens - Acteur structurant de solutions pour les professionnels de sant\u00e9","description":"Plus de technologie pour plus d&#039;humain","publisher":{"@id":"https:\/\/equasens.com\/en\/#organization"},"potentialAction":[{"@type":"SearchAction","target":{"@type":"EntryPoint","urlTemplate":"https:\/\/equasens.com\/en\/?s={search_term_string}"},"query-input":{"@type":"PropertyValueSpecification","valueRequired":true,"valueName":"search_term_string"}}],"inLanguage":"en-US"},{"@type":"Organization","@id":"https:\/\/equasens.com\/en\/#organization","name":"Equasens - Acteur structurant de solutions pour les professionnels de sant\u00e9","url":"https:\/\/equasens.com\/en\/","logo":{"@type":"ImageObject","inLanguage":"en-US","@id":"https:\/\/equasens.com\/en\/#\/schema\/logo\/image\/","url":"https:\/\/equasens.com\/wp-content\/uploads\/2022\/05\/cropped-logoequasens.png","contentUrl":"https:\/\/equasens.com\/wp-content\/uploads\/2022\/05\/cropped-logoequasens.png","width":385,"height":226,"caption":"Equasens - Acteur structurant de solutions pour les professionnels de sant\u00e9"},"image":{"@id":"https:\/\/equasens.com\/en\/#\/schema\/logo\/image\/"}}]}},"rttpg_featured_image_url":null,"rttpg_author":{"display_name":"adminbilliotte","author_link":"https:\/\/equasens.com\/en\/author\/adminbilliotte\/"},"rttpg_comment":0,"rttpg_category":" <a href=\"https:\/\/equasens.com\/?taxonomy=translation_priority&#038;term=optional\" rel=\"tag\">Optional<\/a>","rttpg_excerpt":"The head office is located 5 All\u00e9e de Saint-Cloud \u00e0 Villers-L\u00e8s-Nancy. Email:\u00a0contact@equasens.com&#13; Tel.\u00a00820 90 81 00 Company registry Nancy B 403 561 137&#13; French VAT No.:\u00a039403561137&#13; Siret:\u00a0403 561 137 002 05 Head of publication:\u00a0Denis Supplisson Hosting Equasens&#13; 5 All\u00e9e de Saint-Cloud&#13; 54600 VILLERS-L\u00c8S-NANCY General conditions of use This service is reserved for strictly personal use.&hellip;","_links":{"self":[{"href":"https:\/\/equasens.com\/en\/wp-json\/wp\/v2\/pages\/6043","targetHints":{"allow":["GET"]}}],"collection":[{"href":"https:\/\/equasens.com\/en\/wp-json\/wp\/v2\/pages"}],"about":[{"href":"https:\/\/equasens.com\/en\/wp-json\/wp\/v2\/types\/page"}],"author":[{"embeddable":true,"href":"https:\/\/equasens.com\/en\/wp-json\/wp\/v2\/users\/1"}],"replies":[{"embeddable":true,"href":"https:\/\/equasens.com\/en\/wp-json\/wp\/v2\/comments?post=6043"}],"version-history":[{"count":3,"href":"https:\/\/equasens.com\/en\/wp-json\/wp\/v2\/pages\/6043\/revisions"}],"predecessor-version":[{"id":6046,"href":"https:\/\/equasens.com\/en\/wp-json\/wp\/v2\/pages\/6043\/revisions\/6046"}],"wp:attachment":[{"href":"https:\/\/equasens.com\/en\/wp-json\/wp\/v2\/media?parent=6043"}],"curies":[{"name":"wp","href":"https:\/\/api.w.org\/{rel}","templated":true}]}}