{"id":11220,"date":"2022-03-23T16:30:00","date_gmt":"2022-03-23T15:30:00","guid":{"rendered":"https:\/\/equasens.com\/unsere-geschaeftsbereiche\/e-connect\/"},"modified":"2025-07-03T15:08:11","modified_gmt":"2025-07-03T13:08:11","slug":"e-connect","status":"publish","type":"page","link":"https:\/\/equasens.com\/de\/unsere-geschaeftsbereiche\/e-connect\/","title":{"rendered":"e-Connect"},"content":{"rendered":"\n<div class=\"wp-block-cover is-light has-custom-content-position is-position-bottom-left\"><span aria-hidden=\"true\" class=\"wp-block-cover__background has-background-dim-20 has-background-dim\" style=\"background-color:#907d81\"><\/span><img loading=\"lazy\" decoding=\"async\" width=\"2560\" height=\"1707\" src=\"https:\/\/equasens.com\/wp-content\/uploads\/2022\/04\/e-conect-scaled.jpg\" class=\"wp-block-cover__image-background wp-post-image\" alt=\"\" data-object-fit=\"cover\" data-object-position=\"30% 55%\" style=\"object-position:30% 55%;\" \/><div class=\"wp-block-cover__inner-container is-layout-flow wp-block-cover-is-layout-flow\"><div class=\"container\" data-aos=\"fade-right\"><div class=\"row\"><div class=\"medium-large-full\" >\n<p class=\"has-text-align-left has-text-color\" style=\"color:#fefefe;font-size:30px\"><\/p>\n<\/div><\/div><\/div><\/div><\/div>\n\n\n<div class=\"container\" data-aos=\"fade-right\"><div class=\"row\"><div class=\"medium-large-full\" >\n<div class=\"wp-block-columns is-layout-flex wp-container-core-columns-is-layout-9d6595d7 wp-block-columns-is-layout-flex\">\n<div class=\"wp-block-column is-layout-flow wp-block-column-is-layout-flow\"><div id=\"title-block_53c5a5c571553ed067e45549aa527c72\" class=\"block-title text-align-left\">\n\t<div class=\"container\">\n\t\t<div class=\"row\">\n\t\t\t<div class=\"medium-large-full flex-col\">\n\t\t\t\t<h2 class=\"title\">\n\t\t\t\t\t\t\t\t\t\t<span class=\"meta-title\" data-aos=\"fade-right\" data-aos-delay=\"200\">\n\t\t\t\t\t\tEntwickler und Hersteller von vernetzten elektronischen Ger\u00e4ten und Vorrichtungen f\u00fcr medizinische Fachkr\u00e4fte und Patienten\t\t\t\t\t\t\t\t\t\t\t<\/span>\n\t\t\t\t<\/h2>\n                \t\t\t<\/div>\n\t\t<\/div>\n\t<\/div>\n\n<\/div>\n\n\n<div class=\"container\" data-aos=\"fade-right\"><div class=\"row\"><div class=\"medium-large-full\" >\n<p>Der Gesch\u00e4ftsbereich e-Connect entwirft, entwickelt, produziert und verwendet vernetzte, intelligente und sichere Hardware f\u00fcr Entwickler von Branchensoftware, Fachkr\u00e4fte in Gesundheitseinrichtungen und Ger\u00e4te f\u00fcr Patienten, die zum Wohlbefinden pflegebed\u00fcrftiger Menschen beitragen.<\/p>\n<\/div><\/div><\/div><\/div>\n<\/div>\n<\/div><\/div><\/div>\n\n<div id=\"title-block_b2943cfe0e55855ba80c783595c72c5e\" class=\"block-title text-align-left\">\n\t<div class=\"container\">\n\t\t<div class=\"row\">\n\t\t\t<div class=\"medium-large-full flex-col\">\n\t\t\t\t<h2 class=\"title\">\n\t\t\t\t\t\t\t\t\t\t<span class=\"meta-title\" data-aos=\"fade-right\" data-aos-delay=\"200\">\n\t\t\t\t\t\t Ein umfassendes Angebot\t\t\t\t\t\t\t\t\t\t\t<\/span>\n\t\t\t\t<\/h2>\n                \t\t\t<\/div>\n\t\t<\/div>\n\t<\/div>\n\n<\/div>\n\n\n<div class=\"container\" data-aos=\"fade-right\"><div class=\"row\"><div class=\"medium-large-full\" >\n<p>Abwicklung der gesamten Produktions- und Verwertungskette\n\nDank der umfassenden Kompetenzen und Expertise, \u00fcber die die Ingenieure des Gesch\u00e4ftsbereichs e-Connect verf\u00fcgen, wird \u00fcber den Gesch\u00e4ftsbereich die gesamte Produktions- und Verwertungskette abgedeckt \u2013&nbsp;von der Konzeption von Endger\u00e4ten und kommunizierenden Objekten \u00fcber die Entwicklung von Anwendungen und eingebetteten Algorithmen, die Einrichtung von sicheren Infrastrukturen f\u00fcr die Verwaltung von Endger\u00e4ten und Diensten bis hin zur Entwicklung der Serienreife und des Betriebs.<\/p>\n<\/div><\/div><\/div>\n\n<div class=\"container\" data-aos=\"fade-right\"><div class=\"row\"><div class=\"medium-large-full\" >\n<p>Verantwortung f\u00fcr Gesellschaft und Umwelt\nAlle unsere Produkte werden in Frankreich hergestellt.<\/p>\n<\/div><\/div><\/div>\n\n<div class=\"container\" data-aos=\"fade-right\"><div class=\"row\"><div class=\"medium-large-full\" >\n<p>Von der Konzeption bis hin zur Entwicklung der Serienreife unserer L\u00f6sungen setzen wir alles daran, kurze Versorgungsketten zu f\u00f6rdern und lokale Standorte f\u00fcr unsere Produktions- und Logistikzentren zu finden, um den CO2-Fu\u00dfabdruck unserer Produktion so gering wie m\u00f6glich zu halten.<\/p>\n<\/div><\/div><\/div>\n\n<section id=\"fullwidth-block_84efbd1fc542780d6fc124e02c542e00\" class=\"block-fullwidth is-style-background-dark-blue \"   data-aos=\"fade-down\">\n    \n<div class=\"container\" data-aos=\"fade-right\"><div class=\"row\"><div class=\"medium-large-full\" >\n<div class=\"wp-block-columns are-vertically-aligned-center is-layout-flex wp-container-core-columns-is-layout-9d6595d7 wp-block-columns-is-layout-flex\">\n<div class=\"wp-block-column is-vertically-aligned-center is-layout-flow wp-block-column-is-layout-flow\" style=\"flex-basis:33.33%\"><div class=\"wp-block-image is-style-default\"><div class=\"container\" data-aos=\"fade-right\"><div class=\"row\"><div class=\"medium-large-full\" >\n<figure class=\"alignright size-large\"><img loading=\"lazy\" decoding=\"async\" width=\"819\" height=\"1024\" src=\"https:\/\/equasens.com\/wp-content\/uploads\/2023\/04\/F_FAVIER-819x1024.png\" alt=\"\" class=\"wp-image-6900\"\/><\/figure>\n<\/div><\/div><\/div><\/div><\/div>\n\n\n\n<div class=\"wp-block-column is-vertically-aligned-center is-layout-flow wp-block-column-is-layout-flow\" style=\"flex-basis:66.66%\"><div class=\"container\" data-aos=\"fade-right\"><div class=\"row\"><div class=\"medium-large-full\" >\n<blockquote class=\"wp-block-quote is-style-equasens is-layout-flow wp-block-quote-is-layout-flow\"><div class=\"container\" data-aos=\"fade-right\"><div class=\"row\"><div class=\"medium-large-full\" >\n<p>Der Gesch\u00e4ftsbereich&nbsp;e-Connect entwirft, entwickelt, produziert und verwendet vernetzte, intelligente und sichere Hardware f\u00fcr Entwickler von Branchensoftware, Fachkr\u00e4fte in Gesundheitseinrichtungen und Ger\u00e4te f\u00fcr Patienten, die zum Wohlbefinden pflegebed\u00fcrftiger Menschen beitragen.<\/p>\n<\/div><\/div><\/div><\/blockquote>\n<\/div><\/div><\/div>\n\n<div class=\"container\" data-aos=\"fade-right\"><div class=\"row\"><div class=\"medium-large-full\" >\n<p>Franck FAVIER <br>Leiter des Gesch\u00e4ftsbereichs&nbsp;e-Connect<\/p>\n<\/div><\/div><\/div>\n\n<div class=\"container\" data-aos=\"fade-right\"><div class=\"row\"><div class=\"medium-large-full\" >\n<p>&nbsp;<\/p>\n<\/div><\/div><\/div><\/div>\n<\/div>\n<\/div><\/div><\/div>\n\n<\/section>\n\n\n<div class=\"container\" data-aos=\"fade-right\"><div class=\"row\"><div class=\"medium-large-full\" >\n<div style=\"height:0px\" aria-hidden=\"true\" class=\"wp-block-spacer\"><\/div>\n<\/div><\/div><\/div>\n\n<section id=\"fullwidth-block_84efbd1fc542780d6fc124e02c542e00\" class=\"block-fullwidth is-style-background-dark-blue \"   data-aos=\"fade-down\">\n    \n<div class=\"container\" data-aos=\"fade-right\"><div class=\"row\"><div class=\"medium-large-full\" >\n<div class=\"wp-block-columns is-layout-flex wp-container-core-columns-is-layout-9d6595d7 wp-block-columns-is-layout-flex\">\n<div class=\"wp-block-column is-layout-flow wp-block-column-is-layout-flow\" style=\"flex-basis:20%\"><\/div>\n\n\n\n<div class=\"wp-block-column is-layout-flow wp-block-column-is-layout-flow\" style=\"flex-basis:60%\"><section id=\"numbers-block_9661bb087bd948500dca439ded3de86f\" class=\"block-numbers text-align-left\">\n\t<div class=\"container\">\n\t\t<div class=\"row\">\n\t\t\t<div class=\"medium-large-full\">\n\t\t\t\t\t\t\t\t<div class=\"flex flex-start flex-between flex-wrap\">\n                                            \t\t\t\t\t<div class=\"wrap-number flex-col flex-middle\" data-aos=\"fade-down\" data-aos-delay=\"50\">\n\t\t\t\t\t\t\t\t\t\t\t\t<div class=\"number-icon flex flex-center flex-middle\">\n\t\t\t\t\t\t\t\n\t\t\t\t\t\t\t\t\t\t\t\t\t<div class=\"circles top\"><\/div>\n\t\t\t\t\t\n\t\t\t\t\t\t<div class=\"number-number\"\n\t\t\t\t\t\t\t data-final=\"150 000\"\n\t\t\t\t\t\t\t data-prefix=\"\"\n\t\t\t\t\t\t\t data-number=\"150000\"\n\t\t\t\t\t\t\t data-suffix=\"\"\n\t\t\t\t\t\t\t style=\"color: #008a8b;\">150 000<\/div>\n\n\t\t\t\t\t\t<\/div>\n\t\t\t\t\t\t<div class=\"number-text\">medizinische Fachkr\u00e4fte <\/div>\n\t\t\t\t\t\t<div class=\"number-subtext\"><\/div>\n\t\t\t\t\t<\/div>\n\t\t\t\t\t                        \t\t\t\t\t<div class=\"wrap-number flex-col flex-middle\" data-aos=\"fade-down\" data-aos-delay=\"100\">\n\t\t\t\t\t\t\t\t\t\t\t\t<div class=\"number-icon flex flex-center flex-middle\">\n\t\t\t\t\t\t\t\n\t\t\t\t\t\t\t\t\t\t\t\t\t<div class=\"circles top\"><\/div>\n\t\t\t\t\t\n\t\t\t\t\t\t<div class=\"number-number\"\n\t\t\t\t\t\t\t data-final=\"11,2\"\n\t\t\t\t\t\t\t data-prefix=\"\"\n\t\t\t\t\t\t\t data-number=\"11\"\n\t\t\t\t\t\t\t data-suffix=\"\"\n\t\t\t\t\t\t\t style=\"color: #008a8b;\">11,2<\/div>\n\n\t\t\t\t\t\t<\/div>\n\t\t\t\t\t\t<div class=\"number-text\">Millionen Euro <\/div>\n\t\t\t\t\t\t<div class=\"number-subtext\">Umsatz im Jahr 2024<\/div>\n\t\t\t\t\t<\/div>\n\t\t\t\t\t                        \t\t\t\t\t<div class=\"wrap-number flex-col flex-middle\" data-aos=\"fade-down\" data-aos-delay=\"150\">\n\t\t\t\t\t\t\t\t\t\t\t\t<div class=\"number-icon flex flex-center flex-middle\">\n\t\t\t\t\t\t\t\n\t\t\t\t\t\t\t\t\t\t\t\t\t<div class=\"circles top\"><\/div>\n\t\t\t\t\t\n\t\t\t\t\t\t<div class=\"number-number\"\n\t\t\t\t\t\t\t data-final=\"52%\"\n\t\t\t\t\t\t\t data-prefix=\"\"\n\t\t\t\t\t\t\t data-number=\"52\"\n\t\t\t\t\t\t\t data-suffix=\"%\"\n\t\t\t\t\t\t\t style=\"color: #008a8b;\">52%<\/div>\n\n\t\t\t\t\t\t<\/div>\n\t\t\t\t\t\t<div class=\"number-text\">des Umsatzes durch Dienstleistungen<\/div>\n\t\t\t\t\t\t<div class=\"number-subtext\"><\/div>\n\t\t\t\t\t<\/div>\n\t\t\t\t\t                        \t\t\t\t\t<div class=\"wrap-number flex-col flex-middle\" data-aos=\"fade-down\" data-aos-delay=\"200\">\n\t\t\t\t\t\t\t\t\t\t\t\t<div class=\"number-icon flex flex-center flex-middle\">\n\t\t\t\t\t\t\t\n\t\t\t\t\t\t\t\t\t\t\t\t\t<div class=\"circles top\"><\/div>\n\t\t\t\t\t\n\t\t\t\t\t\t<div class=\"number-number\"\n\t\t\t\t\t\t\t data-final=\"48%\"\n\t\t\t\t\t\t\t data-prefix=\"\"\n\t\t\t\t\t\t\t data-number=\"48\"\n\t\t\t\t\t\t\t data-suffix=\"%\"\n\t\t\t\t\t\t\t style=\"color: ;\">48%<\/div>\n\n\t\t\t\t\t\t<\/div>\n\t\t\t\t\t\t<div class=\"number-text\">des Umsatzes durch Produkte<\/div>\n\t\t\t\t\t\t<div class=\"number-subtext\"><\/div>\n\t\t\t\t\t<\/div>\n\t\t\t\t\t\t\t\t\t<\/div>\n\t\t\t\t\t\t\t<\/div>\n\t\t<\/div>\n\t<\/div>\n<\/section>\n<\/div>\n\n\n\n<div class=\"wp-block-column is-layout-flow wp-block-column-is-layout-flow\" style=\"flex-basis:20%\"><\/div>\n<\/div>\n<\/div><\/div><\/div>\n\n<\/section>\n\n\n<div class=\"container\" data-aos=\"fade-right\"><div class=\"row\"><div class=\"medium-large-full\" >\n<div style=\"height:100px\" aria-hidden=\"true\" class=\"wp-block-spacer\"><\/div>\n<\/div><\/div><\/div>\n\n<div id=\"title-block_014622c69ea6d07a1b062b02495ed000\" class=\"block-title text-align-left\">\n\t<div class=\"container\">\n\t\t<div class=\"row\">\n\t\t\t<div class=\"medium-large-full flex-col\">\n\t\t\t\t<h2 class=\"title\">\n\t\t\t\t\t\t\t\t\t\t<span class=\"meta-title\" data-aos=\"fade-right\" data-aos-delay=\"200\">\n\t\t\t\t\t\tUnsere Aktivit\u00e4ten und Unternehmen \t\t\t\t\t\t\t\t\t\t\t<\/span>\n\t\t\t\t<\/h2>\n                \t\t\t<\/div>\n\t\t<\/div>\n\t<\/div>\n\n<\/div>\n\n\n<section id=\"activites-societes-block_c0d2cbb348e358808abe262a95206528\" class=\"block-activites-societes text-align-left\">\n    <div class=\"container\">\n        <div class=\"row medium-6 large-half\">\n\t\t\t\t\t\t                    <article class=\"wrap-activite-societe flex\">\n    <a href=\"https:\/\/www.kapelse.com\/\" target=\"_blank\" rel=\"nofollow noopener\" class=\"image flex flex-center-middle\">\n            <\/a>\n    <div class=\"content\">\n\t\t<a href=\"https:\/\/www.kapelse.com\/\" target=\"_blank\" rel=\"nofollow noopener\"><h1 class=\"meta-title flex flex-middle\">KAPELSE <span class=\"icon flex flex-center-middle\"><svg xmlns=\"http:\/\/www.w3.org\/2000\/svg\" data-name=\"Layer 1\" viewBox=\"0 0 24 24\"><path d=\"M17.92,11.62a1,1,0,0,0-.21-.33l-5-5a1,1,0,0,0-1.42,1.42L14.59,11H7a1,1,0,0,0,0,2h7.59l-3.3,3.29a1,1,0,0,0,0,1.42,1,1,0,0,0,1.42,0l5-5a1,1,0,0,0,.21-.33A1,1,0,0,0,17.92,11.62Z\"\/><\/svg><\/span><\/h1><\/a>\n\t\t<p>Als Spezialist im Bereich der Konzeption, Entwicklung, Serienreife und Produktion von intelligenter Hardware bietet\u00a0KAPELSE Integrationspartnern und Softwareentwicklern seit\u00a02013 ein umfassendes Sortiment an.&#13; &#13; Die St\u00e4rke von KAPELSE liegt in seiner F\u00e4higkeit, fortlaufend L\u00f6sungen anzubieten, die die Anforderungen von Fachleuten (Ergonomie der Produkte, Miniaturisierung usw.) erf\u00fcllen und an ihre zunehmende Mobilit\u00e4t (KAP&amp;NETWORK-Infrastruktur) angepasst sind und gleichzeitig [&hellip;]<\/p>\n    <\/div>\n<\/article>\n                                    <article class=\"wrap-activite-societe flex\">\n    <a href=\"https:\/\/noviacare.com\/\" target=\"_blank\" rel=\"nofollow noopener\" class=\"image flex flex-center-middle\">\n            <\/a>\n    <div class=\"content\">\n\t\t<a href=\"https:\/\/noviacare.com\/\" target=\"_blank\" rel=\"nofollow noopener\"><h1 class=\"meta-title flex flex-middle\">NOVIATEK <span class=\"icon flex flex-center-middle\"><svg xmlns=\"http:\/\/www.w3.org\/2000\/svg\" data-name=\"Layer 1\" viewBox=\"0 0 24 24\"><path d=\"M17.92,11.62a1,1,0,0,0-.21-.33l-5-5a1,1,0,0,0-1.42,1.42L14.59,11H7a1,1,0,0,0,0,2h7.59l-3.3,3.29a1,1,0,0,0,0,1.42,1,1,0,0,0,1.42,0l5-5a1,1,0,0,0,.21-.33A1,1,0,0,0,17.92,11.62Z\"\/><\/svg><\/span><\/h1><\/a>\n\t\t<p>NOVIATEK ist auf die Konzeption von innovativen elektronischen L\u00f6sungen spezialisiert. Unsere Teams und unsere F&amp;E-Abteilung setzen alles daran, um f\u00fcr Sie Produkte und Systeme zu entwickeln, zu entwerfen, herzustellen und zur Marktreife zu bringen, die Ihren Anforderungen entsprechen. Durch die Entwicklung innovativer E-Health-Systeme stellen wir uns in den Dienst der Gesundheit, mit dem Ziel, Komfort [&hellip;]<\/p>\n    <\/div>\n<\/article>\n                \t\t\t        <\/div>\n    <\/div>\n<\/section>\n\n\n<div class=\"container\" data-aos=\"fade-right\"><div class=\"row\"><div class=\"medium-large-full\" >\n<p><\/p>\n<\/div><\/div><\/div>","protected":false},"excerpt":{"rendered":"<p>Entwickler und Hersteller von vernetzten elektronischen Ger\u00e4ten und Vorrichtungen f\u00fcr medizinische Fachkr\u00e4fte und Patienten<\/p>\n","protected":false},"author":1,"featured_media":11221,"parent":11191,"menu_order":0,"comment_status":"closed","ping_status":"closed","template":"","meta":{"_acf_changed":false,"footnotes":""},"class_list":["post-11220","page","type-page","status-publish","has-post-thumbnail","hentry"],"acf":[],"yoast_head":"<!-- This site is optimized with the Yoast SEO plugin v27.3 - https:\/\/yoast.com\/product\/yoast-seo-wordpress\/ -->\n<title>e-Connect - Equasens - Acteur structurant de solutions pour les professionnels de sant\u00e9<\/title>\n<meta name=\"robots\" content=\"index, follow, max-snippet:-1, max-image-preview:large, max-video-preview:-1\" \/>\n<link rel=\"canonical\" href=\"https:\/\/equasens.com\/de\/unsere-geschaeftsbereiche\/e-connect\/\" \/>\n<meta property=\"og:locale\" content=\"de_DE\" \/>\n<meta property=\"og:type\" content=\"article\" \/>\n<meta property=\"og:title\" content=\"e-Connect - Equasens - Acteur structurant de solutions pour les professionnels de sant\u00e9\" \/>\n<meta property=\"og:description\" content=\"Entwickler und Hersteller von vernetzten elektronischen Ger\u00e4ten und Vorrichtungen f\u00fcr medizinische Fachkr\u00e4fte und Patienten\" \/>\n<meta property=\"og:url\" content=\"https:\/\/equasens.com\/de\/unsere-geschaeftsbereiche\/e-connect\/\" \/>\n<meta property=\"og:site_name\" content=\"Equasens - Acteur structurant de solutions pour les professionnels de sant\u00e9\" \/>\n<meta property=\"article:modified_time\" content=\"2025-07-03T13:08:11+00:00\" \/>\n<meta property=\"og:image\" content=\"http:\/\/equasens.com\/wp-content\/uploads\/2022\/04\/e-conect-scaled.jpg\" \/>\n\t<meta property=\"og:image:width\" content=\"2560\" \/>\n\t<meta property=\"og:image:height\" content=\"1707\" \/>\n\t<meta property=\"og:image:type\" content=\"image\/jpeg\" \/>\n<meta name=\"twitter:card\" content=\"summary_large_image\" \/>\n<meta name=\"twitter:label1\" content=\"Gesch\u00e4tzte Lesezeit\" \/>\n\t<meta name=\"twitter:data1\" content=\"4\u00a0Minuten\" \/>\n<script type=\"application\/ld+json\" class=\"yoast-schema-graph\">{\"@context\":\"https:\\\/\\\/schema.org\",\"@graph\":[{\"@type\":\"WebPage\",\"@id\":\"https:\\\/\\\/equasens.com\\\/de\\\/unsere-geschaeftsbereiche\\\/e-connect\\\/\",\"url\":\"https:\\\/\\\/equasens.com\\\/de\\\/unsere-geschaeftsbereiche\\\/e-connect\\\/\",\"name\":\"e-Connect - Equasens - Acteur structurant de solutions pour les professionnels de sant\u00e9\",\"isPartOf\":{\"@id\":\"https:\\\/\\\/equasens.com\\\/de\\\/#website\"},\"primaryImageOfPage\":{\"@id\":\"https:\\\/\\\/equasens.com\\\/de\\\/unsere-geschaeftsbereiche\\\/e-connect\\\/#primaryimage\"},\"image\":{\"@id\":\"https:\\\/\\\/equasens.com\\\/de\\\/unsere-geschaeftsbereiche\\\/e-connect\\\/#primaryimage\"},\"thumbnailUrl\":\"https:\\\/\\\/equasens.com\\\/wp-content\\\/uploads\\\/2022\\\/04\\\/e-conect-scaled.jpg\",\"datePublished\":\"2022-03-23T15:30:00+00:00\",\"dateModified\":\"2025-07-03T13:08:11+00:00\",\"breadcrumb\":{\"@id\":\"https:\\\/\\\/equasens.com\\\/de\\\/unsere-geschaeftsbereiche\\\/e-connect\\\/#breadcrumb\"},\"inLanguage\":\"de\",\"potentialAction\":[{\"@type\":\"ReadAction\",\"target\":[\"https:\\\/\\\/equasens.com\\\/de\\\/unsere-geschaeftsbereiche\\\/e-connect\\\/\"]}]},{\"@type\":\"ImageObject\",\"inLanguage\":\"de\",\"@id\":\"https:\\\/\\\/equasens.com\\\/de\\\/unsere-geschaeftsbereiche\\\/e-connect\\\/#primaryimage\",\"url\":\"https:\\\/\\\/equasens.com\\\/wp-content\\\/uploads\\\/2022\\\/04\\\/e-conect-scaled.jpg\",\"contentUrl\":\"https:\\\/\\\/equasens.com\\\/wp-content\\\/uploads\\\/2022\\\/04\\\/e-conect-scaled.jpg\",\"width\":2560,\"height\":1707},{\"@type\":\"BreadcrumbList\",\"@id\":\"https:\\\/\\\/equasens.com\\\/de\\\/unsere-geschaeftsbereiche\\\/e-connect\\\/#breadcrumb\",\"itemListElement\":[{\"@type\":\"ListItem\",\"position\":1,\"name\":\"Home\",\"item\":\"https:\\\/\\\/equasens.com\\\/de\\\/\"},{\"@type\":\"ListItem\",\"position\":2,\"name\":\"Unsere Gesch\u00e4ftsbereiche\",\"item\":\"https:\\\/\\\/equasens.com\\\/de\\\/le-groupe\\\/nos-divisions\\\/\"},{\"@type\":\"ListItem\",\"position\":3,\"name\":\"e-Connect\"}]},{\"@type\":\"WebSite\",\"@id\":\"https:\\\/\\\/equasens.com\\\/de\\\/#website\",\"url\":\"https:\\\/\\\/equasens.com\\\/de\\\/\",\"name\":\"Equasens - Acteur structurant de solutions pour les professionnels de sant\u00e9\",\"description\":\"Plus de technologie pour plus d&#039;humain\",\"publisher\":{\"@id\":\"https:\\\/\\\/equasens.com\\\/de\\\/#organization\"},\"potentialAction\":[{\"@type\":\"SearchAction\",\"target\":{\"@type\":\"EntryPoint\",\"urlTemplate\":\"https:\\\/\\\/equasens.com\\\/de\\\/?s={search_term_string}\"},\"query-input\":{\"@type\":\"PropertyValueSpecification\",\"valueRequired\":true,\"valueName\":\"search_term_string\"}}],\"inLanguage\":\"de\"},{\"@type\":\"Organization\",\"@id\":\"https:\\\/\\\/equasens.com\\\/de\\\/#organization\",\"name\":\"Equasens - Acteur structurant de solutions pour les professionnels de sant\u00e9\",\"url\":\"https:\\\/\\\/equasens.com\\\/de\\\/\",\"logo\":{\"@type\":\"ImageObject\",\"inLanguage\":\"de\",\"@id\":\"https:\\\/\\\/equasens.com\\\/de\\\/#\\\/schema\\\/logo\\\/image\\\/\",\"url\":\"https:\\\/\\\/equasens.com\\\/wp-content\\\/uploads\\\/2022\\\/05\\\/cropped-logoequasens.png\",\"contentUrl\":\"https:\\\/\\\/equasens.com\\\/wp-content\\\/uploads\\\/2022\\\/05\\\/cropped-logoequasens.png\",\"width\":385,\"height\":226,\"caption\":\"Equasens - Acteur structurant de solutions pour les professionnels de sant\u00e9\"},\"image\":{\"@id\":\"https:\\\/\\\/equasens.com\\\/de\\\/#\\\/schema\\\/logo\\\/image\\\/\"}}]}<\/script>\n<!-- \/ Yoast SEO plugin. -->","yoast_head_json":{"title":"e-Connect - Equasens - Acteur structurant de solutions pour les professionnels de sant\u00e9","robots":{"index":"index","follow":"follow","max-snippet":"max-snippet:-1","max-image-preview":"max-image-preview:large","max-video-preview":"max-video-preview:-1"},"canonical":"https:\/\/equasens.com\/de\/unsere-geschaeftsbereiche\/e-connect\/","og_locale":"de_DE","og_type":"article","og_title":"e-Connect - Equasens - Acteur structurant de solutions pour les professionnels de sant\u00e9","og_description":"Entwickler und Hersteller von vernetzten elektronischen Ger\u00e4ten und Vorrichtungen f\u00fcr medizinische Fachkr\u00e4fte und Patienten","og_url":"https:\/\/equasens.com\/de\/unsere-geschaeftsbereiche\/e-connect\/","og_site_name":"Equasens - Acteur structurant de solutions pour les professionnels de sant\u00e9","article_modified_time":"2025-07-03T13:08:11+00:00","og_image":[{"width":2560,"height":1707,"url":"http:\/\/equasens.com\/wp-content\/uploads\/2022\/04\/e-conect-scaled.jpg","type":"image\/jpeg"}],"twitter_card":"summary_large_image","twitter_misc":{"Gesch\u00e4tzte Lesezeit":"4\u00a0Minuten"},"schema":{"@context":"https:\/\/schema.org","@graph":[{"@type":"WebPage","@id":"https:\/\/equasens.com\/de\/unsere-geschaeftsbereiche\/e-connect\/","url":"https:\/\/equasens.com\/de\/unsere-geschaeftsbereiche\/e-connect\/","name":"e-Connect - Equasens - Acteur structurant de solutions pour les professionnels de sant\u00e9","isPartOf":{"@id":"https:\/\/equasens.com\/de\/#website"},"primaryImageOfPage":{"@id":"https:\/\/equasens.com\/de\/unsere-geschaeftsbereiche\/e-connect\/#primaryimage"},"image":{"@id":"https:\/\/equasens.com\/de\/unsere-geschaeftsbereiche\/e-connect\/#primaryimage"},"thumbnailUrl":"https:\/\/equasens.com\/wp-content\/uploads\/2022\/04\/e-conect-scaled.jpg","datePublished":"2022-03-23T15:30:00+00:00","dateModified":"2025-07-03T13:08:11+00:00","breadcrumb":{"@id":"https:\/\/equasens.com\/de\/unsere-geschaeftsbereiche\/e-connect\/#breadcrumb"},"inLanguage":"de","potentialAction":[{"@type":"ReadAction","target":["https:\/\/equasens.com\/de\/unsere-geschaeftsbereiche\/e-connect\/"]}]},{"@type":"ImageObject","inLanguage":"de","@id":"https:\/\/equasens.com\/de\/unsere-geschaeftsbereiche\/e-connect\/#primaryimage","url":"https:\/\/equasens.com\/wp-content\/uploads\/2022\/04\/e-conect-scaled.jpg","contentUrl":"https:\/\/equasens.com\/wp-content\/uploads\/2022\/04\/e-conect-scaled.jpg","width":2560,"height":1707},{"@type":"BreadcrumbList","@id":"https:\/\/equasens.com\/de\/unsere-geschaeftsbereiche\/e-connect\/#breadcrumb","itemListElement":[{"@type":"ListItem","position":1,"name":"Home","item":"https:\/\/equasens.com\/de\/"},{"@type":"ListItem","position":2,"name":"Unsere Gesch\u00e4ftsbereiche","item":"https:\/\/equasens.com\/de\/le-groupe\/nos-divisions\/"},{"@type":"ListItem","position":3,"name":"e-Connect"}]},{"@type":"WebSite","@id":"https:\/\/equasens.com\/de\/#website","url":"https:\/\/equasens.com\/de\/","name":"Equasens - Acteur structurant de solutions pour les professionnels de sant\u00e9","description":"Plus de technologie pour plus d&#039;humain","publisher":{"@id":"https:\/\/equasens.com\/de\/#organization"},"potentialAction":[{"@type":"SearchAction","target":{"@type":"EntryPoint","urlTemplate":"https:\/\/equasens.com\/de\/?s={search_term_string}"},"query-input":{"@type":"PropertyValueSpecification","valueRequired":true,"valueName":"search_term_string"}}],"inLanguage":"de"},{"@type":"Organization","@id":"https:\/\/equasens.com\/de\/#organization","name":"Equasens - Acteur structurant de solutions pour les professionnels de sant\u00e9","url":"https:\/\/equasens.com\/de\/","logo":{"@type":"ImageObject","inLanguage":"de","@id":"https:\/\/equasens.com\/de\/#\/schema\/logo\/image\/","url":"https:\/\/equasens.com\/wp-content\/uploads\/2022\/05\/cropped-logoequasens.png","contentUrl":"https:\/\/equasens.com\/wp-content\/uploads\/2022\/05\/cropped-logoequasens.png","width":385,"height":226,"caption":"Equasens - Acteur structurant de solutions pour les professionnels de sant\u00e9"},"image":{"@id":"https:\/\/equasens.com\/de\/#\/schema\/logo\/image\/"}}]}},"rttpg_featured_image_url":{"full":["https:\/\/equasens.com\/wp-content\/uploads\/2022\/04\/e-conect-scaled.jpg",2560,1707,false],"landscape":["https:\/\/equasens.com\/wp-content\/uploads\/2022\/04\/e-conect-scaled.jpg",2560,1707,false],"portraits":["https:\/\/equasens.com\/wp-content\/uploads\/2022\/04\/e-conect-scaled.jpg",2560,1707,false],"thumbnail":["https:\/\/equasens.com\/wp-content\/uploads\/2022\/04\/e-conect-scaled-150x150.jpg",150,150,true],"medium":["https:\/\/equasens.com\/wp-content\/uploads\/2022\/04\/e-conect-scaled-300x200.jpg",300,200,true],"large":["https:\/\/equasens.com\/wp-content\/uploads\/2022\/04\/e-conect-scaled-1024x683.jpg",1024,683,true],"1536x1536":["https:\/\/equasens.com\/wp-content\/uploads\/2022\/04\/e-conect-scaled-1536x1024.jpg",1536,1024,true],"2048x2048":["https:\/\/equasens.com\/wp-content\/uploads\/2022\/04\/e-conect-scaled-2048x1366.jpg",2048,1366,true],"solution-thumb":["https:\/\/equasens.com\/wp-content\/uploads\/2022\/04\/e-conect-scaled-180x180.jpg",180,180,true],"gform-image-choice-sm":["https:\/\/equasens.com\/wp-content\/uploads\/2022\/04\/e-conect-scaled.jpg",300,200,false],"gform-image-choice-md":["https:\/\/equasens.com\/wp-content\/uploads\/2022\/04\/e-conect-scaled.jpg",400,267,false],"gform-image-choice-lg":["https:\/\/equasens.com\/wp-content\/uploads\/2022\/04\/e-conect-scaled.jpg",600,400,false]},"rttpg_author":{"display_name":"adminbilliotte","author_link":"https:\/\/equasens.com\/de\/author\/adminbilliotte\/"},"rttpg_comment":0,"rttpg_category":" <a href=\"https:\/\/equasens.com\/de\/?taxonomy=translation_priority&#038;term=optional-de\" rel=\"tag\">Optional<\/a>","rttpg_excerpt":"Entwickler und Hersteller von vernetzten elektronischen Ger\u00e4ten und Vorrichtungen f\u00fcr medizinische Fachkr\u00e4fte und Patienten","_links":{"self":[{"href":"https:\/\/equasens.com\/de\/wp-json\/wp\/v2\/pages\/11220","targetHints":{"allow":["GET"]}}],"collection":[{"href":"https:\/\/equasens.com\/de\/wp-json\/wp\/v2\/pages"}],"about":[{"href":"https:\/\/equasens.com\/de\/wp-json\/wp\/v2\/types\/page"}],"author":[{"embeddable":true,"href":"https:\/\/equasens.com\/de\/wp-json\/wp\/v2\/users\/1"}],"replies":[{"embeddable":true,"href":"https:\/\/equasens.com\/de\/wp-json\/wp\/v2\/comments?post=11220"}],"version-history":[{"count":9,"href":"https:\/\/equasens.com\/de\/wp-json\/wp\/v2\/pages\/11220\/revisions"}],"predecessor-version":[{"id":18688,"href":"https:\/\/equasens.com\/de\/wp-json\/wp\/v2\/pages\/11220\/revisions\/18688"}],"up":[{"embeddable":true,"href":"https:\/\/equasens.com\/de\/wp-json\/wp\/v2\/pages\/11191"}],"wp:featuredmedia":[{"embeddable":true,"href":"https:\/\/equasens.com\/de\/wp-json\/wp\/v2\/media\/11221"}],"wp:attachment":[{"href":"https:\/\/equasens.com\/de\/wp-json\/wp\/v2\/media?parent=11220"}],"curies":[{"name":"wp","href":"https:\/\/api.w.org\/{rel}","templated":true}]}}