{"id":11180,"date":"2022-05-19T10:54:40","date_gmt":"2022-05-19T08:54:40","guid":{"rendered":"https:\/\/equasens.com\/unsere-strategie\/"},"modified":"2023-12-01T16:00:33","modified_gmt":"2023-12-01T15:00:33","slug":"unsere-strategie","status":"publish","type":"page","link":"https:\/\/equasens.com\/de\/unsere-strategie\/","title":{"rendered":"Unsere Strategie"},"content":{"rendered":"\n<div class=\"wp-block-cover is-light has-custom-content-position is-position-bottom-left\" style=\"min-height:430px;aspect-ratio:unset;\"><span aria-hidden=\"true\" class=\"wp-block-cover__background has-dark-blue-background-color has-background-dim-20 has-background-dim\"><\/span><img loading=\"lazy\" decoding=\"async\" width=\"2560\" height=\"1707\" class=\"wp-block-cover__image-background wp-image-6480\" alt=\"\" src=\"http:\/\/equasens.com\/wp-content\/uploads\/2022\/11\/88A7110-1-scaled-1.jpg\" style=\"object-position:56% 13%\" data-object-fit=\"cover\" data-object-position=\"56% 13%\"\/><div class=\"wp-block-cover__inner-container is-layout-flow wp-block-cover-is-layout-flow\"><div class=\"container\" data-aos=\"fade-right\"><div class=\"row\"><div class=\"medium-large-full\" >\n<p class=\"has-text-align-left has-text-color\" style=\"color:#fefefe;font-size:30px\">Digitale Gesundheitsversorgung und Interoperabilit\u00e4t als zentrale Themen der Projekte und Innovationen der Equasens-Gruppe<\/p>\n<\/div><\/div><\/div><\/div><\/div>\n\n\n<div class=\"container\" data-aos=\"fade-right\"><div class=\"row\"><div class=\"medium-large-full\" >\n<div class=\"wp-block-columns is-layout-flex wp-container-core-columns-is-layout-9d6595d7 wp-block-columns-is-layout-flex\">\n<div class=\"wp-block-column is-layout-flow wp-block-column-is-layout-flow\" style=\"flex-basis:10%\"><\/div>\n\n\n\n<div class=\"wp-block-column is-layout-flow wp-block-column-is-layout-flow\" style=\"flex-basis:80%\"><div class=\"container\" data-aos=\"fade-right\"><div class=\"row\"><div class=\"medium-large-full\" >\n<div style=\"height:60px\" aria-hidden=\"true\" class=\"wp-block-spacer\"><\/div>\n<\/div><\/div><\/div>\n\n<div class=\"container\" data-aos=\"fade-right\"><div class=\"row\"><div class=\"medium-large-full\" >\n<p>Die Equasens-Gruppe unterst\u00fctzt medizinische Fachkr\u00e4fte bei der Transformation ihrer Berufsfelder.<\/p>\n<\/div><\/div><\/div>\n\n<div class=\"container\" data-aos=\"fade-right\"><div class=\"row\"><div class=\"medium-large-full\" >\n<p class=\"has-text-align-left\">Die Situation im Gesundheitswesen ist in allen L\u00e4ndern Europas vergleichbar: Gesundheitskrise, \u00dcberalterung der Bev\u00f6lkerung und steigende Nachfrage nach Gesundheitsleistungen, neue Aufgaben, Digitalisierung des Gesundheitswesens, lokale gesetzliche Vorschriften, versch\u00e4rfte Patientenanforderungen, Rentabilit\u00e4tsziele und Leistungsorientierung, neue Anforderungen an die Sicherheit usw.<\/p>\n<\/div><\/div><\/div><\/div>\n\n\n\n<div class=\"wp-block-column is-layout-flow wp-block-column-is-layout-flow\" style=\"flex-basis:10%\"><\/div>\n<\/div>\n<\/div><\/div><\/div>\n\n<section id=\"fullwidth-block_428eca3ff7c462683ef486697553795b\" class=\"block-fullwidth is-style-background-dark-blue \"   data-aos=\"fade-down\">\n    \n<div class=\"container\" data-aos=\"fade-right\"><div class=\"row\"><div class=\"medium-large-full\" >\n<div class=\"wp-block-columns are-vertically-aligned-center is-layout-flex wp-container-core-columns-is-layout-9d6595d7 wp-block-columns-is-layout-flex\">\n<div class=\"wp-block-column is-vertically-aligned-center is-layout-flow wp-block-column-is-layout-flow\" style=\"flex-basis:33.33%\"><div class=\"wp-block-image is-resized is-style-default\"><div class=\"container\" data-aos=\"fade-right\"><div class=\"row\"><div class=\"medium-large-full\" >\n<figure class=\"alignright size-full\"><img loading=\"lazy\" decoding=\"async\" width=\"720\" height=\"720\" src=\"http:\/\/equasens.com\/wp-content\/uploads\/2022\/06\/denis-supplisson.png\" alt=\"\" class=\"wp-image-3094\"\/><\/figure>\n<\/div><\/div><\/div><\/div><\/div>\n\n\n\n<div class=\"wp-block-column is-vertically-aligned-center is-layout-flow wp-block-column-is-layout-flow\" style=\"flex-basis:66.66%\"><div class=\"container\" data-aos=\"fade-right\"><div class=\"row\"><div class=\"medium-large-full\" >\n<blockquote class=\"wp-block-quote is-style-equasens is-layout-flow wp-block-quote-is-layout-flow\" style=\"font-size:14px\"><div class=\"container\" data-aos=\"fade-right\"><div class=\"row\"><div class=\"medium-large-full\" >\n<p>Wir k\u00f6nnen heute den Austausch zwischen den medizinischen Fachkr\u00e4ften erleichtern, wir k\u00f6nnen die medizinische Betreuung der Patientinnen und Patienten durch unsere innovativen L\u00f6sungen, den Austausch und die Sicherung von Gesundheitsdaten optimieren, wir k\u00f6nnen \u00e4ltere Patientinnen und Patienten unterst\u00fctzen, damit sie l\u00e4nger gesund und selbstst\u00e4ndig zu Hause leben k\u00f6nnen, dank vernetzter, sicherer, einfach zu bedienender und an die Umgebung jedes Einzelnen angepasster L\u00f6sungen.<\/p>\n<\/div><\/div><\/div><cite>Denis SUPPLISSON<br>Gesch\u00e4ftsf\u00fchrer der Equasens-Gruppe<\/cite><\/blockquote>\n<\/div><\/div><\/div><\/div>\n<\/div>\n<\/div><\/div><\/div>\n\n<\/section>\n\n\n<div class=\"container\" data-aos=\"fade-right\"><div class=\"row\"><div class=\"medium-large-full\" >\n<div style=\"height:38px\" aria-hidden=\"true\" class=\"wp-block-spacer\"><\/div>\n<\/div><\/div><\/div>\n\n<div class=\"container\" data-aos=\"fade-right\"><div class=\"row\"><div class=\"medium-large-full\" >\n<div class=\"wp-block-columns is-layout-flex wp-container-core-columns-is-layout-9d6595d7 wp-block-columns-is-layout-flex\">\n<div class=\"wp-block-column is-vertically-aligned-center is-layout-flow wp-block-column-is-layout-flow\"><div class=\"wp-block-image is-resized is-style-default\"><div class=\"container\" data-aos=\"fade-right\"><div class=\"row\"><div class=\"medium-large-full\" >\n<figure class=\"aligncenter size-large\"><img loading=\"lazy\" decoding=\"async\" width=\"1024\" height=\"410\" src=\"https:\/\/equasens.com\/wp-content\/uploads\/2023\/12\/Schema_roue_2023_DE-1-1024x410.png\" alt=\"\" class=\"wp-image-11600\"\/><\/figure>\n<\/div><\/div><\/div><\/div><\/div>\n\n\n\n<div class=\"wp-block-column is-layout-flow wp-block-column-is-layout-flow\"><div class=\"container\" data-aos=\"fade-right\"><div class=\"row\"><div class=\"medium-large-full\" >\n<p><\/p>\n<\/div><\/div><\/div>\n\n<div class=\"container\" data-aos=\"fade-right\"><div class=\"row\"><div class=\"medium-large-full\" >\n<p>Jede Patientin und jeder Patient kommt regelm\u00e4\u00dfig mit zahlreichen medizinischen und paramedizinischen Fachkr\u00e4ften an verschiedenen Orten in Kontakt: in Apotheken, Arztpraxen oder paramedizinischen Einrichtungen, zu Hause, in Krankenh\u00e4usern oder auch in Seniorenpflegeheimen (EHADS).<\/p>\n<\/div><\/div><\/div>\n\n<div class=\"container\" data-aos=\"fade-right\"><div class=\"row\"><div class=\"medium-large-full\" >\n<p style=\"font-size:17px\">Eine reibungslose Interaktion zwischen den medizinischen Fachkr\u00e4ften ist von entscheidender Bedeutung: um die Medikamentenvergabe zu sichern oder die Compliance zu f\u00f6rdern, den Austausch von Gesundheitsdaten und deren Analyse zu erleichtern, aber auch um den Zugang zur medizinischen Versorgung, zu Impfungen oder zur Pr\u00e4vention nahtlos zu gestalten, Diskontinuit\u00e4ten in der Patientenversorgung und Schwierigkeiten bei der h\u00e4uslichen Pflege zu vermeiden oder die Notwendigkeit von Notfallbehandlungen oder Krankenhauseinweisungen zu verhindern oder zu verz\u00f6gern.<\/p>\n<\/div><\/div><\/div>\n\n<div class=\"container\" data-aos=\"fade-right\"><div class=\"row\"><div class=\"medium-large-full\" >\n<p>Um schlicht und einfach die Gesundheit und das Wohlbefinden der Patientinnen und Patienten zu verbessern.<\/p>\n<\/div><\/div><\/div><\/div>\n<\/div>\n<\/div><\/div><\/div>\n\n<div class=\"container\" data-aos=\"fade-right\"><div class=\"row\"><div class=\"medium-large-full\" >\n<div style=\"height:42px\" aria-hidden=\"true\" class=\"wp-block-spacer\"><\/div>\n<\/div><\/div><\/div>\n\n<section id=\"fullwidth-block_428eca3ff7c462683ef486697553795b\" class=\"block-fullwidth is-style-background-dark-blue \"   data-aos=\"fade-down\">\n    \n<div class=\"container\" data-aos=\"fade-right\"><div class=\"row\"><div class=\"medium-large-full\" >\n<div class=\"wp-block-columns is-layout-flex wp-container-core-columns-is-layout-9d6595d7 wp-block-columns-is-layout-flex\">\n<div class=\"wp-block-column is-vertically-aligned-center is-layout-flow wp-block-column-is-layout-flow\" style=\"flex-basis:33.33%\"><div class=\"wp-block-image is-resized is-style-default\"><div class=\"container\" data-aos=\"fade-right\"><div class=\"row\"><div class=\"medium-large-full\" >\n<figure class=\"alignright size-large\"><img loading=\"lazy\" decoding=\"async\" width=\"1018\" height=\"1024\" src=\"https:\/\/equasens.com\/wp-content\/uploads\/2022\/11\/BJ_5661_BD-1018x1024.png\" alt=\"\" class=\"wp-image-6356\"\/><\/figure>\n<\/div><\/div><\/div><\/div><\/div>\n\n\n\n<div class=\"wp-block-column is-vertically-aligned-center is-layout-flow wp-block-column-is-layout-flow\" style=\"flex-basis:66.66%\"><div class=\"container\" data-aos=\"fade-right\"><div class=\"row\"><div class=\"medium-large-full\" >\n<blockquote class=\"wp-block-quote is-style-equasens is-layout-flow wp-block-quote-is-layout-flow\" style=\"font-size:14px\"><div class=\"container\" data-aos=\"fade-right\"><div class=\"row\"><div class=\"medium-large-full\" >\n<p>Wir haben es uns zur Aufgabe gemacht, den Beteiligten im Gesundheitswesen durch den Einsatz von mehr Technologie zu dienen, ganz gleich, ob sie Patientinnen und Patienten, medizinische Fachkr\u00e4fte, Benutzerinnen und Benutzer, Kundinnen und Kunden, Partnerinnen und Partner oder auch Mitarbeitende sind.\n\nEin Versprechen, das unsere Teams jeden Tag einl\u00f6sen, indem sie sich f\u00fcr \u00f6ffentliche Gesundheitsprogramme einsetzen, den Austausch zwischen den Beteiligten des Systems f\u00f6rdern und den Benutzerinnen und Benutzern sowie Patientinnen und Patienten neuartige L\u00f6sungen in einem sich entwickelnden und sicheren technischen Rahmen anbieten.<\/p>\n<\/div><\/div><\/div><cite>Gr\u00e9goire de Rotalier<br>Stellvertretender Gesch\u00e4ftsf\u00fchrer der Equasens-Gruppe<\/cite><\/blockquote>\n<\/div><\/div><\/div><\/div>\n<\/div>\n<\/div><\/div><\/div>\n\n<\/section>\n\n\n<div class=\"container\" data-aos=\"fade-right\"><div class=\"row\"><div class=\"medium-large-full\" >\n<div style=\"height:67px\" aria-hidden=\"true\" class=\"wp-block-spacer\"><\/div>\n<\/div><\/div><\/div>\n\n<div class=\"container\" data-aos=\"fade-right\"><div class=\"row\"><div class=\"medium-large-full\" >\n<h2 class=\"wp-block-heading\">PandaLab: ein umfassendes \u00d6kosystem<\/h2>\n<\/div><\/div><\/div>\n\n<div class=\"container\" data-aos=\"fade-right\"><div class=\"row\"><div class=\"medium-large-full\" >\n<p>PandaLab vereint eine Reihe von Software- und Dienstleistungsangeboten f\u00fcr medizinische Fachkr\u00e4fte, Gesundheitseinrichtungen und Patientinnen und Patienten.\n\nZiel ist es, den Austausch und eine bessere Koordination zwischen den Beteiligten des Gesundheitswesens zu f\u00f6rdern.\n\nPandaLab ist ein offenes \u00d6kosystem, das die folgenden Problembereiche abdeckt: F\u00f6rderung des Zugangs zur Gesundheitsversorgung, Verbesserung der Patientenbetreuung in allen Phasen des Behandlungspfades, St\u00e4rkung der Koordinierung zwischen allen Beteiligten, insbesondere zwischen Stadt und Krankenhaus, und Verbesserung der Pr\u00e4vention.<\/p>\n<\/div><\/div><\/div>\n\n<div class=\"container\" data-aos=\"fade-right\"><div class=\"row\"><div class=\"medium-large-full\" >\n<p>Diese Dienstleistungen sind unter der Marke PandaLab zusammengefasst und umfassen: <br>\u2022 eine Patientenanwendung: PandaLab Ma Sant\u00e9,<br>\u2022 einen berufs\u00fcbergreifenden Instant-Messenger: PandaLab Pro,<br>\u2022 eine sichere Vermittlungsplattform, mit der alle Gesundheitsanwendungen problemlos miteinander interagieren k\u00f6nnen: PandaLab Hub.<\/p>\n<\/div><\/div><\/div>","protected":false},"excerpt":{"rendered":"<p>Die Equasens-Gruppe unterst\u00fctzt medizinische Fachkr\u00e4fte bei der Transformation ihrer Berufsfelder. Die Situation im Gesundheitswesen ist in allen L\u00e4ndern Europas vergleichbar: Gesundheitskrise, \u00dcberalterung der Bev\u00f6lkerung und steigende Nachfrage nach Gesundheitsleistungen, neue Aufgaben, Digitalisierung des Gesundheitswesens, lokale gesetzliche Vorschriften, versch\u00e4rfte Patientenanforderungen, Rentabilit\u00e4tsziele und Leistungsorientierung, neue Anforderungen an die Sicherheit usw. Jede Patientin und jeder Patient kommt regelm\u00e4\u00dfig [&hellip;]<\/p>\n","protected":false},"author":1,"featured_media":0,"parent":0,"menu_order":19,"comment_status":"closed","ping_status":"closed","template":"","meta":{"_acf_changed":false,"footnotes":""},"class_list":["post-11180","page","type-page","status-publish","hentry"],"acf":[],"yoast_head":"<!-- This site is optimized with the Yoast SEO plugin v27.3 - https:\/\/yoast.com\/product\/yoast-seo-wordpress\/ -->\n<title>Unsere Strategie - Equasens - Acteur structurant de solutions pour les professionnels de sant\u00e9<\/title>\n<meta name=\"robots\" content=\"index, follow, max-snippet:-1, max-image-preview:large, max-video-preview:-1\" \/>\n<link rel=\"canonical\" href=\"https:\/\/equasens.com\/de\/unsere-strategie\/\" \/>\n<meta property=\"og:locale\" content=\"de_DE\" \/>\n<meta property=\"og:type\" content=\"article\" \/>\n<meta property=\"og:title\" content=\"Unsere Strategie - Equasens - Acteur structurant de solutions pour les professionnels de sant\u00e9\" \/>\n<meta property=\"og:description\" content=\"Die Equasens-Gruppe unterst\u00fctzt medizinische Fachkr\u00e4fte bei der Transformation ihrer Berufsfelder. Die Situation im Gesundheitswesen ist in allen L\u00e4ndern Europas vergleichbar: Gesundheitskrise, \u00dcberalterung der Bev\u00f6lkerung und steigende Nachfrage nach Gesundheitsleistungen, neue Aufgaben, Digitalisierung des Gesundheitswesens, lokale gesetzliche Vorschriften, versch\u00e4rfte Patientenanforderungen, Rentabilit\u00e4tsziele und Leistungsorientierung, neue Anforderungen an die Sicherheit usw. Jede Patientin und jeder Patient kommt regelm\u00e4\u00dfig [&hellip;]\" \/>\n<meta property=\"og:url\" content=\"https:\/\/equasens.com\/de\/unsere-strategie\/\" \/>\n<meta property=\"og:site_name\" content=\"Equasens - Acteur structurant de solutions pour les professionnels de sant\u00e9\" \/>\n<meta property=\"article:modified_time\" content=\"2023-12-01T15:00:33+00:00\" \/>\n<meta property=\"og:image\" content=\"http:\/\/equasens.com\/wp-content\/uploads\/2022\/11\/88A7110-1-scaled-1.jpg\" \/>\n<meta name=\"twitter:card\" content=\"summary_large_image\" \/>\n<meta name=\"twitter:label1\" content=\"Gesch\u00e4tzte Lesezeit\" \/>\n\t<meta name=\"twitter:data1\" content=\"3\u00a0Minuten\" \/>\n<script type=\"application\/ld+json\" class=\"yoast-schema-graph\">{\"@context\":\"https:\\\/\\\/schema.org\",\"@graph\":[{\"@type\":\"WebPage\",\"@id\":\"https:\\\/\\\/equasens.com\\\/de\\\/unsere-strategie\\\/\",\"url\":\"https:\\\/\\\/equasens.com\\\/de\\\/unsere-strategie\\\/\",\"name\":\"Unsere Strategie - Equasens - Acteur structurant de solutions pour les professionnels de sant\u00e9\",\"isPartOf\":{\"@id\":\"https:\\\/\\\/equasens.com\\\/de\\\/#website\"},\"primaryImageOfPage\":{\"@id\":\"https:\\\/\\\/equasens.com\\\/de\\\/unsere-strategie\\\/#primaryimage\"},\"image\":{\"@id\":\"https:\\\/\\\/equasens.com\\\/de\\\/unsere-strategie\\\/#primaryimage\"},\"thumbnailUrl\":\"http:\\\/\\\/equasens.com\\\/wp-content\\\/uploads\\\/2022\\\/11\\\/88A7110-1-scaled-1.jpg\",\"datePublished\":\"2022-05-19T08:54:40+00:00\",\"dateModified\":\"2023-12-01T15:00:33+00:00\",\"breadcrumb\":{\"@id\":\"https:\\\/\\\/equasens.com\\\/de\\\/unsere-strategie\\\/#breadcrumb\"},\"inLanguage\":\"de\",\"potentialAction\":[{\"@type\":\"ReadAction\",\"target\":[\"https:\\\/\\\/equasens.com\\\/de\\\/unsere-strategie\\\/\"]}]},{\"@type\":\"ImageObject\",\"inLanguage\":\"de\",\"@id\":\"https:\\\/\\\/equasens.com\\\/de\\\/unsere-strategie\\\/#primaryimage\",\"url\":\"http:\\\/\\\/equasens.com\\\/wp-content\\\/uploads\\\/2022\\\/11\\\/88A7110-1-scaled-1.jpg\",\"contentUrl\":\"http:\\\/\\\/equasens.com\\\/wp-content\\\/uploads\\\/2022\\\/11\\\/88A7110-1-scaled-1.jpg\"},{\"@type\":\"BreadcrumbList\",\"@id\":\"https:\\\/\\\/equasens.com\\\/de\\\/unsere-strategie\\\/#breadcrumb\",\"itemListElement\":[{\"@type\":\"ListItem\",\"position\":1,\"name\":\"Home\",\"item\":\"https:\\\/\\\/equasens.com\\\/de\\\/\"},{\"@type\":\"ListItem\",\"position\":2,\"name\":\"Unsere Strategie\"}]},{\"@type\":\"WebSite\",\"@id\":\"https:\\\/\\\/equasens.com\\\/de\\\/#website\",\"url\":\"https:\\\/\\\/equasens.com\\\/de\\\/\",\"name\":\"Equasens - Acteur structurant de solutions pour les professionnels de sant\u00e9\",\"description\":\"Plus de technologie pour plus d&#039;humain\",\"publisher\":{\"@id\":\"https:\\\/\\\/equasens.com\\\/de\\\/#organization\"},\"potentialAction\":[{\"@type\":\"SearchAction\",\"target\":{\"@type\":\"EntryPoint\",\"urlTemplate\":\"https:\\\/\\\/equasens.com\\\/de\\\/?s={search_term_string}\"},\"query-input\":{\"@type\":\"PropertyValueSpecification\",\"valueRequired\":true,\"valueName\":\"search_term_string\"}}],\"inLanguage\":\"de\"},{\"@type\":\"Organization\",\"@id\":\"https:\\\/\\\/equasens.com\\\/de\\\/#organization\",\"name\":\"Equasens - Acteur structurant de solutions pour les professionnels de sant\u00e9\",\"url\":\"https:\\\/\\\/equasens.com\\\/de\\\/\",\"logo\":{\"@type\":\"ImageObject\",\"inLanguage\":\"de\",\"@id\":\"https:\\\/\\\/equasens.com\\\/de\\\/#\\\/schema\\\/logo\\\/image\\\/\",\"url\":\"https:\\\/\\\/equasens.com\\\/wp-content\\\/uploads\\\/2022\\\/05\\\/cropped-logoequasens.png\",\"contentUrl\":\"https:\\\/\\\/equasens.com\\\/wp-content\\\/uploads\\\/2022\\\/05\\\/cropped-logoequasens.png\",\"width\":385,\"height\":226,\"caption\":\"Equasens - Acteur structurant de solutions pour les professionnels de sant\u00e9\"},\"image\":{\"@id\":\"https:\\\/\\\/equasens.com\\\/de\\\/#\\\/schema\\\/logo\\\/image\\\/\"}}]}<\/script>\n<!-- \/ Yoast SEO plugin. -->","yoast_head_json":{"title":"Unsere Strategie - Equasens - Acteur structurant de solutions pour les professionnels de sant\u00e9","robots":{"index":"index","follow":"follow","max-snippet":"max-snippet:-1","max-image-preview":"max-image-preview:large","max-video-preview":"max-video-preview:-1"},"canonical":"https:\/\/equasens.com\/de\/unsere-strategie\/","og_locale":"de_DE","og_type":"article","og_title":"Unsere Strategie - Equasens - Acteur structurant de solutions pour les professionnels de sant\u00e9","og_description":"Die Equasens-Gruppe unterst\u00fctzt medizinische Fachkr\u00e4fte bei der Transformation ihrer Berufsfelder. Die Situation im Gesundheitswesen ist in allen L\u00e4ndern Europas vergleichbar: Gesundheitskrise, \u00dcberalterung der Bev\u00f6lkerung und steigende Nachfrage nach Gesundheitsleistungen, neue Aufgaben, Digitalisierung des Gesundheitswesens, lokale gesetzliche Vorschriften, versch\u00e4rfte Patientenanforderungen, Rentabilit\u00e4tsziele und Leistungsorientierung, neue Anforderungen an die Sicherheit usw. Jede Patientin und jeder Patient kommt regelm\u00e4\u00dfig [&hellip;]","og_url":"https:\/\/equasens.com\/de\/unsere-strategie\/","og_site_name":"Equasens - Acteur structurant de solutions pour les professionnels de sant\u00e9","article_modified_time":"2023-12-01T15:00:33+00:00","og_image":[{"url":"http:\/\/equasens.com\/wp-content\/uploads\/2022\/11\/88A7110-1-scaled-1.jpg","type":"","width":"","height":""}],"twitter_card":"summary_large_image","twitter_misc":{"Gesch\u00e4tzte Lesezeit":"3\u00a0Minuten"},"schema":{"@context":"https:\/\/schema.org","@graph":[{"@type":"WebPage","@id":"https:\/\/equasens.com\/de\/unsere-strategie\/","url":"https:\/\/equasens.com\/de\/unsere-strategie\/","name":"Unsere Strategie - Equasens - Acteur structurant de solutions pour les professionnels de sant\u00e9","isPartOf":{"@id":"https:\/\/equasens.com\/de\/#website"},"primaryImageOfPage":{"@id":"https:\/\/equasens.com\/de\/unsere-strategie\/#primaryimage"},"image":{"@id":"https:\/\/equasens.com\/de\/unsere-strategie\/#primaryimage"},"thumbnailUrl":"http:\/\/equasens.com\/wp-content\/uploads\/2022\/11\/88A7110-1-scaled-1.jpg","datePublished":"2022-05-19T08:54:40+00:00","dateModified":"2023-12-01T15:00:33+00:00","breadcrumb":{"@id":"https:\/\/equasens.com\/de\/unsere-strategie\/#breadcrumb"},"inLanguage":"de","potentialAction":[{"@type":"ReadAction","target":["https:\/\/equasens.com\/de\/unsere-strategie\/"]}]},{"@type":"ImageObject","inLanguage":"de","@id":"https:\/\/equasens.com\/de\/unsere-strategie\/#primaryimage","url":"http:\/\/equasens.com\/wp-content\/uploads\/2022\/11\/88A7110-1-scaled-1.jpg","contentUrl":"http:\/\/equasens.com\/wp-content\/uploads\/2022\/11\/88A7110-1-scaled-1.jpg"},{"@type":"BreadcrumbList","@id":"https:\/\/equasens.com\/de\/unsere-strategie\/#breadcrumb","itemListElement":[{"@type":"ListItem","position":1,"name":"Home","item":"https:\/\/equasens.com\/de\/"},{"@type":"ListItem","position":2,"name":"Unsere Strategie"}]},{"@type":"WebSite","@id":"https:\/\/equasens.com\/de\/#website","url":"https:\/\/equasens.com\/de\/","name":"Equasens - Acteur structurant de solutions pour les professionnels de sant\u00e9","description":"Plus de technologie pour plus d&#039;humain","publisher":{"@id":"https:\/\/equasens.com\/de\/#organization"},"potentialAction":[{"@type":"SearchAction","target":{"@type":"EntryPoint","urlTemplate":"https:\/\/equasens.com\/de\/?s={search_term_string}"},"query-input":{"@type":"PropertyValueSpecification","valueRequired":true,"valueName":"search_term_string"}}],"inLanguage":"de"},{"@type":"Organization","@id":"https:\/\/equasens.com\/de\/#organization","name":"Equasens - Acteur structurant de solutions pour les professionnels de sant\u00e9","url":"https:\/\/equasens.com\/de\/","logo":{"@type":"ImageObject","inLanguage":"de","@id":"https:\/\/equasens.com\/de\/#\/schema\/logo\/image\/","url":"https:\/\/equasens.com\/wp-content\/uploads\/2022\/05\/cropped-logoequasens.png","contentUrl":"https:\/\/equasens.com\/wp-content\/uploads\/2022\/05\/cropped-logoequasens.png","width":385,"height":226,"caption":"Equasens - Acteur structurant de solutions pour les professionnels de sant\u00e9"},"image":{"@id":"https:\/\/equasens.com\/de\/#\/schema\/logo\/image\/"}}]}},"rttpg_featured_image_url":null,"rttpg_author":{"display_name":"adminbilliotte","author_link":"https:\/\/equasens.com\/de\/author\/adminbilliotte\/"},"rttpg_comment":0,"rttpg_category":" <a href=\"https:\/\/equasens.com\/de\/?taxonomy=translation_priority&#038;term=optional-de\" rel=\"tag\">Optional<\/a>","rttpg_excerpt":"Die Equasens-Gruppe unterst\u00fctzt medizinische Fachkr\u00e4fte bei der Transformation ihrer Berufsfelder. Die Situation im Gesundheitswesen ist in allen L\u00e4ndern Europas vergleichbar: Gesundheitskrise, \u00dcberalterung der Bev\u00f6lkerung und steigende Nachfrage nach Gesundheitsleistungen, neue Aufgaben, Digitalisierung des Gesundheitswesens, lokale gesetzliche Vorschriften, versch\u00e4rfte Patientenanforderungen, Rentabilit\u00e4tsziele und Leistungsorientierung, neue Anforderungen an die Sicherheit usw. Jede Patientin und jeder Patient kommt regelm\u00e4\u00dfig&hellip;","_links":{"self":[{"href":"https:\/\/equasens.com\/de\/wp-json\/wp\/v2\/pages\/11180","targetHints":{"allow":["GET"]}}],"collection":[{"href":"https:\/\/equasens.com\/de\/wp-json\/wp\/v2\/pages"}],"about":[{"href":"https:\/\/equasens.com\/de\/wp-json\/wp\/v2\/types\/page"}],"author":[{"embeddable":true,"href":"https:\/\/equasens.com\/de\/wp-json\/wp\/v2\/users\/1"}],"replies":[{"embeddable":true,"href":"https:\/\/equasens.com\/de\/wp-json\/wp\/v2\/comments?post=11180"}],"version-history":[{"count":7,"href":"https:\/\/equasens.com\/de\/wp-json\/wp\/v2\/pages\/11180\/revisions"}],"predecessor-version":[{"id":11605,"href":"https:\/\/equasens.com\/de\/wp-json\/wp\/v2\/pages\/11180\/revisions\/11605"}],"wp:attachment":[{"href":"https:\/\/equasens.com\/de\/wp-json\/wp\/v2\/media?parent=11180"}],"curies":[{"name":"wp","href":"https:\/\/api.w.org\/{rel}","templated":true}]}}