{"id":11176,"date":"2022-05-19T10:54:19","date_gmt":"2022-05-19T08:54:19","guid":{"rendered":"https:\/\/equasens.com\/unser-engagement\/"},"modified":"2023-11-30T10:53:56","modified_gmt":"2023-11-30T09:53:56","slug":"unser-engagement","status":"publish","type":"page","link":"https:\/\/equasens.com\/de\/unser-engagement\/","title":{"rendered":"Unser Engagement"},"content":{"rendered":"\n<div class=\"wp-block-cover has-custom-content-position is-position-bottom-left\" style=\"min-height:430px;aspect-ratio:unset;\"><span aria-hidden=\"true\" class=\"wp-block-cover__background has-background-dim-0 has-background-dim\"><\/span><img loading=\"lazy\" decoding=\"async\" width=\"2560\" height=\"1707\" class=\"wp-block-cover__image-background wp-image-1140\" alt=\"\" src=\"https:\/\/equasens.com\/wp-content\/uploads\/2022\/05\/axigate-link-scaled.jpg\" style=\"object-position:100% 0%\" data-object-fit=\"cover\" data-object-position=\"100% 0%\"\/><div class=\"wp-block-cover__inner-container is-layout-flow wp-block-cover-is-layout-flow\"><div class=\"container\" data-aos=\"fade-right\"><div class=\"row\"><div class=\"medium-large-full\" >\n<p class=\"has-text-align-left has-text-color has-background has-x-large-font-size\" style=\"background-color:#ffffff00;color:#fefefe\">Experte f\u00fcr IT-L\u00f6sungen im Gesundheitswesen in Europa.<\/p>\n<\/div><\/div><\/div><\/div><\/div>\n<div class=\"container\" data-aos=\"fade-right\"><div class=\"row\"><div class=\"medium-large-full\" >\n<div style=\"height:100px\" aria-hidden=\"true\" class=\"wp-block-spacer\"><\/div>\n<\/div><\/div><\/div><div class=\"container\" data-aos=\"fade-right\"><div class=\"row\"><div class=\"medium-large-full\" >\n<div class=\"wp-block-columns is-layout-flex wp-container-core-columns-is-layout-9d6595d7 wp-block-columns-is-layout-flex\">\n<div class=\"wp-block-column is-layout-flow wp-block-column-is-layout-flow\"><div class=\"container\" data-aos=\"fade-right\"><div class=\"row\"><div class=\"medium-large-full\" >\n<h4 class=\"wp-block-heading\">Bew\u00e4hrtes Know-how Ihrer Berufsfelder<\/h4>\n<\/div><\/div><\/div>\n\n<div class=\"container\" data-aos=\"fade-right\"><div class=\"row\"><div class=\"medium-large-full\" >\n<p>Die Equasens-Gruppe verf\u00fcgt \u00fcber mehr als 35 Jahre Erfahrung in allen Bereichen des Gesundheitswesens und kann daher Dienstleistungen und L\u00f6sungen anbieten, die perfekt auf die Bed\u00fcrfnisse der von ihr betreuten medizinischen Fachkreise abgestimmt sind.<\/p>\n<\/div><\/div><\/div><\/div>\n\n\n\n<div class=\"wp-block-column is-layout-flow wp-block-column-is-layout-flow\"><div class=\"container\" data-aos=\"fade-right\"><div class=\"row\"><div class=\"medium-large-full\" >\n<h4 class=\"wp-block-heading\">Betreuung nach Ma\u00df<\/h4>\n<\/div><\/div><\/div>\n\n<div class=\"container\" data-aos=\"fade-right\"><div class=\"row\"><div class=\"medium-large-full\" >\n<p>Wir arbeiten projektbezogen, f\u00fcr private und \u00f6ffentliche Einrichtungen und haben ein offenes Ohr f\u00fcr die Beteiligten. Wir bieten auch niedergelassenen medizinischen Fachkr\u00e4ften Unterst\u00fctzung mit \u201eProduktionsprozessen\u201c, individueller Pr\u00fcfung und Betreuung, Schulung und Support.<\/p>\n<\/div><\/div><\/div><\/div>\n\n\n\n<div class=\"wp-block-column is-layout-flow wp-block-column-is-layout-flow\"><div class=\"container\" data-aos=\"fade-right\"><div class=\"row\"><div class=\"medium-large-full\" >\n<h4 class=\"wp-block-heading\">Einhaltung gesetzlicher Bestimmungen<\/h4>\n<\/div><\/div><\/div>\n\n<div class=\"container\" data-aos=\"fade-right\"><div class=\"row\"><div class=\"medium-large-full\" >\n<p>Die Equasens-Gruppe \u00fcberwacht kontinuierlich die Einhaltung gesetzlicher Bestimmungen. Wir verf\u00fcgen \u00fcber die h\u00f6chsten Zulassungen und f\u00fchren regelm\u00e4\u00dfige Pr\u00fcfungen unserer Systeme durch, um die Einhaltung der gesetzlichen Bestimmungen zu gew\u00e4hrleisten.&#13;\n&#13;\nDie Datenverarbeitung entspricht der europ\u00e4ischen Verordnung DSGVO, die die neuen Regelungen f\u00fcr den Umgang mit Gesundheitsdaten festlegt.<\/p>\n<\/div><\/div><\/div><\/div>\n<\/div>\n<\/div><\/div><\/div><div class=\"container\" data-aos=\"fade-right\"><div class=\"row\"><div class=\"medium-large-full\" >\n<div class=\"wp-block-columns is-layout-flex wp-container-core-columns-is-layout-9d6595d7 wp-block-columns-is-layout-flex\">\n<div class=\"wp-block-column is-layout-flow wp-block-column-is-layout-flow\"><div class=\"container\" data-aos=\"fade-right\"><div class=\"row\"><div class=\"medium-large-full\" >\n<h4 class=\"wp-block-heading\">F\u00fcr die Gesundheit und das Wohlbefinden unserer Patienten<\/h4>\n<\/div><\/div><\/div>\n\n<div class=\"container\" data-aos=\"fade-right\"><div class=\"row\"><div class=\"medium-large-full\" >\n<p>Die Equasens-Gruppe ist sich der Tatsache bewusst, dass unsere Softwarel\u00f6sungen einen Einfluss auf die Gesundheit der Patienten haben k\u00f6nnen, und engagiert sich daher t\u00e4glich f\u00fcr deren Verbesserung mit dem Ziel, den medizinischen Fachkr\u00e4ften eine 360\u00b0-Sicht auf ihre Patienten zu erm\u00f6glichen und somit eine effizientere Patientenversorgung zu gew\u00e4hrleisten.<\/p>\n<\/div><\/div><\/div><\/div>\n\n\n\n<div class=\"wp-block-column is-layout-flow wp-block-column-is-layout-flow\"><div class=\"container\" data-aos=\"fade-right\"><div class=\"row\"><div class=\"medium-large-full\" >\n<h4 class=\"wp-block-heading\">F\u00fcr die Koordinierung von Behandlungspfaden \u2013 hin zum Pflegesystem der Zukunft<\/h4>\n<\/div><\/div><\/div>\n\n<div class=\"container\" data-aos=\"fade-right\"><div class=\"row\"><div class=\"medium-large-full\" >\n<p>Unser Ziel ist es, die Koordinierung der Beteiligten im Gesundheitswesen und den Datenaustausch rund um den Patienten zu verbessern, aber auch die Effizienz der Gesundheitssysteme zu erh\u00f6hen. Die richtige Information an die richtige Pflegekraft, zur richtigen Zeit, f\u00fcr den richtigen Patienten bereitstellen. So st\u00e4rken wir unsere vor mehr als zehn Jahren begonnene Positionierung und die Strategie des \u201epatientenorientierten Denkens\u201c.<\/p>\n<\/div><\/div><\/div><\/div>\n\n\n\n<div class=\"wp-block-column is-layout-flow wp-block-column-is-layout-flow\"><\/div>\n<\/div>\n<\/div><\/div><\/div><div class=\"container\" data-aos=\"fade-right\"><div class=\"row\"><div class=\"medium-large-full\" >\n<div style=\"height:100px\" aria-hidden=\"true\" class=\"wp-block-spacer\"><\/div>\n<\/div><\/div><\/div>","protected":false},"excerpt":{"rendered":"<p>Bew\u00e4hrtes Know-how Ihrer Berufsfelder Die Equasens-Gruppe verf\u00fcgt \u00fcber mehr als 35 Jahre Erfahrung in allen Bereichen des Gesundheitswesens und kann daher Dienstleistungen und L\u00f6sungen anbieten, die perfekt auf die Bed\u00fcrfnisse der von ihr betreuten medizinischen Fachkreise abgestimmt sind. Betreuung nach Ma\u00df Wir arbeiten projektbezogen, f\u00fcr private und \u00f6ffentliche Einrichtungen und haben ein offenes Ohr f\u00fcr [&hellip;]<\/p>\n","protected":false},"author":1,"featured_media":0,"parent":0,"menu_order":20,"comment_status":"closed","ping_status":"closed","template":"","meta":{"_acf_changed":false,"footnotes":""},"class_list":["post-11176","page","type-page","status-publish","hentry"],"acf":[],"yoast_head":"<!-- This site is optimized with the Yoast SEO plugin v27.3 - https:\/\/yoast.com\/product\/yoast-seo-wordpress\/ -->\n<title>Unser Engagement - Equasens - Acteur structurant de solutions pour les professionnels de sant\u00e9<\/title>\n<meta name=\"robots\" content=\"index, follow, max-snippet:-1, max-image-preview:large, max-video-preview:-1\" \/>\n<link rel=\"canonical\" href=\"https:\/\/equasens.com\/de\/unser-engagement\/\" \/>\n<meta property=\"og:locale\" content=\"de_DE\" \/>\n<meta property=\"og:type\" content=\"article\" \/>\n<meta property=\"og:title\" content=\"Unser Engagement - Equasens - Acteur structurant de solutions pour les professionnels de sant\u00e9\" \/>\n<meta property=\"og:description\" content=\"Bew\u00e4hrtes Know-how Ihrer Berufsfelder Die Equasens-Gruppe verf\u00fcgt \u00fcber mehr als 35 Jahre Erfahrung in allen Bereichen des Gesundheitswesens und kann daher Dienstleistungen und L\u00f6sungen anbieten, die perfekt auf die Bed\u00fcrfnisse der von ihr betreuten medizinischen Fachkreise abgestimmt sind. Betreuung nach Ma\u00df Wir arbeiten projektbezogen, f\u00fcr private und \u00f6ffentliche Einrichtungen und haben ein offenes Ohr f\u00fcr [&hellip;]\" \/>\n<meta property=\"og:url\" content=\"https:\/\/equasens.com\/de\/unser-engagement\/\" \/>\n<meta property=\"og:site_name\" content=\"Equasens - Acteur structurant de solutions pour les professionnels de sant\u00e9\" \/>\n<meta property=\"article:modified_time\" content=\"2023-11-30T09:53:56+00:00\" \/>\n<meta property=\"og:image\" content=\"https:\/\/equasens.com\/wp-content\/uploads\/2022\/05\/axigate-link-scaled.jpg\" \/>\n<meta name=\"twitter:card\" content=\"summary_large_image\" \/>\n<meta name=\"twitter:label1\" content=\"Gesch\u00e4tzte Lesezeit\" \/>\n\t<meta name=\"twitter:data1\" content=\"1\u00a0Minute\" \/>\n<script type=\"application\/ld+json\" class=\"yoast-schema-graph\">{\"@context\":\"https:\\\/\\\/schema.org\",\"@graph\":[{\"@type\":\"WebPage\",\"@id\":\"https:\\\/\\\/equasens.com\\\/de\\\/unser-engagement\\\/\",\"url\":\"https:\\\/\\\/equasens.com\\\/de\\\/unser-engagement\\\/\",\"name\":\"Unser Engagement - Equasens - Acteur structurant de solutions pour les professionnels de sant\u00e9\",\"isPartOf\":{\"@id\":\"https:\\\/\\\/equasens.com\\\/de\\\/#website\"},\"primaryImageOfPage\":{\"@id\":\"https:\\\/\\\/equasens.com\\\/de\\\/unser-engagement\\\/#primaryimage\"},\"image\":{\"@id\":\"https:\\\/\\\/equasens.com\\\/de\\\/unser-engagement\\\/#primaryimage\"},\"thumbnailUrl\":\"https:\\\/\\\/equasens.com\\\/wp-content\\\/uploads\\\/2022\\\/05\\\/axigate-link-scaled.jpg\",\"datePublished\":\"2022-05-19T08:54:19+00:00\",\"dateModified\":\"2023-11-30T09:53:56+00:00\",\"breadcrumb\":{\"@id\":\"https:\\\/\\\/equasens.com\\\/de\\\/unser-engagement\\\/#breadcrumb\"},\"inLanguage\":\"de\",\"potentialAction\":[{\"@type\":\"ReadAction\",\"target\":[\"https:\\\/\\\/equasens.com\\\/de\\\/unser-engagement\\\/\"]}]},{\"@type\":\"ImageObject\",\"inLanguage\":\"de\",\"@id\":\"https:\\\/\\\/equasens.com\\\/de\\\/unser-engagement\\\/#primaryimage\",\"url\":\"https:\\\/\\\/equasens.com\\\/wp-content\\\/uploads\\\/2022\\\/05\\\/axigate-link-scaled.jpg\",\"contentUrl\":\"https:\\\/\\\/equasens.com\\\/wp-content\\\/uploads\\\/2022\\\/05\\\/axigate-link-scaled.jpg\"},{\"@type\":\"BreadcrumbList\",\"@id\":\"https:\\\/\\\/equasens.com\\\/de\\\/unser-engagement\\\/#breadcrumb\",\"itemListElement\":[{\"@type\":\"ListItem\",\"position\":1,\"name\":\"Home\",\"item\":\"https:\\\/\\\/equasens.com\\\/de\\\/\"},{\"@type\":\"ListItem\",\"position\":2,\"name\":\"Unser Engagement\"}]},{\"@type\":\"WebSite\",\"@id\":\"https:\\\/\\\/equasens.com\\\/de\\\/#website\",\"url\":\"https:\\\/\\\/equasens.com\\\/de\\\/\",\"name\":\"Equasens - Acteur structurant de solutions pour les professionnels de sant\u00e9\",\"description\":\"Plus de technologie pour plus d&#039;humain\",\"publisher\":{\"@id\":\"https:\\\/\\\/equasens.com\\\/de\\\/#organization\"},\"potentialAction\":[{\"@type\":\"SearchAction\",\"target\":{\"@type\":\"EntryPoint\",\"urlTemplate\":\"https:\\\/\\\/equasens.com\\\/de\\\/?s={search_term_string}\"},\"query-input\":{\"@type\":\"PropertyValueSpecification\",\"valueRequired\":true,\"valueName\":\"search_term_string\"}}],\"inLanguage\":\"de\"},{\"@type\":\"Organization\",\"@id\":\"https:\\\/\\\/equasens.com\\\/de\\\/#organization\",\"name\":\"Equasens - Acteur structurant de solutions pour les professionnels de sant\u00e9\",\"url\":\"https:\\\/\\\/equasens.com\\\/de\\\/\",\"logo\":{\"@type\":\"ImageObject\",\"inLanguage\":\"de\",\"@id\":\"https:\\\/\\\/equasens.com\\\/de\\\/#\\\/schema\\\/logo\\\/image\\\/\",\"url\":\"https:\\\/\\\/equasens.com\\\/wp-content\\\/uploads\\\/2022\\\/05\\\/cropped-logoequasens.png\",\"contentUrl\":\"https:\\\/\\\/equasens.com\\\/wp-content\\\/uploads\\\/2022\\\/05\\\/cropped-logoequasens.png\",\"width\":385,\"height\":226,\"caption\":\"Equasens - Acteur structurant de solutions pour les professionnels de sant\u00e9\"},\"image\":{\"@id\":\"https:\\\/\\\/equasens.com\\\/de\\\/#\\\/schema\\\/logo\\\/image\\\/\"}}]}<\/script>\n<!-- \/ Yoast SEO plugin. -->","yoast_head_json":{"title":"Unser Engagement - Equasens - Acteur structurant de solutions pour les professionnels de sant\u00e9","robots":{"index":"index","follow":"follow","max-snippet":"max-snippet:-1","max-image-preview":"max-image-preview:large","max-video-preview":"max-video-preview:-1"},"canonical":"https:\/\/equasens.com\/de\/unser-engagement\/","og_locale":"de_DE","og_type":"article","og_title":"Unser Engagement - Equasens - Acteur structurant de solutions pour les professionnels de sant\u00e9","og_description":"Bew\u00e4hrtes Know-how Ihrer Berufsfelder Die Equasens-Gruppe verf\u00fcgt \u00fcber mehr als 35 Jahre Erfahrung in allen Bereichen des Gesundheitswesens und kann daher Dienstleistungen und L\u00f6sungen anbieten, die perfekt auf die Bed\u00fcrfnisse der von ihr betreuten medizinischen Fachkreise abgestimmt sind. Betreuung nach Ma\u00df Wir arbeiten projektbezogen, f\u00fcr private und \u00f6ffentliche Einrichtungen und haben ein offenes Ohr f\u00fcr [&hellip;]","og_url":"https:\/\/equasens.com\/de\/unser-engagement\/","og_site_name":"Equasens - Acteur structurant de solutions pour les professionnels de sant\u00e9","article_modified_time":"2023-11-30T09:53:56+00:00","og_image":[{"url":"https:\/\/equasens.com\/wp-content\/uploads\/2022\/05\/axigate-link-scaled.jpg","type":"","width":"","height":""}],"twitter_card":"summary_large_image","twitter_misc":{"Gesch\u00e4tzte Lesezeit":"1\u00a0Minute"},"schema":{"@context":"https:\/\/schema.org","@graph":[{"@type":"WebPage","@id":"https:\/\/equasens.com\/de\/unser-engagement\/","url":"https:\/\/equasens.com\/de\/unser-engagement\/","name":"Unser Engagement - Equasens - Acteur structurant de solutions pour les professionnels de sant\u00e9","isPartOf":{"@id":"https:\/\/equasens.com\/de\/#website"},"primaryImageOfPage":{"@id":"https:\/\/equasens.com\/de\/unser-engagement\/#primaryimage"},"image":{"@id":"https:\/\/equasens.com\/de\/unser-engagement\/#primaryimage"},"thumbnailUrl":"https:\/\/equasens.com\/wp-content\/uploads\/2022\/05\/axigate-link-scaled.jpg","datePublished":"2022-05-19T08:54:19+00:00","dateModified":"2023-11-30T09:53:56+00:00","breadcrumb":{"@id":"https:\/\/equasens.com\/de\/unser-engagement\/#breadcrumb"},"inLanguage":"de","potentialAction":[{"@type":"ReadAction","target":["https:\/\/equasens.com\/de\/unser-engagement\/"]}]},{"@type":"ImageObject","inLanguage":"de","@id":"https:\/\/equasens.com\/de\/unser-engagement\/#primaryimage","url":"https:\/\/equasens.com\/wp-content\/uploads\/2022\/05\/axigate-link-scaled.jpg","contentUrl":"https:\/\/equasens.com\/wp-content\/uploads\/2022\/05\/axigate-link-scaled.jpg"},{"@type":"BreadcrumbList","@id":"https:\/\/equasens.com\/de\/unser-engagement\/#breadcrumb","itemListElement":[{"@type":"ListItem","position":1,"name":"Home","item":"https:\/\/equasens.com\/de\/"},{"@type":"ListItem","position":2,"name":"Unser Engagement"}]},{"@type":"WebSite","@id":"https:\/\/equasens.com\/de\/#website","url":"https:\/\/equasens.com\/de\/","name":"Equasens - Acteur structurant de solutions pour les professionnels de sant\u00e9","description":"Plus de technologie pour plus d&#039;humain","publisher":{"@id":"https:\/\/equasens.com\/de\/#organization"},"potentialAction":[{"@type":"SearchAction","target":{"@type":"EntryPoint","urlTemplate":"https:\/\/equasens.com\/de\/?s={search_term_string}"},"query-input":{"@type":"PropertyValueSpecification","valueRequired":true,"valueName":"search_term_string"}}],"inLanguage":"de"},{"@type":"Organization","@id":"https:\/\/equasens.com\/de\/#organization","name":"Equasens - Acteur structurant de solutions pour les professionnels de sant\u00e9","url":"https:\/\/equasens.com\/de\/","logo":{"@type":"ImageObject","inLanguage":"de","@id":"https:\/\/equasens.com\/de\/#\/schema\/logo\/image\/","url":"https:\/\/equasens.com\/wp-content\/uploads\/2022\/05\/cropped-logoequasens.png","contentUrl":"https:\/\/equasens.com\/wp-content\/uploads\/2022\/05\/cropped-logoequasens.png","width":385,"height":226,"caption":"Equasens - Acteur structurant de solutions pour les professionnels de sant\u00e9"},"image":{"@id":"https:\/\/equasens.com\/de\/#\/schema\/logo\/image\/"}}]}},"rttpg_featured_image_url":null,"rttpg_author":{"display_name":"adminbilliotte","author_link":"https:\/\/equasens.com\/de\/author\/adminbilliotte\/"},"rttpg_comment":0,"rttpg_category":" <a href=\"https:\/\/equasens.com\/de\/?taxonomy=translation_priority&#038;term=optional-de\" rel=\"tag\">Optional<\/a>","rttpg_excerpt":"Bew\u00e4hrtes Know-how Ihrer Berufsfelder Die Equasens-Gruppe verf\u00fcgt \u00fcber mehr als 35 Jahre Erfahrung in allen Bereichen des Gesundheitswesens und kann daher Dienstleistungen und L\u00f6sungen anbieten, die perfekt auf die Bed\u00fcrfnisse der von ihr betreuten medizinischen Fachkreise abgestimmt sind. Betreuung nach Ma\u00df Wir arbeiten projektbezogen, f\u00fcr private und \u00f6ffentliche Einrichtungen und haben ein offenes Ohr f\u00fcr&hellip;","_links":{"self":[{"href":"https:\/\/equasens.com\/de\/wp-json\/wp\/v2\/pages\/11176","targetHints":{"allow":["GET"]}}],"collection":[{"href":"https:\/\/equasens.com\/de\/wp-json\/wp\/v2\/pages"}],"about":[{"href":"https:\/\/equasens.com\/de\/wp-json\/wp\/v2\/types\/page"}],"author":[{"embeddable":true,"href":"https:\/\/equasens.com\/de\/wp-json\/wp\/v2\/users\/1"}],"replies":[{"embeddable":true,"href":"https:\/\/equasens.com\/de\/wp-json\/wp\/v2\/comments?post=11176"}],"version-history":[{"count":3,"href":"https:\/\/equasens.com\/de\/wp-json\/wp\/v2\/pages\/11176\/revisions"}],"predecessor-version":[{"id":11179,"href":"https:\/\/equasens.com\/de\/wp-json\/wp\/v2\/pages\/11176\/revisions\/11179"}],"wp:attachment":[{"href":"https:\/\/equasens.com\/de\/wp-json\/wp\/v2\/media?parent=11176"}],"curies":[{"name":"wp","href":"https:\/\/api.w.org\/{rel}","templated":true}]}}