{"id":11073,"date":"2023-09-12T10:46:40","date_gmt":"2023-09-12T08:46:40","guid":{"rendered":"https:\/\/equasens.com\/finance\/"},"modified":"2023-11-29T14:48:00","modified_gmt":"2023-11-29T13:48:00","slug":"finance","status":"publish","type":"page","link":"https:\/\/equasens.com\/de\/finance\/","title":{"rendered":"Finance"},"content":{"rendered":"\n<div class=\"wp-block-cover is-light\"><span aria-hidden=\"true\" class=\"wp-block-cover__background has-background-dim\"><\/span><img loading=\"lazy\" decoding=\"async\" width=\"4928\" height=\"3264\" class=\"wp-block-cover__image-background wp-image-2018\" alt=\"\" src=\"http:\/\/equasens.com\/wp-content\/uploads\/2022\/05\/Espace_actionnaires.png\" data-object-fit=\"cover\"\/><div class=\"wp-block-cover__inner-container is-layout-flow wp-block-cover-is-layout-flow\"><div class=\"container\" data-aos=\"fade-right\"><div class=\"row\"><div class=\"medium-large-full\" >\n<p class=\"has-text-align-center has-large-font-size\"><\/p>\n<\/div><\/div><\/div><\/div><\/div>\n<div class=\"container\" data-aos=\"fade-right\"><div class=\"row\"><div class=\"medium-large-full\" >\n<div style=\"height:61px\" aria-hidden=\"true\" class=\"wp-block-spacer\"><\/div>\n<\/div><\/div><\/div><div class=\"container\" data-aos=\"fade-right\"><div class=\"row\"><div class=\"medium-large-full\" >\n<div class=\"wp-block-columns is-layout-flex wp-container-core-columns-is-layout-9d6595d7 wp-block-columns-is-layout-flex\">\n<div class=\"wp-block-column is-layout-flow wp-block-column-is-layout-flow\"><div class=\"container\" data-aos=\"fade-right\"><div class=\"row\"><div class=\"medium-large-full\" >\n<h4 class=\"wp-block-heading\"><strong>EQUASENS<\/strong><\/h4>\n<\/div><\/div><\/div>\n\n<div class=\"container\" data-aos=\"fade-right\"><div class=\"row\"><div class=\"medium-large-full\" >\n<p>Listed on Euronext Paris\u2122 \u2013 Compartiment A<br\/>Indices : MSCI GLOBAL SMALL CAP \u2013 GA\u00cfA Index 2020 \u2013 CAC<sup>\u00ae<\/sup>\u00a0SMALL et CAC<sup>\u00ae<\/sup>\u00a0All-Tradable par inclusion<br\/>Integrated into label European Rising Tech<br\/>Eligible au Service de R\u00e8glement Diff\u00e9r\u00e9 (SRD) et au dispositif PEA-PME<br\/>ISIN : FR 0012882389 &#8211; Code Mn\u00e9monique : EQS<\/p>\n<\/div><\/div><\/div>\n\n<div class=\"container\" data-aos=\"fade-right\"><div class=\"row\"><div class=\"medium-large-full\" >\n<p><a href=\"https:\/\/equasens.com\/wp-content\/uploads\/2023\/08\/EQUASENS_PRESSRELEASE_20230803_H1-2023-REVENUE_def.pdf\" target=\"_blank\" rel=\"noreferrer noopener\">equasens.com\/wp-content\/uploads\/2023\/08\/EQUASENS_PRESSRELEASE_20230803_H1-2023-REVENUE_def.pdf(ouvre un nouvel onglet)<\/a><\/p>\n<\/div><\/div><\/div>\n\n<div class=\"container\" data-aos=\"fade-right\"><div class=\"row\"><div class=\"medium-large-full\" >\n<p><a href=\"https:\/\/equasens.com\/wp-content\/uploads\/2022\/06\/EQUASENS_COMMUNIQUE_20220627_EURONEXT-TECH-LEADERS_def.pdf\" target=\"_blank\" rel=\"noreferrer noopener\"><strong>EQUASENS int\u00e8gre le nouveau segment Euronext TECH LEADERS<\/strong><\/a><\/p>\n<\/div><\/div><\/div>\n\n<div class=\"container\" data-aos=\"fade-right\"><div class=\"row\"><div class=\"medium-large-full\" >\n<p><\/p>\n<\/div><\/div><\/div>\n\n<div class=\"container\" data-aos=\"fade-right\"><div class=\"row\"><div class=\"medium-large-full\" >\n<p><\/p>\n<\/div><\/div><\/div><\/div>\n\n\n\n<div class=\"wp-block-column is-layout-flow wp-block-column-is-layout-flow\"><div class=\"container\" data-aos=\"fade-right\"><div class=\"row\"><div class=\"medium-large-full\" >\n<h4 class=\"wp-block-heading has-medium-font-size\"><strong>News<\/strong><\/h4>\n<\/div><\/div><\/div>\n\n<div class=\"container\" data-aos=\"fade-right\"><div class=\"row\"><div class=\"medium-large-full\" >\n<p>UNIVERSAL REGISTRATION DOCUMENT 2022<\/p>\n<\/div><\/div><\/div>\n\n<div class=\"container\" data-aos=\"fade-right\"><div class=\"row\"><div class=\"medium-large-full\" >\n<ul class=\"wp-block-list\"><div class=\"container\" data-aos=\"fade-right\"><div class=\"row\"><div class=\"medium-large-full\" >\n<li class=\"has-small-font-size\"><a href=\"https:\/\/equasens.com\/wp-content\/uploads\/2023\/05\/URD_-_EQUASENS_2022_202304281206.pdf\" target=\"_blank\" rel=\"noreferrer noopener\">Version fran\u00e7aise<\/a><\/li>\n<\/div><\/div><\/div>\n\n<div class=\"container\" data-aos=\"fade-right\"><div class=\"row\"><div class=\"medium-large-full\" >\n<li class=\"has-small-font-size\"><a href=\"https:\/\/equasens.com\/wp-content\/uploads\/2023\/08\/URD_-_EQUASENS_2022_-_UK_202308291702.pdf\" target=\"_blank\" rel=\"noreferrer noopener\">English version<\/a><\/li>\n<\/div><\/div><\/div><\/ul>\n<\/div><\/div><\/div>\n\n<div class=\"container\" data-aos=\"fade-right\"><div class=\"row\"><div class=\"medium-large-full\" >\n<p>Revenue<\/p>\n<\/div><\/div><\/div>\n\n<div class=\"container\" data-aos=\"fade-right\"><div class=\"row\"><div class=\"medium-large-full\" >\n<ul class=\"wp-block-list\"><div class=\"container\" data-aos=\"fade-right\"><div class=\"row\"><div class=\"medium-large-full\" >\n<li class=\"has-small-font-size\"><a href=\"https:\/\/equasens.com\/wp-content\/uploads\/2023\/08\/EQUASENS_COMMUNIQUE_20230803_CA-S1-2023_def.pdf\" target=\"_blank\" rel=\"noreferrer noopener\">Version fran\u00e7aise<\/a><\/li>\n<\/div><\/div><\/div>\n\n<div class=\"container\" data-aos=\"fade-right\"><div class=\"row\"><div class=\"medium-large-full\" >\n<li class=\"has-small-font-size\"><a href=\"https:\/\/equasens.com\/wp-content\/uploads\/2023\/08\/EQUASENS_PRESSRELEASE_20230803_H1-2023-REVENUE_def.pdf\" target=\"_blank\" rel=\"noreferrer noopener\">English version<\/a><\/li>\n<\/div><\/div><\/div><\/ul>\n<\/div><\/div><\/div>\n\n<div class=\"container\" data-aos=\"fade-right\"><div class=\"row\"><div class=\"medium-large-full\" >\n<h2 class=\"wp-block-heading has-medium-font-size\"><strong>FINANCIAL ANALYSES<\/strong><\/h2>\n<\/div><\/div><\/div>\n\n<div class=\"container\" data-aos=\"fade-right\"><div class=\"row\"><div class=\"medium-large-full\" >\n<ul class=\"wp-block-list\"><div class=\"container\" data-aos=\"fade-right\"><div class=\"row\"><div class=\"medium-large-full\" >\n<li class=\"has-small-font-size\">T1 tr\u00e8s dynamique (Analyse Greensome Finance) &#8211; <a href=\"https:\/\/equasens.com\/wp-content\/uploads\/2023\/05\/EQUASENS-EQS_CA-T1-2023_GreenSome-Finance_20230511.pdf\" target=\"_blank\" rel=\"noreferrer noopener\">FR<\/a> \/ <a href=\"https:\/\/equasens.com\/wp-content\/uploads\/2023\/05\/EQUASENS-EQS_Sales-Q1-2023_GreenSome-Finance_20230511.pdf\" target=\"_blank\" rel=\"noreferrer noopener\">GB<\/a><\/li>\n<\/div><\/div><\/div>\n\n<div class=\"container\" data-aos=\"fade-right\"><div class=\"row\"><div class=\"medium-large-full\" >\n<li class=\"has-small-font-size\"><a href=\"https:\/\/equasens.com\/wp-content\/uploads\/2023\/05\/20230512-flash_T1-en-croissance-organique-double-digit.pdf\" target=\"_blank\" rel=\"noreferrer noopener\">T1 en croissance organique double digit (Flash Gilbert Dupont)<\/a><\/li>\n<\/div><\/div><\/div>\n\n<div class=\"container\" data-aos=\"fade-right\"><div class=\"row\"><div class=\"medium-large-full\" >\n<li class=\"has-small-font-size\"><a href=\"https:\/\/equasens.com\/wp-content\/uploads\/2023\/05\/EQUASENS-EQS_Acquisitions_GreenSome-Finance_20230406.pdf\" target=\"_blank\" rel=\"noreferrer noopener\">Acquisitions (Analyse Greensome Finance 06.04.2023)<\/a><\/li>\n<\/div><\/div><\/div>\n\n<div class=\"container\" data-aos=\"fade-right\"><div class=\"row\"><div class=\"medium-large-full\" >\n<li class=\"has-small-font-size\"><a href=\"https:\/\/equasens.com\/wp-content\/uploads\/2023\/03\/EQUASENS-EQS_Resultats-2022_GreenSome-Finance_20230326.pdf\" target=\"_blank\" rel=\"noreferrer noopener\">R\u00e9sultats 2022 : marges historiques au S2 ! (Analyse Greensome Finance 26.03.2023)<\/a><\/li>\n<\/div><\/div><\/div>\n\n<div class=\"container\" data-aos=\"fade-right\"><div class=\"row\"><div class=\"medium-large-full\" >\n<li class=\"has-small-font-size\"><a href=\"https:\/\/equasens.com\/wp-content\/uploads\/2023\/05\/20230327-flash_solide-publication.pdf\" target=\"_blank\" rel=\"noreferrer noopener\">Solide publication : MOC de 26,5% (Flash Gilbert Dupont)<\/a><\/li>\n<\/div><\/div><\/div>\n\n<div class=\"container\" data-aos=\"fade-right\"><div class=\"row\"><div class=\"medium-large-full\" >\n<li class=\"has-small-font-size\"><a href=\"https:\/\/equasens.com\/wp-content\/uploads\/2023\/03\/EQUASENS-EQS_CA-2022_GreenSome-Finance_20230203.pdf\" target=\"_blank\" rel=\"noreferrer noopener\">CA 2022 : les records sont faits pour \u00eatre battus ! (Analyse Greensome Finance 03.02.2023)<\/a><\/li>\n<\/div><\/div><\/div>\n\n<div class=\"container\" data-aos=\"fade-right\"><div class=\"row\"><div class=\"medium-large-full\" >\n<li class=\"has-small-font-size\"><a href=\"https:\/\/equasens.com\/investisseurs\/analyses-financieres\/\" target=\"_blank\" rel=\"noreferrer noopener\">Toutes les analyses financi\u00e8res<\/a><\/li>\n<\/div><\/div><\/div><\/ul>\n<\/div><\/div><\/div>\n\n<div class=\"container\" data-aos=\"fade-right\"><div class=\"row\"><div class=\"medium-large-full\" >\n<div style=\"height:0px\" aria-hidden=\"true\" class=\"wp-block-spacer\"><\/div>\n<\/div><\/div><\/div>\n\n<div class=\"container\" data-aos=\"fade-right\"><div class=\"row\"><div class=\"medium-large-full\" >\n<h2 class=\"wp-block-heading has-medium-font-size\"><strong>DIVIS<\/strong>IONS NEWS<\/h2>\n<\/div><\/div><\/div>\n\n<div class=\"container\" data-aos=\"fade-right\"><div class=\"row\"><div class=\"medium-large-full\" >\n<h1 class=\"wp-block-heading has-small-font-size\">EXTERNAL GROWTH<\/h1>\n<\/div><\/div><\/div>\n\n<div class=\"container\" data-aos=\"fade-right\"><div class=\"row\"><div class=\"medium-large-full\" >\n<ul class=\"has-small-font-size wp-block-list\"><div class=\"container\" data-aos=\"fade-right\"><div class=\"row\"><div class=\"medium-large-full\" >\n<li><a href=\"https:\/\/equasens.com\/wp-content\/uploads\/2023\/04\/EQUASENS_COMMUNIQUE_20230406_Atoopharm-rejoint-Equasens_def.pdf\" target=\"_blank\" rel=\"noreferrer noopener\">Atoopharm, le sp\u00e9cialiste e-learning de la formation officinale, rejoint le Groupe Equasens <\/a>(English version)<\/li>\n<\/div><\/div><\/div>\n\n<div class=\"container\" data-aos=\"fade-right\"><div class=\"row\"><div class=\"medium-large-full\" >\n<li><a href=\"https:\/\/equasens.com\/wp-content\/uploads\/2023\/04\/EQUASENS_COMMUNIQUE_20230331_Pratilog_Speech2Sense_def.pdf\" target=\"_blank\" rel=\"noreferrer noopener\">Pratilog et Speech2Sense viennent renforcer la Division Medical Solutions du Groupe Equasens <\/a><a href=\"https:\/\/equasens.com\/wp-content\/uploads\/2023\/04\/EQUASENS_PRESSRELEASE_20230403_Pratilog_Speech2Sense_en_US.pdf\" target=\"_blank\" rel=\"noreferrer noopener\">(English version)<\/a><\/li>\n<\/div><\/div><\/div><\/ul>\n<\/div><\/div><\/div>\n\n<div class=\"container\" data-aos=\"fade-right\"><div class=\"row\"><div class=\"medium-large-full\" >\n<h1 class=\"wp-block-heading has-small-font-size\">REFERENCES AND CERTIFICATIONS<\/h1>\n<\/div><\/div><\/div>\n\n<div class=\"container\" data-aos=\"fade-right\"><div class=\"row\"><div class=\"medium-large-full\" >\n<ul class=\"wp-block-list\"><div class=\"container\" data-aos=\"fade-right\"><div class=\"row\"><div class=\"medium-large-full\" >\n<li class=\"has-small-font-size\"><a href=\"https:\/\/equasens.com\/wp-content\/uploads\/2022\/06\/EQUASENS_COMMUNIQUE_20220603_PROKOV-SEGUR_def.pdf\" target=\"_blank\" rel=\"noreferrer noopener\">M\u00e9diStory 4, Premier logiciel m\u00e9decin r\u00e9f\u00e9renc\u00e9 S\u00e9gur !<\/a><\/li>\n<\/div><\/div><\/div>\n\n<div class=\"container\" data-aos=\"fade-right\"><div class=\"row\"><div class=\"medium-large-full\" >\n<li class=\"has-small-font-size\"><a href=\"https:\/\/equasens.com\/wp-content\/uploads\/2022\/06\/EQUASENS_COMMUNIQUE_20220615_DICSIT-SEGUR_def.pdf\" target=\"_blank\" rel=\"noreferrer noopener\">DOMILINK HAD, Premier Dossier Patient Informatis\u00e9 destin\u00e9 aux services d\u2019Hospitalisation \u00e0 Domicile triplement r\u00e9f\u00e9renc\u00e9 SEGUR<\/a><\/li>\n<\/div><\/div><\/div>\n\n<div class=\"container\" data-aos=\"fade-right\"><div class=\"row\"><div class=\"medium-large-full\" >\n<li class=\"has-small-font-size\"><a href=\"https:\/\/equasens.com\/wp-content\/uploads\/2022\/10\/EQUASENS_COMMUNIQUE_20221018_PandaLab-Certifications-ISO-HDS_def.pdf\" target=\"_blank\" rel=\"noreferrer noopener\">PANDALAB certifi\u00e9 ISO 27001 et HDS<\/a><\/li>\n<\/div><\/div><\/div><\/ul>\n<\/div><\/div><\/div><\/div>\n<\/div>\n<\/div><\/div><\/div><div class=\"container\" data-aos=\"fade-right\"><div class=\"row\"><div class=\"medium-large-full\" >\n<p><\/p>\n<\/div><\/div><\/div>\n<section id=\"pages-block_26360b578a496c8c23ee5b2d03cdf437\" class=\"block-pages text-align-left\">\n\t<div class=\"container\">\n\t\t<div class=\"row medium-half large-fourth\">\n            \t\t<\/div>\n\t<\/div>\n<\/section>\n<div class=\"container\" data-aos=\"fade-right\"><div class=\"row\"><div class=\"medium-large-full\" >\n<div style=\"height:48px\" aria-hidden=\"true\" class=\"wp-block-spacer\"><\/div>\n<\/div><\/div><\/div><div class=\"container\" data-aos=\"fade-right\"><div class=\"row\"><div class=\"medium-large-full\" >\n<h5 class=\"wp-block-heading has-text-align-center\"><\/h5>\n<\/div><\/div><\/div><div class=\"container\" data-aos=\"fade-right\"><div class=\"row\"><div class=\"medium-large-full\" >\n<div style=\"height:48px\" aria-hidden=\"true\" class=\"wp-block-spacer\"><\/div>\n<\/div><\/div><\/div><div class=\"container\" data-aos=\"fade-right\"><div class=\"row\"><div class=\"medium-large-full\" >\n<div style=\"height:48px\" aria-hidden=\"true\" class=\"wp-block-spacer\"><\/div>\n<\/div><\/div><\/div>","protected":false},"excerpt":{"rendered":"<p>EQUASENS Listed on Euronext Paris\u2122 \u2013 Compartiment AIndices : MSCI GLOBAL SMALL CAP \u2013 GA\u00cfA Index 2020 \u2013 CAC\u00ae\u00a0SMALL et CAC\u00ae\u00a0All-Tradable par inclusionIntegrated into label European Rising TechEligible au Service de R\u00e8glement Diff\u00e9r\u00e9 (SRD) et au dispositif PEA-PMEISIN : FR 0012882389 &#8211; Code Mn\u00e9monique : EQS equasens.com\/wp-content\/uploads\/2023\/08\/EQUASENS_PRESSRELEASE_20230803_H1-2023-REVENUE_def.pdf(ouvre un nouvel onglet) EQUASENS int\u00e8gre le nouveau segment [&hellip;]<\/p>\n","protected":false},"author":9,"featured_media":0,"parent":0,"menu_order":0,"comment_status":"closed","ping_status":"closed","template":"","meta":{"_acf_changed":false,"footnotes":""},"class_list":["post-11073","page","type-page","status-publish","hentry"],"acf":[],"yoast_head":"<!-- This site is optimized with the Yoast SEO plugin v27.3 - https:\/\/yoast.com\/product\/yoast-seo-wordpress\/ -->\n<title>Finance - Equasens - Acteur structurant de solutions pour les professionnels de sant\u00e9<\/title>\n<meta name=\"robots\" content=\"index, follow, max-snippet:-1, max-image-preview:large, max-video-preview:-1\" \/>\n<link rel=\"canonical\" href=\"https:\/\/equasens.com\/de\/finance\/\" \/>\n<meta property=\"og:locale\" content=\"de_DE\" \/>\n<meta property=\"og:type\" content=\"article\" \/>\n<meta property=\"og:title\" content=\"Finance - Equasens - Acteur structurant de solutions pour les professionnels de sant\u00e9\" \/>\n<meta property=\"og:description\" content=\"EQUASENS Listed on Euronext Paris\u2122 \u2013 Compartiment AIndices : MSCI GLOBAL SMALL CAP \u2013 GA\u00cfA Index 2020 \u2013 CAC\u00ae\u00a0SMALL et CAC\u00ae\u00a0All-Tradable par inclusionIntegrated into label European Rising TechEligible au Service de R\u00e8glement Diff\u00e9r\u00e9 (SRD) et au dispositif PEA-PMEISIN : FR 0012882389 &#8211; Code Mn\u00e9monique : EQS equasens.com\/wp-content\/uploads\/2023\/08\/EQUASENS_PRESSRELEASE_20230803_H1-2023-REVENUE_def.pdf(ouvre un nouvel onglet) EQUASENS int\u00e8gre le nouveau segment [&hellip;]\" \/>\n<meta property=\"og:url\" content=\"https:\/\/equasens.com\/de\/finance\/\" \/>\n<meta property=\"og:site_name\" content=\"Equasens - Acteur structurant de solutions pour les professionnels de sant\u00e9\" \/>\n<meta property=\"article:modified_time\" content=\"2023-11-29T13:48:00+00:00\" \/>\n<meta property=\"og:image\" content=\"https:\/\/equasens.com\/wp-content\/uploads\/2022\/05\/Espace_actionnaires.png\" \/>\n<meta name=\"twitter:card\" content=\"summary_large_image\" \/>\n<meta name=\"twitter:label1\" content=\"Gesch\u00e4tzte Lesezeit\" \/>\n\t<meta name=\"twitter:data1\" content=\"1\u00a0Minute\" \/>\n<script type=\"application\/ld+json\" class=\"yoast-schema-graph\">{\"@context\":\"https:\\\/\\\/schema.org\",\"@graph\":[{\"@type\":\"WebPage\",\"@id\":\"https:\\\/\\\/equasens.com\\\/de\\\/finance\\\/\",\"url\":\"https:\\\/\\\/equasens.com\\\/de\\\/finance\\\/\",\"name\":\"Finance - Equasens - Acteur structurant de solutions pour les professionnels de sant\u00e9\",\"isPartOf\":{\"@id\":\"https:\\\/\\\/equasens.com\\\/de\\\/#website\"},\"primaryImageOfPage\":{\"@id\":\"https:\\\/\\\/equasens.com\\\/de\\\/finance\\\/#primaryimage\"},\"image\":{\"@id\":\"https:\\\/\\\/equasens.com\\\/de\\\/finance\\\/#primaryimage\"},\"thumbnailUrl\":\"http:\\\/\\\/equasens.com\\\/wp-content\\\/uploads\\\/2022\\\/05\\\/Espace_actionnaires.png\",\"datePublished\":\"2023-09-12T08:46:40+00:00\",\"dateModified\":\"2023-11-29T13:48:00+00:00\",\"breadcrumb\":{\"@id\":\"https:\\\/\\\/equasens.com\\\/de\\\/finance\\\/#breadcrumb\"},\"inLanguage\":\"de\",\"potentialAction\":[{\"@type\":\"ReadAction\",\"target\":[\"https:\\\/\\\/equasens.com\\\/de\\\/finance\\\/\"]}]},{\"@type\":\"ImageObject\",\"inLanguage\":\"de\",\"@id\":\"https:\\\/\\\/equasens.com\\\/de\\\/finance\\\/#primaryimage\",\"url\":\"http:\\\/\\\/equasens.com\\\/wp-content\\\/uploads\\\/2022\\\/05\\\/Espace_actionnaires.png\",\"contentUrl\":\"http:\\\/\\\/equasens.com\\\/wp-content\\\/uploads\\\/2022\\\/05\\\/Espace_actionnaires.png\"},{\"@type\":\"BreadcrumbList\",\"@id\":\"https:\\\/\\\/equasens.com\\\/de\\\/finance\\\/#breadcrumb\",\"itemListElement\":[{\"@type\":\"ListItem\",\"position\":1,\"name\":\"Home\",\"item\":\"https:\\\/\\\/equasens.com\\\/de\\\/\"},{\"@type\":\"ListItem\",\"position\":2,\"name\":\"Finance\"}]},{\"@type\":\"WebSite\",\"@id\":\"https:\\\/\\\/equasens.com\\\/de\\\/#website\",\"url\":\"https:\\\/\\\/equasens.com\\\/de\\\/\",\"name\":\"Equasens - Acteur structurant de solutions pour les professionnels de sant\u00e9\",\"description\":\"Plus de technologie pour plus d&#039;humain\",\"publisher\":{\"@id\":\"https:\\\/\\\/equasens.com\\\/de\\\/#organization\"},\"potentialAction\":[{\"@type\":\"SearchAction\",\"target\":{\"@type\":\"EntryPoint\",\"urlTemplate\":\"https:\\\/\\\/equasens.com\\\/de\\\/?s={search_term_string}\"},\"query-input\":{\"@type\":\"PropertyValueSpecification\",\"valueRequired\":true,\"valueName\":\"search_term_string\"}}],\"inLanguage\":\"de\"},{\"@type\":\"Organization\",\"@id\":\"https:\\\/\\\/equasens.com\\\/de\\\/#organization\",\"name\":\"Equasens - Acteur structurant de solutions pour les professionnels de sant\u00e9\",\"url\":\"https:\\\/\\\/equasens.com\\\/de\\\/\",\"logo\":{\"@type\":\"ImageObject\",\"inLanguage\":\"de\",\"@id\":\"https:\\\/\\\/equasens.com\\\/de\\\/#\\\/schema\\\/logo\\\/image\\\/\",\"url\":\"https:\\\/\\\/equasens.com\\\/wp-content\\\/uploads\\\/2022\\\/05\\\/cropped-logoequasens.png\",\"contentUrl\":\"https:\\\/\\\/equasens.com\\\/wp-content\\\/uploads\\\/2022\\\/05\\\/cropped-logoequasens.png\",\"width\":385,\"height\":226,\"caption\":\"Equasens - Acteur structurant de solutions pour les professionnels de sant\u00e9\"},\"image\":{\"@id\":\"https:\\\/\\\/equasens.com\\\/de\\\/#\\\/schema\\\/logo\\\/image\\\/\"}}]}<\/script>\n<!-- \/ Yoast SEO plugin. -->","yoast_head_json":{"title":"Finance - Equasens - Acteur structurant de solutions pour les professionnels de sant\u00e9","robots":{"index":"index","follow":"follow","max-snippet":"max-snippet:-1","max-image-preview":"max-image-preview:large","max-video-preview":"max-video-preview:-1"},"canonical":"https:\/\/equasens.com\/de\/finance\/","og_locale":"de_DE","og_type":"article","og_title":"Finance - Equasens - Acteur structurant de solutions pour les professionnels de sant\u00e9","og_description":"EQUASENS Listed on Euronext Paris\u2122 \u2013 Compartiment AIndices : MSCI GLOBAL SMALL CAP \u2013 GA\u00cfA Index 2020 \u2013 CAC\u00ae\u00a0SMALL et CAC\u00ae\u00a0All-Tradable par inclusionIntegrated into label European Rising TechEligible au Service de R\u00e8glement Diff\u00e9r\u00e9 (SRD) et au dispositif PEA-PMEISIN : FR 0012882389 &#8211; Code Mn\u00e9monique : EQS equasens.com\/wp-content\/uploads\/2023\/08\/EQUASENS_PRESSRELEASE_20230803_H1-2023-REVENUE_def.pdf(ouvre un nouvel onglet) EQUASENS int\u00e8gre le nouveau segment [&hellip;]","og_url":"https:\/\/equasens.com\/de\/finance\/","og_site_name":"Equasens - Acteur structurant de solutions pour les professionnels de sant\u00e9","article_modified_time":"2023-11-29T13:48:00+00:00","og_image":[{"url":"https:\/\/equasens.com\/wp-content\/uploads\/2022\/05\/Espace_actionnaires.png","type":"","width":"","height":""}],"twitter_card":"summary_large_image","twitter_misc":{"Gesch\u00e4tzte Lesezeit":"1\u00a0Minute"},"schema":{"@context":"https:\/\/schema.org","@graph":[{"@type":"WebPage","@id":"https:\/\/equasens.com\/de\/finance\/","url":"https:\/\/equasens.com\/de\/finance\/","name":"Finance - Equasens - Acteur structurant de solutions pour les professionnels de sant\u00e9","isPartOf":{"@id":"https:\/\/equasens.com\/de\/#website"},"primaryImageOfPage":{"@id":"https:\/\/equasens.com\/de\/finance\/#primaryimage"},"image":{"@id":"https:\/\/equasens.com\/de\/finance\/#primaryimage"},"thumbnailUrl":"http:\/\/equasens.com\/wp-content\/uploads\/2022\/05\/Espace_actionnaires.png","datePublished":"2023-09-12T08:46:40+00:00","dateModified":"2023-11-29T13:48:00+00:00","breadcrumb":{"@id":"https:\/\/equasens.com\/de\/finance\/#breadcrumb"},"inLanguage":"de","potentialAction":[{"@type":"ReadAction","target":["https:\/\/equasens.com\/de\/finance\/"]}]},{"@type":"ImageObject","inLanguage":"de","@id":"https:\/\/equasens.com\/de\/finance\/#primaryimage","url":"http:\/\/equasens.com\/wp-content\/uploads\/2022\/05\/Espace_actionnaires.png","contentUrl":"http:\/\/equasens.com\/wp-content\/uploads\/2022\/05\/Espace_actionnaires.png"},{"@type":"BreadcrumbList","@id":"https:\/\/equasens.com\/de\/finance\/#breadcrumb","itemListElement":[{"@type":"ListItem","position":1,"name":"Home","item":"https:\/\/equasens.com\/de\/"},{"@type":"ListItem","position":2,"name":"Finance"}]},{"@type":"WebSite","@id":"https:\/\/equasens.com\/de\/#website","url":"https:\/\/equasens.com\/de\/","name":"Equasens - Acteur structurant de solutions pour les professionnels de sant\u00e9","description":"Plus de technologie pour plus d&#039;humain","publisher":{"@id":"https:\/\/equasens.com\/de\/#organization"},"potentialAction":[{"@type":"SearchAction","target":{"@type":"EntryPoint","urlTemplate":"https:\/\/equasens.com\/de\/?s={search_term_string}"},"query-input":{"@type":"PropertyValueSpecification","valueRequired":true,"valueName":"search_term_string"}}],"inLanguage":"de"},{"@type":"Organization","@id":"https:\/\/equasens.com\/de\/#organization","name":"Equasens - Acteur structurant de solutions pour les professionnels de sant\u00e9","url":"https:\/\/equasens.com\/de\/","logo":{"@type":"ImageObject","inLanguage":"de","@id":"https:\/\/equasens.com\/de\/#\/schema\/logo\/image\/","url":"https:\/\/equasens.com\/wp-content\/uploads\/2022\/05\/cropped-logoequasens.png","contentUrl":"https:\/\/equasens.com\/wp-content\/uploads\/2022\/05\/cropped-logoequasens.png","width":385,"height":226,"caption":"Equasens - Acteur structurant de solutions pour les professionnels de sant\u00e9"},"image":{"@id":"https:\/\/equasens.com\/de\/#\/schema\/logo\/image\/"}}]}},"rttpg_featured_image_url":null,"rttpg_author":{"display_name":"Juan CORREA","author_link":"https:\/\/equasens.com\/de\/author\/jcorrea\/"},"rttpg_comment":0,"rttpg_category":" <a href=\"https:\/\/equasens.com\/de\/?taxonomy=translation_priority&#038;term=erforderlich\" rel=\"tag\">Erforderlich<\/a>","rttpg_excerpt":"EQUASENS Listed on Euronext Paris\u2122 \u2013 Compartiment AIndices : MSCI GLOBAL SMALL CAP \u2013 GA\u00cfA Index 2020 \u2013 CAC\u00ae\u00a0SMALL et CAC\u00ae\u00a0All-Tradable par inclusionIntegrated into label European Rising TechEligible au Service de R\u00e8glement Diff\u00e9r\u00e9 (SRD) et au dispositif PEA-PMEISIN : FR 0012882389 &#8211; Code Mn\u00e9monique : EQS equasens.com\/wp-content\/uploads\/2023\/08\/EQUASENS_PRESSRELEASE_20230803_H1-2023-REVENUE_def.pdf(ouvre un nouvel onglet) EQUASENS int\u00e8gre le nouveau segment&hellip;","_links":{"self":[{"href":"https:\/\/equasens.com\/de\/wp-json\/wp\/v2\/pages\/11073","targetHints":{"allow":["GET"]}}],"collection":[{"href":"https:\/\/equasens.com\/de\/wp-json\/wp\/v2\/pages"}],"about":[{"href":"https:\/\/equasens.com\/de\/wp-json\/wp\/v2\/types\/page"}],"author":[{"embeddable":true,"href":"https:\/\/equasens.com\/de\/wp-json\/wp\/v2\/users\/9"}],"replies":[{"embeddable":true,"href":"https:\/\/equasens.com\/de\/wp-json\/wp\/v2\/comments?post=11073"}],"version-history":[{"count":3,"href":"https:\/\/equasens.com\/de\/wp-json\/wp\/v2\/pages\/11073\/revisions"}],"predecessor-version":[{"id":11076,"href":"https:\/\/equasens.com\/de\/wp-json\/wp\/v2\/pages\/11073\/revisions\/11076"}],"wp:attachment":[{"href":"https:\/\/equasens.com\/de\/wp-json\/wp\/v2\/media?parent=11073"}],"curies":[{"name":"wp","href":"https:\/\/api.w.org\/{rel}","templated":true}]}}